{"id":2581,"date":"2019-06-26T16:25:47","date_gmt":"2019-06-26T19:25:47","guid":{"rendered":"https:\/\/saude.ufpr.br\/terapiaocupacional\/?page_id=2581"},"modified":"2021-06-23T14:59:37","modified_gmt":"2021-06-23T17:59:37","slug":"departamentos","status":"publish","type":"page","link":"https:\/\/saude.ufpr.br\/terapiaocupacional\/ppc\/departamentos\/","title":{"rendered":"Departamentos que Ofertam Disciplinas ao Curso"},"content":{"rendered":"\n<table id=\"tablepress-4\" class=\"tablepress tablepress-id-4\">\n<thead>\n<tr class=\"row-1\">\n\t<th class=\"column-1\">DISCIPLINAS<\/th><th class=\"column-2\">DEPARTAMENTO<\/th><th class=\"column-3\">TELEFONE<\/th><th class=\"column-4\">E-MAIL<\/th><th class=\"column-5\">SITE<\/th>\n<\/tr>\n<\/thead>\n<tbody class=\"row-striping row-hover\">\n<tr class=\"row-2\">\n\t<td class=\"column-1\">BA025, BA026, BA051 e BA052<\/td><td class=\"column-2\">ANATOMIA (DANAT)<\/td><td class=\"column-3\">(41) 3361-1679<\/td><td class=\"column-4\">ufpranatomia@gmail.com<\/td><td class=\"column-5\">http:\/\/www.bio.ufpr.br\/anatomia\/<\/td>\n<\/tr>\n<tr class=\"row-3\">\n\t<td class=\"column-1\">HS035 e HS184<\/td><td class=\"column-2\">ANTROPOLOGIA (DEAN)<\/td><td class=\"column-3\">(41) 3360-5106<\/td><td class=\"column-4\">dean@ufpr.br<\/td><td class=\"column-5\">http:\/\/www.humanas.ufpr.br\/antropologia\/<\/td>\n<\/tr>\n<tr class=\"row-4\">\n\t<td class=\"column-1\">BC033 e BC068<\/td><td class=\"column-2\">BIOLOGIA CELULAR (DBIOCEL)<\/td><td class=\"column-3\">(41) 3361-1682<\/td><td class=\"column-4\">biocel@ufpr.br \/ dbiocelufpr@gmail.com<\/td><td class=\"column-5\">http:\/\/www.bio.ufpr.br\/biologiacelular\/<\/td>\n<\/tr>\n<tr class=\"row-5\">\n\t<td class=\"column-1\">BQ053 e BQ066<\/td><td class=\"column-2\">BIOQU\u00cdMICA E BIOLOGIA MOLECULAR (DBIOQ)<\/td><td class=\"column-3\">(41) 3361-1660<\/td><td class=\"column-4\">bioqui@ufpr.br<\/td><td class=\"column-5\">http:\/\/www.bio.ufpr.br\/bioquimica\/<\/td>\n<\/tr>\n<tr class=\"row-6\">\n\t<td class=\"column-1\">MC600 e MC601<\/td><td class=\"column-2\">CIRURGIA (DCIR)<\/td><td class=\"column-3\">(41) 3360-1866<\/td><td class=\"column-4\">departamentodecirurgia@ufpr.br<\/td><td class=\"column-5\"><\/td>\n<\/tr>\n<tr class=\"row-7\">\n\t<td class=\"column-1\">BT026<\/td><td class=\"column-2\">FARMACOLOGIA (DFARM)<\/td><td class=\"column-3\">(41) 3361-1739<\/td><td class=\"column-4\">farmacologia@ufpr.br<\/td><td class=\"column-5\"><\/td>\n<\/tr>\n<tr class=\"row-8\">\n\t<td class=\"column-1\">BF044 e BF091<\/td><td class=\"column-2\">FISIOLOGIA (DFISIO)<\/td><td class=\"column-3\">(41) 3361-1714<\/td><td class=\"column-4\">fisiologia@ufpr.br<\/td><td class=\"column-5\">http:\/\/www.bio.ufpr.br\/fisiologia\/<\/td>\n<\/tr>\n<tr class=\"row-9\">\n\t<td class=\"column-1\">LIB037 e LIB038<\/td><td class=\"column-2\">COORDENA\u00c7\u00c3O DO CURSO DE LETRAS L\u00cdNGUA BRASILEIRA DE SINAIS - LIBRAS (CCLLLBS)<\/td><td class=\"column-3\">(41) 3360-5061<\/td><td class=\"column-4\">letraslibras@ufpr.br \/ coord.letraslibras.ufpr@gmail.com<\/td><td class=\"column-5\">http:\/\/www.letraslibras.ufpr.br<\/td>\n<\/tr>\n<tr class=\"row-10\">\n\t<td class=\"column-1\">MF025 e MF061<\/td><td class=\"column-2\">MEDICINA FORENSE E PSIQUIATRIA (DMFP)<\/td><td class=\"column-3\">(41) 3360-7233<\/td><td class=\"column-4\">dmfp@ufpr.br<\/td><td class=\"column-5\"><\/td>\n<\/tr>\n<tr class=\"row-11\">\n\t<td class=\"column-1\">BP032 e BP076<\/td><td class=\"column-2\">PATOLOGIA B\u00c1SICA (DPAT)<\/td><td class=\"column-3\">(41) 3361-1697<\/td><td class=\"column-4\">dpat@ufpr.br<\/td><td class=\"column-5\">http:\/\/www.bio.ufpr.br\/patologiabasica\/<\/td>\n<\/tr>\n<tr class=\"row-12\">\n\t<td class=\"column-1\">HP330 e HP298<\/td><td class=\"column-2\">PSICOLOGIA (DEPSI)<\/td><td class=\"column-3\">(41) 3310-2625<\/td><td class=\"column-4\">depsi@ufpr.br<\/td><td class=\"column-5\">http:\/\/www.humanas.ufpr.br\/psicologia\/<\/td>\n<\/tr>\n<tr class=\"row-13\">\n\t<td class=\"column-1\">MS031, MS048, MS054, MS093, MS107, MS108, MS109, MS110 e MS130<\/td><td class=\"column-2\">SA\u00daDE COLETIVA (DSC)<\/td><td class=\"column-3\">(41) 3360-7241<\/td><td class=\"column-4\">saudecom@ufpr.br<\/td><td class=\"column-5\">https:\/\/saude.ufpr.br\/saudecoletiva\/<\/td>\n<\/tr>\n<tr class=\"row-14\">\n\t<td class=\"column-1\">HC248 e HC656<\/td><td class=\"column-2\">SOCIOLOGIA (DECISO)<\/td><td class=\"column-3\">(41) 3360-5093<\/td><td class=\"column-4\">deciso@ufpr.br<\/td><td class=\"column-5\">http:\/\/www.humanas.ufpr.br\/deciso\/<\/td>\n<\/tr>\n<tr class=\"row-15\">\n\t<td class=\"column-1\">Todas as STO<\/td><td class=\"column-2\">TERAPIA OCUPACIONAL (DTO)<\/td><td class=\"column-3\">(41) 3361-3780<\/td><td class=\"column-4\">depteroc@gmail.com<\/td><td class=\"column-5\">https:\/\/saude.ufpr.br\/terapiaocupacional\/departamento\/<\/td>\n<\/tr>\n<\/tbody>\n<\/table>\n<!-- #tablepress-4 from cache -->\n","protected":false},"excerpt":{"rendered":"","protected":false},"author":1636,"featured_media":0,"parent":1214,"menu_order":0,"comment_status":"closed","ping_status":"closed","template":"","meta":{"_acf_changed":false,"_uag_custom_page_level_css":"","footnotes":""},"class_list":["post-2581","page","type-page","status-publish","hentry"],"acf":[],"featured_image_src":null,"uagb_featured_image_src":{"full":false,"thumbnail":false,"medium":false,"medium_large":false,"large":false,"1536x1536":false,"2048x2048":false},"uagb_author_info":{"display_name":"Matheus Oliveira K\u00fchn","author_link":"https:\/\/saude.ufpr.br\/terapiaocupacional\/author\/matheus\/"},"uagb_comment_info":0,"uagb_excerpt":null,"publishpress_future_action":{"enabled":false,"date":"2026-04-11 05:14:01","action":"change-status","newStatus":"draft","terms":[],"taxonomy":"","extraData":[]},"publishpress_future_workflow_manual_trigger":{"enabledWorkflows":[]},"_links":{"self":[{"href":"https:\/\/saude.ufpr.br\/terapiaocupacional\/wp-json\/wp\/v2\/pages\/2581","targetHints":{"allow":["GET"]}}],"collection":[{"href":"https:\/\/saude.ufpr.br\/terapiaocupacional\/wp-json\/wp\/v2\/pages"}],"about":[{"href":"https:\/\/saude.ufpr.br\/terapiaocupacional\/wp-json\/wp\/v2\/types\/page"}],"author":[{"embeddable":true,"href":"https:\/\/saude.ufpr.br\/terapiaocupacional\/wp-json\/wp\/v2\/users\/1636"}],"replies":[{"embeddable":true,"href":"https:\/\/saude.ufpr.br\/terapiaocupacional\/wp-json\/wp\/v2\/comments?post=2581"}],"version-history":[{"count":7,"href":"https:\/\/saude.ufpr.br\/terapiaocupacional\/wp-json\/wp\/v2\/pages\/2581\/revisions"}],"predecessor-version":[{"id":4112,"href":"https:\/\/saude.ufpr.br\/terapiaocupacional\/wp-json\/wp\/v2\/pages\/2581\/revisions\/4112"}],"up":[{"embeddable":true,"href":"https:\/\/saude.ufpr.br\/terapiaocupacional\/wp-json\/wp\/v2\/pages\/1214"}],"wp:attachment":[{"href":"https:\/\/saude.ufpr.br\/terapiaocupacional\/wp-json\/wp\/v2\/media?parent=2581"}],"curies":[{"name":"wp","href":"https:\/\/api.w.org\/{rel}","templated":true}]}}