{"id":261,"date":"2016-05-20T19:35:59","date_gmt":"2016-05-20T19:35:59","guid":{"rendered":"https:\/\/saude.ufpr.br\/terapiaocupacional\/?page_id=261"},"modified":"2022-12-21T11:58:28","modified_gmt":"2022-12-21T14:58:28","slug":"to-na-ufpr","status":"publish","type":"page","link":"https:\/\/saude.ufpr.br\/terapiaocupacional\/to-na-ufpr\/","title":{"rendered":"Terapia Ocupacional na UFPR"},"content":{"rendered":"<p><span style=\"color: #000000\"><strong>O CURSO DE TERAPIA OCUPACIONAL DA UFPR<\/strong><\/span><\/p>\n<p><a href=\"https:\/\/saude.ufpr.br\/terapiaocupacional\/wp-content\/uploads\/sites\/5\/2016\/05\/pr\u00e9dio.png\"><img fetchpriority=\"high\" decoding=\"async\" class=\"alignnone size-full wp-image-607\" src=\"https:\/\/saude.ufpr.br\/terapiaocupacional\/wp-content\/uploads\/sites\/5\/2016\/05\/pr\u00e9dio.png\" alt=\"pr\u00e9dio\" width=\"225\" height=\"225\" srcset=\"https:\/\/saude.ufpr.br\/terapiaocupacional\/wp-content\/uploads\/sites\/5\/2016\/05\/pr\u00e9dio.png 225w, https:\/\/saude.ufpr.br\/terapiaocupacional\/wp-content\/uploads\/sites\/5\/2016\/05\/pr\u00e9dio-150x150.png 150w\" sizes=\"(max-width: 225px) 100vw, 225px\" \/><\/a><\/p>\n<p style=\"text-align: justify\"><span style=\"color: #000000\">No Estado do Paran\u00e1, o ensino de Terapia Ocupacional teve in\u00edcio em 1980. A necessidade do ensino p\u00fablico e gratuito na \u00e1rea da Terapia Ocupacional foi percebida pela Associa\u00e7\u00e3o Cultural de Terapeutas Ocupacionais do Paran\u00e1 (<a href=\"https:\/\/www.facebook.com\/actoep.terapeutasocupacionais\">ACTOEP<\/a>) e pela Associa\u00e7\u00e3o Brasileira de Terapeutas Ocupacionais (ABRATO) que solicitaram, em 1992, a abertura do curso na Universidade Federal do Paran\u00e1. \u00a0<\/span><\/p>\n<p style=\"text-align: justify\"><span style=\"color: #000000\">A necessidade do ensino p\u00fablico, gratuito e de qualidade na \u00e1rea da Terapia Ocupacional foi percebida pela Associa\u00e7\u00e3o Brasileira de Terapeutas Ocupacionais (<a href=\"http:\/\/www.abratobrasil.com.br\" target=\"_blank\" rel=\"noopener\">ABRATO<\/a>) e pela Associa\u00e7\u00e3o Cultural de Terapeutas Ocupacionais do Paran\u00e1 (<a href=\"https:\/\/www.facebook.com\/actoep.terapeutasocupacionais\" target=\"_blank\" rel=\"noopener\">ACTOEP<\/a>), que solicitaram em 1992 a abertura do curso na UFPR. A Universidade, sens\u00edvel a essa necessidade, entendeu a import\u00e2ncia de investimentos na Educa\u00e7\u00e3o tamb\u00e9m na \u00e1rea de Terapia Ocupacional com uma proposta da forma\u00e7\u00e3o de profissionais com senso de cidadania, solidariedade e envolvimento com o desenvolvimento social. Assim, criou o Curso de Terapia Ocupacional em 2000, com o ingresso da 1\u00aa turma em 2001,\u00a0sendo reconhecido pelo Minist\u00e9rio da Educa\u00e7\u00e3o em 2004.<\/span><\/p>\n<p style=\"text-align: justify\"><span style=\"color: #000000\">O curso foi definido como modalidade semestral, com dura\u00e7\u00e3o m\u00e1xima de 13 semestres e carga hor\u00e1ria de 3.915 horas, distribu\u00eddas em nove semestres, e oferta de 30 vagas anuais no per\u00edodo diurno.<\/span><\/p>\n<p><span style=\"color: #000000\">Em 2007, o curso aderiu ao Programa do Governo Federal de Apoio aos Planos de Reestrutura\u00e7\u00e3o e Expans\u00e3o das Universidades Federais Brasileiras \u2013 REUNI (Resolu\u00e7\u00e3o 81\/07 \u2013 COUN), com amplia\u00e7\u00e3o de vagas de 30 para 60 em 2009 e cria\u00e7\u00e3o de um curso noturno, com curr\u00edculo fixado pela Resolu\u00e7\u00e3o 28\/10 &#8211; CEPE, com 60 vagas e in\u00edcio no segundo semestre de 2011 e reconhecido pelo Minist\u00e9rio da Educa\u00e7\u00e3o em 2016 . O processo de expans\u00e3o contou com uma amplia\u00e7\u00e3o do quadro docente e t\u00e9cnico dos curso. <\/span><span style=\"color: #000000\">O Curso de Terapia Ocupacional no turno diurno formou a primeira turma no ano de 2005 e em 2016 ocorreu a formatura da primeira turma do Curso no turno noturno.<\/span><\/p>\n<p><span style=\"color: #000000\">O Departamento de Terapia Ocupacional foi criado em 2009 e, atualmente, \u00e9 composto por 24 docentes em regime de dedica\u00e7\u00e3o exclusiva, 1 docente em regime de 20h e 3 t\u00e9cnicas Terapeutas Ocupacionais.<\/span><\/p>\n<p style=\"text-align: justify\"><span style=\"color: #000000\">Em 2004, o Curso de Terapia Ocupacional da UFPR foi avaliado pelo ENADE e obteve conceito 5.\u00a0 No ano de 2007 obteve novamente o conceito 5, estando entre os 25 melhores cursos superiores do Brasil.<\/span><\/p>\n<p style=\"text-align: justify\"><span style=\"color: #000000\">No ano de 2009, o Curso recebeu a classifica\u00e7\u00e3o de 5 estrelas do Guia do Estudante (Melhores Universidades, da Editora Abril). No ano de 2019, recebeu a classifica\u00e7\u00e3o de 4 estrelas do Guia da Faculdade (Estad\u00e3o e Quero Educa\u00e7\u00e3o). No ano de 2020, recebeu a classifica\u00e7\u00e3o de 5 estrelas do Guia da Faculdade (Estad\u00e3o e Quero Educa\u00e7\u00e3o).<\/span><\/p>\n<p style=\"text-align: justify\"><span style=\"color: #000000\">O Curso foi filiado \u00e0 <em>World Federation of Occupational Therapy<\/em> (<a href=\"http:\/\/www.wfot.org\/\" target=\"_blank\" rel=\"noopener\">WFOT<\/a>), em 2005,\u00a0 por atender \u00e0s Normas preconizadas mundialmente para a forma\u00e7\u00e3o de terapeutas ocupacionais. A filia\u00e7\u00e3o \u00e0 WFOT permite aos discentes e egressos do Curso de Terapia Ocupacional da UFPR maiores possibilidades de trabalho e estudos no exterior.<\/span><\/p>\n<p style=\"text-align: justify\"><span style=\"color: #000000\">O Curso de Terapia Ocupacional se mant\u00eam em interlocu\u00e7\u00e3o constante com associa\u00e7\u00f5es culturais, cient\u00edficas e representativas de classe, de modo a proporcionar aos docentes atualiza\u00e7\u00e3o constante e inser\u00e7\u00e3o em debates e delibera\u00e7\u00f5es nacionais e internacionais, contribuindo para uma forma\u00e7\u00e3o de egressos comprometidos com o desenvolvimento t\u00e9cnico-cient\u00edfico e \u00e9tico-pol\u00edtico da profiss\u00e3o.<\/span><\/p>\n<div class=\"NTPm6 nQeuj a77MD\">\n<div class=\"emOrD uR605\">\n<div class=\"s8rZ5\">\n<div>\n<div class=\"iPBfK G8bTU NUbju\">\n<div class=\"iMFaY\">\n<div class=\"hXFUn uR605\">\n<div class=\"dZIwV densityMode\">\n<div class=\"uR605 RCfNE allowTextSelection\" title=\"Relat\u00f3rio Projeto 20 anos do Curso de Terapia ocupacional da UFPR\" role=\"heading\"><a href=\"https:\/\/saude.ufpr.br\/terapiaocupacional\/wp-content\/uploads\/sites\/5\/2022\/12\/Relatorio_Projeto_20_anos_Curso_Terapia_Ocupacional_UFPR1113.pdf\"><span class=\"uR605 UAxMv\">Relat\u00f3rio Projeto 20 anos do Curso de Terapia ocupacional da UFPR<\/span><\/a><\/div>\n<\/div>\n<\/div>\n<\/div>\n<\/div>\n<\/div>\n<\/div>\n<\/div>\n<\/div>\n<div class=\"L72vd\">\n<div class=\"Q8TCC yyYQP customScrollBar\" data-app-section=\"ConversationContainer\" data-is-scrollable=\"true\">\n<div>\n<div class=\"aVla3\">\n<div class=\"\">\n<div>\n<div class=\"wide-content-host\">\n<div class=\"SlLx9 isFirstCard byzS1\" aria-label=\"Mensagem de email\">\n<div>\n<div class=\"ze1hM IYppm\">\n<div class=\"ms-Persona-coin ms-Persona--size32 BQOiO coin-384\" role=\"presentation\">\n<div class=\"ms-Persona-imageArea imageArea-386\" role=\"presentation\">\n<div class=\"ms-Image ms-Persona-image image-557\"><img decoding=\"async\" class=\"ms-Image-image is-loaded ms-Image-image--cover ms-Image-image--portrait image-554\" src=\"https:\/\/outlook.office.com\/e58a5e79-5a9c-4a99-ad5d-e34639498986\" alt=\"\" \/><\/div>\n<\/div>\n<\/div>\n<\/div>\n<div class=\"DgV2h allowTextSelection IYppm\">\n<div class=\"AvaBt\">\n<div class=\"RMBIo k0jbO IYppm\"><\/div>\n<\/div>\n<\/div>\n<\/div>\n<\/div>\n<\/div>\n<\/div>\n<\/div>\n<\/div>\n<\/div>\n<\/div>\n<\/div>\n\n\t\t<style type=\"text\/css\">\n\t\t\t#gallery-1 {\n\t\t\t\tmargin: auto;\n\t\t\t}\n\t\t\t#gallery-1 .gallery-item {\n\t\t\t\tfloat: left;\n\t\t\t\tmargin-top: 10px;\n\t\t\t\ttext-align: center;\n\t\t\t\twidth: 33%;\n\t\t\t}\n\t\t\t#gallery-1 img {\n\t\t\t\tborder: 2px solid #cfcfcf;\n\t\t\t}\n\t\t\t#gallery-1 .gallery-caption {\n\t\t\t\tmargin-left: 0;\n\t\t\t}\n\t\t\t\/* see gallery_shortcode() in wp-includes\/media.php *\/\n\t\t<\/style>\n\t\t<div id='gallery-1' class='gallery galleryid-261 gallery-columns-3 gallery-size-thumbnail'><dl class='gallery-item'>\n\t\t\t<dt class='gallery-icon portrait'>\n\t\t\t\t<a href='https:\/\/saude.ufpr.br\/terapiaocupacional\/ppc\/guia-da-faculdade-2020\/'><img decoding=\"async\" width=\"150\" height=\"150\" src=\"https:\/\/saude.ufpr.br\/terapiaocupacional\/wp-content\/uploads\/sites\/5\/2020\/10\/Guia-da-Faculdade-2020-150x150.jpeg\" class=\"attachment-thumbnail size-thumbnail\" alt=\"Guia Quero \/ Estad\u00e3o da Faculdade - Terapia Ocupacional Bacharelado (5) estrelas amarelas - Universidade Federal do Paran\u00e1 - Curitiba - 2020\" \/><\/a>\n\t\t\t<\/dt><\/dl><dl class='gallery-item'>\n\t\t\t<dt class='gallery-icon portrait'>\n\t\t\t\t<a href='https:\/\/saude.ufpr.br\/terapiaocupacional\/ppc\/guia-da-faculdade-2019\/'><img decoding=\"async\" width=\"150\" height=\"150\" src=\"https:\/\/saude.ufpr.br\/terapiaocupacional\/wp-content\/uploads\/sites\/5\/2020\/10\/Guia-da-Faculdade-2019-150x150.jpg\" class=\"attachment-thumbnail size-thumbnail\" alt=\"Guia Quero \/ Estad\u00e3o da Faculdade - Terapia Ocupacional Bacharelado (4) estrelas amarelas - Universidade Federal do Paran\u00e1 - Curitiba - 2019\" \/><\/a>\n\t\t\t<\/dt><\/dl>\n\t\t\t<br style='clear: both' \/>\n\t\t<\/div>\n\n","protected":false},"excerpt":{"rendered":"<p>O CURSO DE TERAPIA OCUPACIONAL DA UFPR No Estado do Paran\u00e1, o ensino de Terapia Ocupacional teve in\u00edcio em 1980. A necessidade do ensino p\u00fablico e gratuito na \u00e1rea da Terapia Ocupacional foi percebida pela Associa\u00e7\u00e3o Cultural de Terapeutas Ocupacionais [&hellip;]<\/p>\n","protected":false},"author":8,"featured_media":0,"parent":0,"menu_order":0,"comment_status":"closed","ping_status":"closed","template":"","meta":{"_acf_changed":false,"_uag_custom_page_level_css":"","footnotes":""},"class_list":["post-261","page","type-page","status-publish","hentry"],"acf":[],"featured_image_src":null,"uagb_featured_image_src":{"full":false,"thumbnail":false,"medium":false,"medium_large":false,"large":false,"1536x1536":false,"2048x2048":false},"uagb_author_info":{"display_name":"caiubidysarz","author_link":"https:\/\/saude.ufpr.br\/terapiaocupacional\/author\/caiubidysarz\/"},"uagb_comment_info":0,"uagb_excerpt":"O CURSO DE TERAPIA OCUPACIONAL DA UFPR No Estado do Paran\u00e1, o ensino de Terapia Ocupacional teve in\u00edcio em 1980. A necessidade do ensino p\u00fablico e gratuito na \u00e1rea da Terapia Ocupacional foi percebida pela Associa\u00e7\u00e3o Cultural de Terapeutas Ocupacionais [&hellip;]","publishpress_future_action":{"enabled":false,"date":"2026-04-22 06:44:40","action":"change-status","newStatus":"draft","terms":[],"taxonomy":"","extraData":[]},"publishpress_future_workflow_manual_trigger":{"enabledWorkflows":[]},"_links":{"self":[{"href":"https:\/\/saude.ufpr.br\/terapiaocupacional\/wp-json\/wp\/v2\/pages\/261","targetHints":{"allow":["GET"]}}],"collection":[{"href":"https:\/\/saude.ufpr.br\/terapiaocupacional\/wp-json\/wp\/v2\/pages"}],"about":[{"href":"https:\/\/saude.ufpr.br\/terapiaocupacional\/wp-json\/wp\/v2\/types\/page"}],"author":[{"embeddable":true,"href":"https:\/\/saude.ufpr.br\/terapiaocupacional\/wp-json\/wp\/v2\/users\/8"}],"replies":[{"embeddable":true,"href":"https:\/\/saude.ufpr.br\/terapiaocupacional\/wp-json\/wp\/v2\/comments?post=261"}],"version-history":[{"count":29,"href":"https:\/\/saude.ufpr.br\/terapiaocupacional\/wp-json\/wp\/v2\/pages\/261\/revisions"}],"predecessor-version":[{"id":4469,"href":"https:\/\/saude.ufpr.br\/terapiaocupacional\/wp-json\/wp\/v2\/pages\/261\/revisions\/4469"}],"wp:attachment":[{"href":"https:\/\/saude.ufpr.br\/terapiaocupacional\/wp-json\/wp\/v2\/media?parent=261"}],"curies":[{"name":"wp","href":"https:\/\/api.w.org\/{rel}","templated":true}]}}