{"id":2779,"date":"2019-12-19T16:08:35","date_gmt":"2019-12-19T19:08:35","guid":{"rendered":"https:\/\/saude.ufpr.br\/terapiaocupacional\/?page_id=2779"},"modified":"2025-09-24T12:40:46","modified_gmt":"2025-09-24T15:40:46","slug":"colegiado","status":"publish","type":"page","link":"https:\/\/saude.ufpr.br\/terapiaocupacional\/coordenacao\/colegiado\/","title":{"rendered":"Colegiado do Curso de Terapia Ocupacional"},"content":{"rendered":"<p><a href=\"https:\/\/saude.ufpr.br\/terapiaocupacional\/wp-content\/uploads\/sites\/5\/2021\/06\/Regimento-do-Colegiado-Terapia-Ocupacional-Aprovado.pdf\">Regimento do Colegiado do Curso de Terapia Ocupacional<\/a><\/p>\n<h2>Membros do Colegiado<\/h2>\n\n<table id=\"tablepress-15\" class=\"tablepress tablepress-id-15\">\n<thead>\n<tr class=\"row-1\">\n\t<th class=\"column-1\">Titular<\/th><th class=\"column-2\">Suplente<\/th><th class=\"column-3\">V\u00ednculo<\/th><th class=\"column-4\">Portaria<\/th><th class=\"column-5\">In\u00edcio do Mandato<\/th><th class=\"column-6\">Final do Mandato<\/th>\n<\/tr>\n<\/thead>\n<tbody class=\"row-striping row-hover\">\n<tr class=\"row-2\">\n\t<td class=\"column-1\">Paloma Hohmann Poier<\/td><td class=\"column-2\">##<\/td><td class=\"column-3\">CCTO \/ DTO<\/td><td class=\"column-4\"><a href=\"https:\/\/sei.ufpr.br\/sei\/web\/controlador.php?acao=procedimento_trabalhar&amp;id_procedimento=3898286&amp;id_documento=8862512\" rel=\"noopener\" target=\"_blank\">PORTARIA N\u00ba 16, DE 22 DE SETEMBRO DE 2025<\/a><\/td><td class=\"column-5\">03\/03\/2025<\/td><td class=\"column-6\">02\/03\/2026<\/td>\n<\/tr>\n<tr class=\"row-3\">\n\t<td class=\"column-1\">Fernanda Capella Rugno<\/td><td class=\"column-2\">##<\/td><td class=\"column-3\">CCTO \/ DTO<\/td><td class=\"column-4\"><a href=\"https:\/\/sei.ufpr.br\/sei\/web\/controlador.php?acao=procedimento_trabalhar&amp;id_procedimento=3898286&amp;id_documento=8862512\" rel=\"noopener\" target=\"_blank\">PORTARIA N\u00ba 16, DE 22 DE SETEMBRO DE 2025<\/a><\/td><td class=\"column-5\">18\/09\/2025<\/td><td class=\"column-6\">02\/03\/2026<\/td>\n<\/tr>\n<tr class=\"row-4\">\n\t<td class=\"column-1\">Ayrton Alves Aranha Junior<\/td><td class=\"column-2\">Eduardo Jos\u00e9 Brommelstroet Ramos<\/td><td class=\"column-3\">DANAT<\/td><td class=\"column-4\"><a href=\"https:\/\/sei.ufpr.br\/sei\/web\/controlador.php?acao=procedimento_trabalhar&amp;id_procedimento=3898286&amp;id_documento=8862512\" rel=\"noopener\" target=\"_blank\">PORTARIA N\u00ba 16, DE 22 DE SETEMBRO DE 2025<\/a><\/td><td class=\"column-5\">03\/03\/2025<\/td><td class=\"column-6\">02\/03\/2026<\/td>\n<\/tr>\n<tr class=\"row-5\">\n\t<td class=\"column-1\">Mariana da Rocha Piemonte<\/td><td class=\"column-2\">Luiza Helena Gremski<\/td><td class=\"column-3\">DBIOCEL<\/td><td class=\"column-4\"><a href=\"https:\/\/sei.ufpr.br\/sei\/web\/controlador.php?acao=procedimento_trabalhar&amp;id_procedimento=3898286&amp;id_documento=8862512\" rel=\"noopener\" target=\"_blank\">PORTARIA N\u00ba 16, DE 22 DE SETEMBRO DE 2025<\/a><\/td><td class=\"column-5\">03\/03\/2025<\/td><td class=\"column-6\">02\/03\/2026<\/td>\n<\/tr>\n<tr class=\"row-6\">\n\t<td class=\"column-1\">Rose Adele Monteiro<\/td><td class=\"column-2\">Juliana Bello Baron Maurer<\/td><td class=\"column-3\">DBIOQ<\/td><td class=\"column-4\"><a href=\"https:\/\/sei.ufpr.br\/sei\/web\/controlador.php?acao=procedimento_trabalhar&amp;id_procedimento=3898286&amp;id_documento=8862512\" rel=\"noopener\" target=\"_blank\">PORTARIA N\u00ba 16, DE 22 DE SETEMBRO DE 2025<\/a><\/td><td class=\"column-5\">03\/03\/2025<\/td><td class=\"column-6\">02\/03\/2026<\/td>\n<\/tr>\n<tr class=\"row-7\">\n\t<td class=\"column-1\">Jo\u00e3o Luiz Vieira da Silva\t<br \/>\n<\/td><td class=\"column-2\">Jamil Faissal Soni<\/td><td class=\"column-3\">DCIR<\/td><td class=\"column-4\"><a href=\"https:\/\/sei.ufpr.br\/sei\/web\/controlador.php?acao=procedimento_trabalhar&amp;id_procedimento=3898286&amp;id_documento=8862512\" rel=\"noopener\" target=\"_blank\">PORTARIA N\u00ba 16, DE 22 DE SETEMBRO DE 2025<\/a><\/td><td class=\"column-5\">03\/03\/2025<\/td><td class=\"column-6\">02\/03\/2026<\/td>\n<\/tr>\n<tr class=\"row-8\">\n\t<td class=\"column-1\">Julian Sim\u00f5es Cruz de Oliveira <\/td><td class=\"column-2\">Marisete Teresinha Hoffmann Horochovski<\/td><td class=\"column-3\">DECISO<\/td><td class=\"column-4\"><a href=\"https:\/\/sei.ufpr.br\/sei\/web\/controlador.php?acao=procedimento_trabalhar&amp;id_procedimento=3898286&amp;id_documento=8862512\" rel=\"noopener\" target=\"_blank\">PORTARIA N\u00ba 16, DE 22 DE SETEMBRO DE 2025<\/a><\/td><td class=\"column-5\">03\/03\/2025<\/td><td class=\"column-6\">02\/03\/2026<\/td>\n<\/tr>\n<tr class=\"row-9\">\n\t<td class=\"column-1\">Marcio Cesar Ferraciolli<\/td><td class=\"column-2\">Nilse Chiapetti<\/td><td class=\"column-3\">DEPSI<\/td><td class=\"column-4\"><a href=\"https:\/\/sei.ufpr.br\/sei\/web\/controlador.php?acao=procedimento_trabalhar&amp;id_procedimento=3898286&amp;id_documento=8862512\" rel=\"noopener\" target=\"_blank\">PORTARIA N\u00ba 16, DE 22 DE SETEMBRO DE 2025<\/a><\/td><td class=\"column-5\">03\/03\/2025<\/td><td class=\"column-6\">02\/03\/2026<\/td>\n<\/tr>\n<tr class=\"row-10\">\n\t<td class=\"column-1\">Claudia Maria Sallai Tanhoffer<\/td><td class=\"column-2\">Marcelo Picinin Bernuci<\/td><td class=\"column-3\">DFISIO<\/td><td class=\"column-4\"><a href=\"https:\/\/sei.ufpr.br\/sei\/web\/controlador.php?acao=procedimento_trabalhar&amp;id_procedimento=3898286&amp;id_documento=8862512\" rel=\"noopener\" target=\"_blank\">PORTARIA N\u00ba 16, DE 22 DE SETEMBRO DE 2025<\/a><\/td><td class=\"column-5\">03\/03\/2025<\/td><td class=\"column-6\">02\/03\/2026<\/td>\n<\/tr>\n<tr class=\"row-11\">\n\t<td class=\"column-1\">Marcus Kiiti Borges<\/td><td class=\"column-2\">Gabriela Mour\u00e3o Ferreira<br \/>\n<br \/>\n<\/td><td class=\"column-3\">DMFP<\/td><td class=\"column-4\"><a href=\"https:\/\/sei.ufpr.br\/sei\/web\/controlador.php?acao=procedimento_trabalhar&amp;id_procedimento=3898286&amp;id_documento=8862512\" rel=\"noopener\" target=\"_blank\">PORTARIA N\u00ba 16, DE 22 DE SETEMBRO DE 2025<\/a><\/td><td class=\"column-5\">03\/03\/2025<\/td><td class=\"column-6\">02\/03\/2026<\/td>\n<\/tr>\n<tr class=\"row-12\">\n\t<td class=\"column-1\">Karin Braun Prado<\/td><td class=\"column-2\">Lia Sumie Nakao<\/td><td class=\"column-3\">DPAT<\/td><td class=\"column-4\"><a href=\"https:\/\/sei.ufpr.br\/sei\/web\/controlador.php?acao=procedimento_trabalhar&amp;id_procedimento=3898286&amp;id_documento=8862512\" rel=\"noopener\" target=\"_blank\">PORTARIA N\u00ba 16, DE 22 DE SETEMBRO DE 2025<\/a><\/td><td class=\"column-5\">03\/03\/2025<\/td><td class=\"column-6\">02\/03\/2026<\/td>\n<\/tr>\n<tr class=\"row-13\">\n\t<td class=\"column-1\">Eliana Remor Teixeira<\/td><td class=\"column-2\">Renata Bellenzani<\/td><td class=\"column-3\">DSC<\/td><td class=\"column-4\"><a href=\"https:\/\/sei.ufpr.br\/sei\/web\/controlador.php?acao=procedimento_trabalhar&amp;id_procedimento=3898286&amp;id_documento=8862512\" rel=\"noopener\" target=\"_blank\">PORTARIA N\u00ba 16, DE 22 DE SETEMBRO DE 2025<\/a><\/td><td class=\"column-5\">03\/03\/2025<\/td><td class=\"column-6\">02\/03\/2026<\/td>\n<\/tr>\n<tr class=\"row-14\">\n\t<td class=\"column-1\">Adriana Belmonte Moreira<\/td><td class=\"column-2\">Taiuani Marquine Raymundo<\/td><td class=\"column-3\">DTO<\/td><td class=\"column-4\"><a href=\"https:\/\/sei.ufpr.br\/sei\/web\/controlador.php?acao=procedimento_trabalhar&amp;id_procedimento=3898286&amp;id_documento=8862512\" rel=\"noopener\" target=\"_blank\">PORTARIA N\u00ba 16, DE 22 DE SETEMBRO DE 2025<\/a><\/td><td class=\"column-5\">03\/03\/2025<\/td><td class=\"column-6\">02\/03\/2026<\/td>\n<\/tr>\n<tr class=\"row-15\">\n\t<td class=\"column-1\">Ana Maria Silvello Pereira<\/td><td class=\"column-2\">Derivan Brito da Silva<\/td><td class=\"column-3\">DTO<\/td><td class=\"column-4\"><a href=\"https:\/\/sei.ufpr.br\/sei\/web\/controlador.php?acao=procedimento_trabalhar&amp;id_procedimento=3898286&amp;id_documento=8862512\" rel=\"noopener\" target=\"_blank\">PORTARIA N\u00ba 16, DE 22 DE SETEMBRO DE 2025<\/a><\/td><td class=\"column-5\">03\/03\/2025<\/td><td class=\"column-6\">02\/03\/2026<\/td>\n<\/tr>\n<tr class=\"row-16\">\n\t<td class=\"column-1\">Andr\u00e9a Maria Fedeger<\/td><td class=\"column-2\">Lu\u00eds Felipe Ferro<\/td><td class=\"column-3\">DTO<\/td><td class=\"column-4\"><a href=\"https:\/\/sei.ufpr.br\/sei\/web\/controlador.php?acao=procedimento_trabalhar&amp;id_procedimento=3898286&amp;id_documento=8862512\" rel=\"noopener\" target=\"_blank\">PORTARIA N\u00ba 16, DE 22 DE SETEMBRO DE 2025<\/a><\/td><td class=\"column-5\">03\/03\/2025<\/td><td class=\"column-6\">02\/03\/2026<\/td>\n<\/tr>\n<tr class=\"row-17\">\n\t<td class=\"column-1\">\u00c2ngela Paula Simonelli<\/td><td class=\"column-2\">Maria Jos\u00e9 Gugelmin de Camargo<\/td><td class=\"column-3\">DTO<\/td><td class=\"column-4\"><a href=\"https:\/\/sei.ufpr.br\/sei\/web\/controlador.php?acao=procedimento_trabalhar&amp;id_procedimento=3898286&amp;id_documento=8862512\" rel=\"noopener\" target=\"_blank\">PORTARIA N\u00ba 16, DE 22 DE SETEMBRO DE 2025<\/a><\/td><td class=\"column-5\">03\/03\/2025<\/td><td class=\"column-6\">02\/03\/2026<\/td>\n<\/tr>\n<tr class=\"row-18\">\n\t<td class=\"column-1\">Dayane Regina dos Santos<\/td><td class=\"column-2\">M\u00f4nica Mello de Macedo Ign\u00e1cio<\/td><td class=\"column-3\">DTO<\/td><td class=\"column-4\"><a href=\"https:\/\/sei.ufpr.br\/sei\/web\/controlador.php?acao=procedimento_trabalhar&amp;id_procedimento=3898286&amp;id_documento=8862512\" rel=\"noopener\" target=\"_blank\">PORTARIA N\u00ba 16, DE 22 DE SETEMBRO DE 2025<\/a><\/td><td class=\"column-5\">03\/03\/2025<\/td><td class=\"column-6\">02\/03\/2026<\/td>\n<\/tr>\n<tr class=\"row-19\">\n\t<td class=\"column-1\">Gabriela Cordeiro Correa do Nascimento<\/td><td class=\"column-2\">Taiuani Marquine Raymundo<\/td><td class=\"column-3\">DTO<\/td><td class=\"column-4\"><a href=\"https:\/\/sei.ufpr.br\/sei\/web\/controlador.php?acao=procedimento_trabalhar&amp;id_procedimento=3898286&amp;id_documento=8862512\" rel=\"noopener\" target=\"_blank\">PORTARIA N\u00ba 16, DE 22 DE SETEMBRO DE 2025<\/a><\/td><td class=\"column-5\">03\/03\/2025<\/td><td class=\"column-6\">02\/03\/2026<\/td>\n<\/tr>\n<tr class=\"row-20\">\n\t<td class=\"column-1\">Iranise Moro Pereira Jorge<\/td><td class=\"column-2\">Maria Jos\u00e9 Gugelmin de Camargo<\/td><td class=\"column-3\">DTO<\/td><td class=\"column-4\"><a href=\"https:\/\/sei.ufpr.br\/sei\/web\/controlador.php?acao=procedimento_trabalhar&amp;id_procedimento=3898286&amp;id_documento=8862512\" rel=\"noopener\" target=\"_blank\">PORTARIA N\u00ba 16, DE 22 DE SETEMBRO DE 2025<\/a><\/td><td class=\"column-5\">03\/03\/2025<\/td><td class=\"column-6\">02\/03\/2026<\/td>\n<\/tr>\n<tr class=\"row-21\">\n\t<td class=\"column-1\">Regina C\u00e9lia Titotto Castanharo<\/td><td class=\"column-2\">Derivan Brito da Silva<\/td><td class=\"column-3\">DTO<\/td><td class=\"column-4\"><a href=\"https:\/\/sei.ufpr.br\/sei\/web\/controlador.php?acao=procedimento_trabalhar&amp;id_procedimento=3898286&amp;id_documento=8862512\" rel=\"noopener\" target=\"_blank\">PORTARIA N\u00ba 16, DE 22 DE SETEMBRO DE 2025<\/a><\/td><td class=\"column-5\">03\/03\/2025<\/td><td class=\"column-6\">02\/03\/2026<\/td>\n<\/tr>\n<tr class=\"row-22\">\n\t<td class=\"column-1\">Renato Nickel<\/td><td class=\"column-2\">Lu\u00eds Felipe Ferro<\/td><td class=\"column-3\">DTO<\/td><td class=\"column-4\"><a href=\"https:\/\/sei.ufpr.br\/sei\/web\/controlador.php?acao=procedimento_trabalhar&amp;id_procedimento=3898286&amp;id_documento=8862512\" rel=\"noopener\" target=\"_blank\">PORTARIA N\u00ba 16, DE 22 DE SETEMBRO DE 2025<\/a><\/td><td class=\"column-5\">03\/03\/2025<\/td><td class=\"column-6\">02\/03\/2026<\/td>\n<\/tr>\n<tr class=\"row-23\">\n\t<td class=\"column-1\">Rosibeth del Carmen Mu\u00f1oz Palm<\/td><td class=\"column-2\">M\u00f4nica Mello de Macedo Ign\u00e1cio<\/td><td class=\"column-3\">DTO<\/td><td class=\"column-4\"><a href=\"https:\/\/sei.ufpr.br\/sei\/web\/controlador.php?acao=procedimento_trabalhar&amp;id_procedimento=3898286&amp;id_documento=8862512\" rel=\"noopener\" target=\"_blank\">PORTARIA N\u00ba 16, DE 22 DE SETEMBRO DE 2025<\/a><\/td><td class=\"column-5\">03\/03\/2025<\/td><td class=\"column-6\">02\/03\/2026<\/td>\n<\/tr>\n<tr class=\"row-24\">\n\t<td class=\"column-1\">Flavio da Costa Evangelista<\/td><td class=\"column-2\">Douglas Caetano<\/td><td class=\"column-3\">TAE<\/td><td class=\"column-4\"><a href=\"https:\/\/sei.ufpr.br\/sei\/web\/controlador.php?acao=procedimento_trabalhar&amp;id_procedimento=3898286&amp;id_documento=8862512\" rel=\"noopener\" target=\"_blank\">PORTARIA N\u00ba 16, DE 22 DE SETEMBRO DE 2025<\/a><\/td><td class=\"column-5\">03\/03\/2025<\/td><td class=\"column-6\">02\/03\/2026<\/td>\n<\/tr>\n<tr class=\"row-25\">\n\t<td class=\"column-1\">Marcelo Parolim Ferraz<\/td><td class=\"column-2\">Deborah Dortas<\/td><td class=\"column-3\">Discente<\/td><td class=\"column-4\"><a href=\"https:\/\/sei.ufpr.br\/sei\/web\/controlador.php?acao=procedimento_trabalhar&amp;id_procedimento=3898286&amp;id_documento=8862512\" rel=\"noopener\" target=\"_blank\">PORTARIA N\u00ba 16, DE 22 DE SETEMBRO DE 2025<\/a><\/td><td class=\"column-5\">12\/08\/2025<\/td><td class=\"column-6\">11\/08\/2026<\/td>\n<\/tr>\n<tr class=\"row-26\">\n\t<td class=\"column-1\">Juliane da Costa Bergamasco<\/td><td class=\"column-2\">Natasha Naz\u00e1rio Ricado dos Santos<\/td><td class=\"column-3\">Discente<\/td><td class=\"column-4\"><a href=\"https:\/\/sei.ufpr.br\/sei\/web\/controlador.php?acao=procedimento_trabalhar&amp;id_procedimento=3898286&amp;id_documento=8862512\" rel=\"noopener\" target=\"_blank\">PORTARIA N\u00ba 16, DE 22 DE SETEMBRO DE 2025<\/a><\/td><td class=\"column-5\">12\/08\/2025<\/td><td class=\"column-6\">11\/08\/2026<\/td>\n<\/tr>\n<tr class=\"row-27\">\n\t<td class=\"column-1\">Gl\u00f3ria Cadena Pires<\/td><td class=\"column-2\">Amanda de Abreu Queiroz<\/td><td class=\"column-3\">Discente<\/td><td class=\"column-4\"><a href=\"https:\/\/sei.ufpr.br\/sei\/web\/controlador.php?acao=procedimento_trabalhar&amp;id_procedimento=3898286&amp;id_documento=8862512\" rel=\"noopener\" target=\"_blank\">PORTARIA N\u00ba 16, DE 22 DE SETEMBRO DE 2025<\/a><\/td><td class=\"column-5\">12\/08\/2025<\/td><td class=\"column-6\">11\/08\/2026<\/td>\n<\/tr>\n<tr class=\"row-28\">\n\t<td class=\"column-1\">Romilene Pereira da Rocha<\/td><td class=\"column-2\">Deborah Dortas<\/td><td class=\"column-3\">Discente<\/td><td class=\"column-4\"><a href=\"https:\/\/sei.ufpr.br\/sei\/web\/controlador.php?acao=procedimento_trabalhar&amp;id_procedimento=3898286&amp;id_documento=8862512\" rel=\"noopener\" target=\"_blank\">PORTARIA N\u00ba 16, DE 22 DE SETEMBRO DE 2025<\/a><\/td><td class=\"column-5\">12\/08\/2025<\/td><td class=\"column-6\">11\/08\/2026<\/td>\n<\/tr>\n<\/tbody>\n<\/table>\n<!-- #tablepress-15 from cache -->\n<p>&nbsp;<\/p>\n<p>\u00daltima atualiza\u00e7\u00e3o em 24\/09\/2025<\/p>\n","protected":false},"excerpt":{"rendered":"<p>Regimento do Colegiado do Curso de Terapia Ocupacional Membros do Colegiado &nbsp; \u00daltima atualiza\u00e7\u00e3o em 24\/09\/2025<\/p>\n","protected":false},"author":1636,"featured_media":0,"parent":313,"menu_order":0,"comment_status":"closed","ping_status":"closed","template":"","meta":{"_acf_changed":false,"_uag_custom_page_level_css":"","footnotes":""},"class_list":["post-2779","page","type-page","status-publish","hentry"],"acf":[],"featured_image_src":null,"uagb_featured_image_src":{"full":false,"thumbnail":false,"medium":false,"medium_large":false,"large":false,"1536x1536":false,"2048x2048":false},"uagb_author_info":{"display_name":"Matheus Oliveira K\u00fchn","author_link":"https:\/\/saude.ufpr.br\/terapiaocupacional\/author\/matheus\/"},"uagb_comment_info":0,"uagb_excerpt":"Regimento do Colegiado do Curso de Terapia Ocupacional Membros do Colegiado &nbsp; \u00daltima atualiza\u00e7\u00e3o em 24\/09\/2025","publishpress_future_action":{"enabled":false,"date":"2026-05-01 19:19:06","action":"change-status","newStatus":"draft","terms":[],"taxonomy":"","extraData":[]},"publishpress_future_workflow_manual_trigger":{"enabledWorkflows":[]},"_links":{"self":[{"href":"https:\/\/saude.ufpr.br\/terapiaocupacional\/wp-json\/wp\/v2\/pages\/2779","targetHints":{"allow":["GET"]}}],"collection":[{"href":"https:\/\/saude.ufpr.br\/terapiaocupacional\/wp-json\/wp\/v2\/pages"}],"about":[{"href":"https:\/\/saude.ufpr.br\/terapiaocupacional\/wp-json\/wp\/v2\/types\/page"}],"author":[{"embeddable":true,"href":"https:\/\/saude.ufpr.br\/terapiaocupacional\/wp-json\/wp\/v2\/users\/1636"}],"replies":[{"embeddable":true,"href":"https:\/\/saude.ufpr.br\/terapiaocupacional\/wp-json\/wp\/v2\/comments?post=2779"}],"version-history":[{"count":33,"href":"https:\/\/saude.ufpr.br\/terapiaocupacional\/wp-json\/wp\/v2\/pages\/2779\/revisions"}],"predecessor-version":[{"id":5269,"href":"https:\/\/saude.ufpr.br\/terapiaocupacional\/wp-json\/wp\/v2\/pages\/2779\/revisions\/5269"}],"up":[{"embeddable":true,"href":"https:\/\/saude.ufpr.br\/terapiaocupacional\/wp-json\/wp\/v2\/pages\/313"}],"wp:attachment":[{"href":"https:\/\/saude.ufpr.br\/terapiaocupacional\/wp-json\/wp\/v2\/media?parent=2779"}],"curies":[{"name":"wp","href":"https:\/\/api.w.org\/{rel}","templated":true}]}}