{"id":278,"date":"2016-05-20T19:40:03","date_gmt":"2016-05-20T19:40:03","guid":{"rendered":"https:\/\/saude.ufpr.br\/terapiaocupacional\/?page_id=278"},"modified":"2017-03-29T13:53:29","modified_gmt":"2017-03-29T16:53:29","slug":"o-profissional","status":"publish","type":"page","link":"https:\/\/saude.ufpr.br\/terapiaocupacional\/terapia-ocupacional-2\/o-profissional\/","title":{"rendered":"O profissional"},"content":{"rendered":"<p style=\"text-align: justify\">De acordo com o Conselho Federal de Fisioterapia e Terapia Ocupacional (COFFITO), o terapeuta ocupacional<\/p>\n<p style=\"text-align: justify\">&#8220;&#8230;\u00e9\u00a0um profissional dotado de forma\u00e7\u00e3o nas \u00c1reas de Sa\u00fade e Sociais. Sua interven\u00e7\u00e3o compreende avaliar o cliente, buscando identificar altera\u00e7\u00f5es nas suas fun\u00e7\u00f5es pr\u00e1xicas, considerando sua faixa et\u00e1ria e\/ou desenvolvimento, sua forma\u00e7\u00e3o pessoal, familiar e social. A base de suas a\u00e7\u00f5es compreende abordagens e\/ou condutas fundamentadas em crit\u00e9rios avaliativos com eixo referencial pessoal, familiar, coletivo e social, coordenadas de acordo com o processo terap\u00eautico implementado.<br \/>\nO Terapeuta Ocupacional compreende a Atividade Humana como um processo criativo, criador, l\u00fadico, expressivo, evolutivo, produtivo e de auto manuten\u00e7\u00e3o e o Homem, como um ser pr\u00e1xico interferindo no cotidiano do usu\u00e1rio comprometido em suas fun\u00e7\u00f5es pr\u00e1xicas objetivando alcan\u00e7ar uma melhor qualidade de vida.<br \/>\nAs atividades do profissional estendem-se por diversos campos das Ci\u00eancias de Sa\u00fade e Sociais. O terapeuta ocupacional avalia seu cliente para a obten\u00e7\u00e3o do projeto terap\u00eautico indicado; que dever\u00e1, resolutivamente, favorecer o desenvolvimento e\/ou aprimoramento das capacidades psico-ocupacionais remanescentes e a melhoria do seu estado psicol\u00f3gico, social, laborativo e de lazer.&#8221;<\/p>\n<p style=\"text-align: justify\">Alguns dos locais em que o Terapeuta Ocupacional exerce suas atividades:<\/p>\n<ol style=\"text-align: justify\">\n<li>Hospitais Gerais;<\/li>\n<li>Ambulat\u00f3rios;<\/li>\n<li>Consult\u00f3rios;<\/li>\n<li>Cl\u00ednicas dia;<\/li>\n<li>Projetos Sociais Oficiais;<\/li>\n<li>Sistemas Prisionais;<\/li>\n<li>Institui\u00e7\u00f5es de Ensino Superior;<\/li>\n<li>\u00d3rg\u00e3os de controle social;<\/li>\n<li>Creches e Escolas;<\/li>\n<li>Empresas;<\/li>\n<li>Centros de Reabilita\u00e7\u00e3o;<\/li>\n<li>Centros de Aten\u00e7\u00e3o Psicossocial<\/li>\n<li>Comunidades terap\u00eauticas;<\/li>\n<li>Institui\u00e7\u00f5es de longa perman\u00eancia, entre outros;<\/li>\n<\/ol>\n<p>&nbsp;<\/p>\n<p style=\"text-align: justify\"><strong>O perfil esperado do egresso do Curso de Terapia Ocupacional da UFPR \u00e9 de um profissional:<\/strong><\/p>\n<ol>\n<li style=\"text-align: justify\">generalista, cr\u00edtico e reflexivo, com conhecimento t\u00e9cnico-cient\u00edfico, postura \u00e9tica e pol\u00edtica, que domine te\u00f3rica e pragmaticamente os conceitos de ocupa\u00e7\u00e3o humana frente \u00e0s diferentes demandas individuais e coletivas, para condu\u00e7\u00e3o de Projetos e Processos de Terapia Ocupacional;<\/li>\n<li style=\"text-align: justify\">habilitado para o exerc\u00edcio profissional em diferentes campos e cen\u00e1rios de pr\u00e1tica, de acordo com padr\u00f5es de excel\u00eancia na assist\u00eancia, gest\u00e3o, ensino, pesquisa, assessoria e consultoria;<\/li>\n<li style=\"text-align: justify\">apto para trabalhar em equipes e em redes, com conhecimento dos indicadores sociais e de sa\u00fade, e dom\u00ednio das pol\u00edticas p\u00fablicas frente \u00e0s demandas loco regionais, nacionais e internacionais.<\/li>\n<\/ol>\n<p>&nbsp;<\/p>\n","protected":false},"excerpt":{"rendered":"<p>De acordo com o Conselho Federal de Fisioterapia e Terapia Ocupacional (COFFITO), o terapeuta ocupacional &#8220;&#8230;\u00e9\u00a0um profissional dotado de forma\u00e7\u00e3o nas \u00c1reas de Sa\u00fade e Sociais. Sua interven\u00e7\u00e3o compreende avaliar o cliente, buscando identificar altera\u00e7\u00f5es nas suas fun\u00e7\u00f5es pr\u00e1xicas, considerando [&hellip;]<\/p>\n","protected":false},"author":8,"featured_media":0,"parent":440,"menu_order":0,"comment_status":"closed","ping_status":"closed","template":"","meta":{"_acf_changed":false,"_uag_custom_page_level_css":"","footnotes":""},"class_list":["post-278","page","type-page","status-publish","hentry"],"acf":[],"featured_image_src":null,"uagb_featured_image_src":{"full":false,"thumbnail":false,"medium":false,"medium_large":false,"large":false,"1536x1536":false,"2048x2048":false},"uagb_author_info":{"display_name":"caiubidysarz","author_link":"https:\/\/saude.ufpr.br\/terapiaocupacional\/author\/caiubidysarz\/"},"uagb_comment_info":0,"uagb_excerpt":"De acordo com o Conselho Federal de Fisioterapia e Terapia Ocupacional (COFFITO), o terapeuta ocupacional &#8220;&#8230;\u00e9\u00a0um profissional dotado de forma\u00e7\u00e3o nas \u00c1reas de Sa\u00fade e Sociais. Sua interven\u00e7\u00e3o compreende avaliar o cliente, buscando identificar altera\u00e7\u00f5es nas suas fun\u00e7\u00f5es pr\u00e1xicas, considerando [&hellip;]","publishpress_future_action":{"enabled":false,"date":"2026-05-11 03:26:57","action":"change-status","newStatus":"draft","terms":[],"taxonomy":"","extraData":[]},"publishpress_future_workflow_manual_trigger":{"enabledWorkflows":[]},"_links":{"self":[{"href":"https:\/\/saude.ufpr.br\/terapiaocupacional\/wp-json\/wp\/v2\/pages\/278","targetHints":{"allow":["GET"]}}],"collection":[{"href":"https:\/\/saude.ufpr.br\/terapiaocupacional\/wp-json\/wp\/v2\/pages"}],"about":[{"href":"https:\/\/saude.ufpr.br\/terapiaocupacional\/wp-json\/wp\/v2\/types\/page"}],"author":[{"embeddable":true,"href":"https:\/\/saude.ufpr.br\/terapiaocupacional\/wp-json\/wp\/v2\/users\/8"}],"replies":[{"embeddable":true,"href":"https:\/\/saude.ufpr.br\/terapiaocupacional\/wp-json\/wp\/v2\/comments?post=278"}],"version-history":[{"count":8,"href":"https:\/\/saude.ufpr.br\/terapiaocupacional\/wp-json\/wp\/v2\/pages\/278\/revisions"}],"predecessor-version":[{"id":1239,"href":"https:\/\/saude.ufpr.br\/terapiaocupacional\/wp-json\/wp\/v2\/pages\/278\/revisions\/1239"}],"up":[{"embeddable":true,"href":"https:\/\/saude.ufpr.br\/terapiaocupacional\/wp-json\/wp\/v2\/pages\/440"}],"wp:attachment":[{"href":"https:\/\/saude.ufpr.br\/terapiaocupacional\/wp-json\/wp\/v2\/media?parent=278"}],"curies":[{"name":"wp","href":"https:\/\/api.w.org\/{rel}","templated":true}]}}