{"id":282,"date":"2016-05-20T19:40:43","date_gmt":"2016-05-20T19:40:43","guid":{"rendered":"https:\/\/saude.ufpr.br\/terapiaocupacional\/?page_id=282"},"modified":"2021-06-23T14:48:54","modified_gmt":"2021-06-23T17:48:54","slug":"instituicoes-de-ensino","status":"publish","type":"page","link":"https:\/\/saude.ufpr.br\/terapiaocupacional\/terapia-ocupacional-2\/instituicoes-de-ensino\/","title":{"rendered":"Institui\u00e7\u00f5es de Ensino"},"content":{"rendered":"<p><span style=\"color: #000000\">Apresentamos no link abaixo o Cat\u00e1logo das Institui\u00e7\u00f5es de Ensino Superior (IES) e Associa\u00e7\u00f5es de Terapia Ocupacional Latino-Americanas e das Institui\u00e7\u00f5es de Ensino Superior Brasileiras de Terapia Ocupacional, produzido pela <a href=\"https:\/\/saude.ufpr.br\/terapiaocupacional\/rosibeth-del-carmen-munoz-palm\/\">Prof\u00aa Dr\u00aa Rosibeth del Carmen Mu\u00f1oz Palm<\/a><\/span><span style=\"color: #000000\">.<\/span><\/p>\n<p><span style=\"color: #000000\">\u00c9 inten\u00e7\u00e3o desta iniciativa contribuir para que os terapeutas ocupacionais dos pa\u00edses latino-americanos possam acessar este banco de dados, permitindo a cria\u00e7\u00e3o de novos canais de comunica\u00e7\u00e3o, espa\u00e7os e trocas para a comunidade profissional de terapeutas ocupacionais.<\/span><\/p>\n<p>&nbsp;<\/p>\n<p><a href=\"https:\/\/saude.ufpr.br\/terapiaocupacional\/wp-content\/uploads\/sites\/5\/2016\/05\/CatalogoBrasil.pdf\" target=\"_blank\" rel=\"noopener\">Cat\u00e1logo das Institui\u00e7\u00f5es de Ensino Superior (IES)<\/a><\/p>\n<p>&nbsp;<\/p>\n","protected":false},"excerpt":{"rendered":"<p>Apresentamos no link abaixo o Cat\u00e1logo das Institui\u00e7\u00f5es de Ensino Superior (IES) e Associa\u00e7\u00f5es de Terapia Ocupacional Latino-Americanas e das Institui\u00e7\u00f5es de Ensino Superior Brasileiras de Terapia Ocupacional, produzido pela Prof\u00aa Dr\u00aa Rosibeth del Carmen Mu\u00f1oz Palm. \u00c9 inten\u00e7\u00e3o desta [&hellip;]<\/p>\n","protected":false},"author":8,"featured_media":0,"parent":440,"menu_order":0,"comment_status":"closed","ping_status":"closed","template":"","meta":{"_acf_changed":false,"_uag_custom_page_level_css":"","footnotes":""},"class_list":["post-282","page","type-page","status-publish","hentry"],"acf":[],"featured_image_src":null,"uagb_featured_image_src":{"full":false,"thumbnail":false,"medium":false,"medium_large":false,"large":false,"1536x1536":false,"2048x2048":false},"uagb_author_info":{"display_name":"caiubidysarz","author_link":"https:\/\/saude.ufpr.br\/terapiaocupacional\/author\/caiubidysarz\/"},"uagb_comment_info":0,"uagb_excerpt":"Apresentamos no link abaixo o Cat\u00e1logo das Institui\u00e7\u00f5es de Ensino Superior (IES) e Associa\u00e7\u00f5es de Terapia Ocupacional Latino-Americanas e das Institui\u00e7\u00f5es de Ensino Superior Brasileiras de Terapia Ocupacional, produzido pela Prof\u00aa Dr\u00aa Rosibeth del Carmen Mu\u00f1oz Palm. \u00c9 inten\u00e7\u00e3o desta [&hellip;]","publishpress_future_action":{"enabled":false,"date":"2026-04-22 02:12:48","action":"change-status","newStatus":"draft","terms":[],"taxonomy":"","extraData":[]},"publishpress_future_workflow_manual_trigger":{"enabledWorkflows":[]},"_links":{"self":[{"href":"https:\/\/saude.ufpr.br\/terapiaocupacional\/wp-json\/wp\/v2\/pages\/282","targetHints":{"allow":["GET"]}}],"collection":[{"href":"https:\/\/saude.ufpr.br\/terapiaocupacional\/wp-json\/wp\/v2\/pages"}],"about":[{"href":"https:\/\/saude.ufpr.br\/terapiaocupacional\/wp-json\/wp\/v2\/types\/page"}],"author":[{"embeddable":true,"href":"https:\/\/saude.ufpr.br\/terapiaocupacional\/wp-json\/wp\/v2\/users\/8"}],"replies":[{"embeddable":true,"href":"https:\/\/saude.ufpr.br\/terapiaocupacional\/wp-json\/wp\/v2\/comments?post=282"}],"version-history":[{"count":10,"href":"https:\/\/saude.ufpr.br\/terapiaocupacional\/wp-json\/wp\/v2\/pages\/282\/revisions"}],"predecessor-version":[{"id":4103,"href":"https:\/\/saude.ufpr.br\/terapiaocupacional\/wp-json\/wp\/v2\/pages\/282\/revisions\/4103"}],"up":[{"embeddable":true,"href":"https:\/\/saude.ufpr.br\/terapiaocupacional\/wp-json\/wp\/v2\/pages\/440"}],"wp:attachment":[{"href":"https:\/\/saude.ufpr.br\/terapiaocupacional\/wp-json\/wp\/v2\/media?parent=282"}],"curies":[{"name":"wp","href":"https:\/\/api.w.org\/{rel}","templated":true}]}}