{"id":292,"date":"2016-05-20T19:58:41","date_gmt":"2016-05-20T19:58:41","guid":{"rendered":"https:\/\/saude.ufpr.br\/terapiaocupacional\/?page_id=292"},"modified":"2025-10-23T11:14:34","modified_gmt":"2025-10-23T14:14:34","slug":"departamento","status":"publish","type":"page","link":"https:\/\/saude.ufpr.br\/terapiaocupacional\/departamento\/","title":{"rendered":"Contatos do Departamento de Terapia Ocupacional"},"content":{"rendered":"<p><span style=\"color: #000000\"><strong>Departamento de Terapia Ocupacional da UFPR<br \/>\n<\/strong>e-mail:<\/span> <a href=\"mailto:secretariadto@ufpr.br\">secretariadto@ufpr.br<\/a> \/ <a href=\"mailto:dto@ufpr.br\">dto@ufpr.br<\/a>\u00a0\/\u00a0<a href=\"mailto:depteroc@gmail.com\">depteroc@gmail.com<\/a><\/p>\n<p><span style=\"color: #000000\"><strong>Chefe do Departamento<\/strong><\/span><br \/>\n<span style=\"color: #000000\">Prof.\u00aa Dr.\u00aa Andr\u00e9a Maria Fedeger<\/span><br \/>\n<span style=\"color: #000000\"> e-mail<\/span>: <a>andrea.fedeger@ufpr.br<\/a><\/p>\n<p><span style=\"color: #000000\"><strong>Suplente de Chefe<\/strong><\/span><br \/>\n<span style=\"color: #000000\">Prof.\u00aa Dr.\u00aa M\u00f4nica Mello de Macedo Ign\u00e1cio<\/span><br \/>\n<span style=\"color: #000000\"> e-mail:<\/span> <a href=\"mailto:monicato@ufpr.br\">monicato@ufpr.br<\/a><\/p>\n<p><span style=\"color: #000000\"><strong>Secret\u00e1rio<\/strong><\/span><br \/>\n<span style=\"color: #000000\"> Caiubi Martins Dysarz<\/span><br \/>\n<span style=\"color: #000000\">e-mail: <a href=\"mailto:secretariadto@ufpr.br\">secretariadto@ufpr.br<\/a><\/span><\/p>\n<p><span style=\"color: #000000\"><strong>Telefones:<\/strong><\/span><br \/>\n<span style=\"color: #000000\"> Secretaria: (41) 3361-3780 \/ 3361-3781<\/span><\/p>\n<p><strong>Hor\u00e1rio de Atendimento ao P\u00fablico:<\/strong><\/p>\n<p><span style=\"color: #000000\"> Segunda a Sexta-Feira:<\/span><br \/>\n<span style=\"color: #000000\"> 07:30 \u00e0s 11:30<\/span><br \/>\n<span style=\"color: #000000\"> 12:30 \u00e0s 16:30<\/span><\/p>\n<p>&nbsp;<\/p>\n<p><span style=\"color: #000000\"><strong>Endere\u00e7o:<\/strong><\/span><br \/>\n<span style=\"color: #000000\"> Avenida Prefeito Loth\u00e1rio Meissner, 632<br \/>\n4\u00ba andar, Bloco Did\u00e1tico II do Setor de Ci\u00eancias da Sa\u00fade, <em>Campus<\/em> Jardim Bot\u00e2nico<\/span><br \/>\n<span style=\"color: #000000\"> Bairro: Jardim Bot\u00e2nico \/ Curitiba-PR<\/span><br \/>\n<span style=\"color: #000000\"> CEP 80210-170<\/span><\/p>\n","protected":false},"excerpt":{"rendered":"<p>Departamento de Terapia Ocupacional da UFPR e-mail: secretariadto@ufpr.br \/ dto@ufpr.br\u00a0\/\u00a0depteroc@gmail.com Chefe do Departamento Prof.\u00aa Dr.\u00aa Andr\u00e9a Maria Fedeger e-mail: andrea.fedeger@ufpr.br Suplente de Chefe Prof.\u00aa Dr.\u00aa M\u00f4nica Mello de Macedo Ign\u00e1cio e-mail: monicato@ufpr.br Secret\u00e1rio Caiubi Martins Dysarz e-mail: secretariadto@ufpr.br Telefones: Secretaria: [&hellip;]<\/p>\n","protected":false},"author":8,"featured_media":0,"parent":0,"menu_order":0,"comment_status":"closed","ping_status":"closed","template":"","meta":{"_acf_changed":false,"_uag_custom_page_level_css":"","footnotes":""},"class_list":["post-292","page","type-page","status-publish","hentry"],"acf":[],"featured_image_src":null,"uagb_featured_image_src":{"full":false,"thumbnail":false,"medium":false,"medium_large":false,"large":false,"1536x1536":false,"2048x2048":false},"uagb_author_info":{"display_name":"caiubidysarz","author_link":"https:\/\/saude.ufpr.br\/terapiaocupacional\/author\/caiubidysarz\/"},"uagb_comment_info":0,"uagb_excerpt":"Departamento de Terapia Ocupacional da UFPR e-mail: secretariadto@ufpr.br \/ dto@ufpr.br\u00a0\/\u00a0depteroc@gmail.com Chefe do Departamento Prof.\u00aa Dr.\u00aa Andr\u00e9a Maria Fedeger e-mail: andrea.fedeger@ufpr.br Suplente de Chefe Prof.\u00aa Dr.\u00aa M\u00f4nica Mello de Macedo Ign\u00e1cio e-mail: monicato@ufpr.br Secret\u00e1rio Caiubi Martins Dysarz e-mail: secretariadto@ufpr.br Telefones: Secretaria: [&hellip;]","publishpress_future_action":{"enabled":false,"date":"2026-04-24 20:29:24","action":"change-status","newStatus":"draft","terms":[],"taxonomy":"","extraData":[]},"publishpress_future_workflow_manual_trigger":{"enabledWorkflows":[]},"_links":{"self":[{"href":"https:\/\/saude.ufpr.br\/terapiaocupacional\/wp-json\/wp\/v2\/pages\/292","targetHints":{"allow":["GET"]}}],"collection":[{"href":"https:\/\/saude.ufpr.br\/terapiaocupacional\/wp-json\/wp\/v2\/pages"}],"about":[{"href":"https:\/\/saude.ufpr.br\/terapiaocupacional\/wp-json\/wp\/v2\/types\/page"}],"author":[{"embeddable":true,"href":"https:\/\/saude.ufpr.br\/terapiaocupacional\/wp-json\/wp\/v2\/users\/8"}],"replies":[{"embeddable":true,"href":"https:\/\/saude.ufpr.br\/terapiaocupacional\/wp-json\/wp\/v2\/comments?post=292"}],"version-history":[{"count":29,"href":"https:\/\/saude.ufpr.br\/terapiaocupacional\/wp-json\/wp\/v2\/pages\/292\/revisions"}],"predecessor-version":[{"id":5288,"href":"https:\/\/saude.ufpr.br\/terapiaocupacional\/wp-json\/wp\/v2\/pages\/292\/revisions\/5288"}],"wp:attachment":[{"href":"https:\/\/saude.ufpr.br\/terapiaocupacional\/wp-json\/wp\/v2\/media?parent=292"}],"curies":[{"name":"wp","href":"https:\/\/api.w.org\/{rel}","templated":true}]}}