{"id":321,"date":"2016-05-20T21:56:03","date_gmt":"2016-05-20T21:56:03","guid":{"rendered":"https:\/\/saude.ufpr.br\/terapiaocupacional\/?page_id=321"},"modified":"2025-08-04T14:39:00","modified_gmt":"2025-08-04T17:39:00","slug":"estagio","status":"publish","type":"page","link":"https:\/\/saude.ufpr.br\/terapiaocupacional\/ppc\/estagio\/","title":{"rendered":"Est\u00e1gios"},"content":{"rendered":"<p>O est\u00e1gio, conceituado como elemento curricular de car\u00e1ter formador e como um ato educativo supervisionado previsto para o Curso de Terapia Ocupacional, est\u00e1 regulamentado em conson\u00e2ncia com a defini\u00e7\u00e3o do perfil do profissional egresso, bem como com os objetivos para a sua forma\u00e7\u00e3o.<\/p>\n<p>O Projeto Pedag\u00f3gico do Curso de Terapia Ocupacional de 2017 prev\u00ea a realiza\u00e7\u00e3o de est\u00e1gio em duas modalidades: o est\u00e1gio obrigat\u00f3rio e o n\u00e3o obrigat\u00f3rio. O objetivo dessas modalidades de est\u00e1gio \u00e9 de viabilizar ao aluno o aprimoramento t\u00e9cnico-cient\u00edfico na forma\u00e7\u00e3o do profissional, mediante a an\u00e1lise e a solu\u00e7\u00e3o de problemas concretos em condi\u00e7\u00f5es reais de trabalho, por interm\u00e9dio de situa\u00e7\u00f5es relacionadas a natureza e especificidade do curso e da aplica\u00e7\u00e3o dos conhecimentos te\u00f3ricos e pr\u00e1ticos adquiridos nas diversas disciplinas previstas no PPC. O est\u00e1gio obrigat\u00f3rio possui carga hor\u00e1ria de 810 horas a serem cumpridas do 7\u00b0 ao 10\u00b0 semestre.<\/p>\n<p>De acordo com o estabelecido nos Padr\u00f5es M\u00ednimos de Qualidade para o Curso de Terapia Ocupacional e segundo resolu\u00e7\u00e3o 139\/92 153\/93 &#8211; COFFITO, o aluno dever\u00e1 necessariamente ser supervisionado por terapeutas ocupacionais docentes na propor\u00e7\u00e3o de 06 alunos \/ 01 supervisor para servi\u00e7os pr\u00f3prios e 03 alunos \/ 01 supervisor em servi\u00e7os conveniados.<\/p>\n<p>Esses est\u00e1gios ocorrem no \u00e2mbito da Universidade, em unidades afins e na comunidade em geral, por meio de conv\u00eanios observando a determina\u00e7\u00e3o do regime de est\u00e1gio estabelecido pelo Colegiado do Curso, pela Comiss\u00e3o Orientadora de Est\u00e1gios do Curso e pela Coordena\u00e7\u00e3o de Apoio a Projetos, Programas e Est\u00e1gios da PROGRAP. Os est\u00e1gios ser\u00e3o desenvolvidos conforme o que preconiza a Resolu\u00e7\u00e3o n\u00ba 46\/10 &#8211; CEPE.\u00a0 Os estagi\u00e1rios dever\u00e3o ser supervisionados-orientados por docentes terapeutas ocupacionais ou terapeutas ocupacionais-preceptores que se coadunem ao Projeto Pedag\u00f3gico do Curso.<\/p>\n<p><a href=\"https:\/\/saude.ufpr.br\/terapiaocupacional\/wp-content\/uploads\/sites\/5\/2025\/01\/Forrmulario-de-interesse-de-estagio-Instituicao-concedente_TO-1.docx\" target=\"_blank\" rel=\"noopener noreferrer\">Forrmul\u00e1rio de interesse de est\u00e1gio Institui\u00e7\u00e3o concedente_TO<\/a><\/p>\n<p><strong><a href=\"https:\/\/saude.ufpr.br\/terapiaocupacional\/wp-content\/uploads\/sites\/5\/2025\/08\/Reuniao-discentes-2025_2.pptx\" target=\"_blank\" rel=\"noopener noreferrer\">Apresenta\u00e7\u00e3o para a Reuni\u00e3o de divis\u00e3o de est\u00e1gio &#8211; semestre 2025\/2<\/a><\/strong><\/p>\n<p><strong>Documentos normativos<\/strong><\/p>\n<p><a href=\"https:\/\/saude.ufpr.br\/terapiaocupacional\/wp-content\/uploads\/sites\/5\/2017\/03\/resolu\u00e7\u00e3o-est\u00e1gio-46-10.pdf\" target=\"_blank\" rel=\"noopener noreferrer\">Resolu\u00e7\u00e3o n\u00ba 46\/10-CEPE<\/a> \u2013 Disp\u00f5e sobre os est\u00e1gios na UFPR.<\/p>\n<p><a href=\"https:\/\/saude.ufpr.br\/terapiaocupacional\/wp-content\/uploads\/sites\/5\/2017\/03\/Lei11788Estagio.pdf\" target=\"_blank\" rel=\"noopener noreferrer\">Lei Federal 11.788-08<\/a>\u00a0\u2013 Disp\u00f5e sobre o est\u00e1gio de estudantes.<\/p>\n<p>Regulamentos do Est\u00e1gio do Curso de Terapia Ocupacional &#8211; UFPR:<\/p>\n<ul>\n<li><a href=\"https:\/\/saude.ufpr.br\/terapiaocupacional\/wp-content\/uploads\/sites\/5\/2025\/07\/Regulamento-de-Estagio-COE_CCTO_UFPR_-jun-2025-Aprovado.pdf\" target=\"_blank\" rel=\"noopener noreferrer\"><strong>Regulamento de est\u00e1gio atualizado em 9\/7\/2025<\/strong><\/a><\/li>\n<li><a href=\"https:\/\/saude.ufpr.br\/terapiaocupacional\/wp-content\/uploads\/sites\/5\/2022\/03\/regulamento-estagio.pdf\"><span style=\"text-decoration: line-through\">Regulamento de est\u00e1gio atualizado em 2021 &#8211; curr\u00edculos vers\u00e3o 2017<\/span><\/a><\/li>\n<li><a href=\"https:\/\/saude.ufpr.br\/terapiaocupacional\/wp-content\/uploads\/sites\/5\/2020\/03\/Regulamento-est\u00e1gio-curr\u00edculo-novo-15.03.pdf\"><span style=\"text-decoration: line-through\">Dos curr\u00edculos vers\u00e3o 2017<\/span><\/a><\/li>\n<li><a href=\"https:\/\/saude.ufpr.br\/terapiaocupacional\/wp-content\/uploads\/sites\/5\/2020\/03\/Regulamento-COE-21.02-curr\u00edculo-em-extin\u00e7\u00e3o.pdf\"><span style=\"text-decoration: line-through\">Dos curr\u00edculos vers\u00e3o 2007 (diurno) ou vers\u00e3o 2011 (noturno)<\/span><\/a><\/li>\n<\/ul>\n<p><a href=\"http:\/\/www.prograd.ufpr.br\/cge\/wp-content\/uploads\/sites\/4\/2019\/01\/Manual-de-Est\u00e1gios-Vers\u00e3o-Final.pdf\" target=\"_blank\" rel=\"noopener noreferrer\">Manual de Est\u00e1gios da UFPR<\/a><\/p>\n<p><a href=\"https:\/\/saude.ufpr.br\/terapiaocupacional\/wp-content\/uploads\/sites\/5\/2020\/11\/cartilha_lei_estagio.pdf\">Cartilha Esclarecedora sobre a Lei do Est\u00e1gio (Lei n\u00ba 11.788\/2008)<\/a><\/p>\n<p><a href=\"https:\/\/saude.ufpr.br\/terapiaocupacional\/wp-content\/uploads\/sites\/5\/2025\/07\/Fluxograma-Parceria-Novos-Campos-de-Estagio-2021.pdf\" target=\"_blank\" rel=\"noopener noreferrer\">Fluxograma Parceria Novos Campos de Est\u00e1gio<\/a><\/p>\n<p><a href=\"https:\/\/saude.ufpr.br\/terapiaocupacional\/wp-content\/uploads\/sites\/5\/2020\/11\/RESOLUCAO-n\u00b0-451-DE-26-DE-FEVEREIRO-DE-2015-Dispoe-sobre-o-estagio-curricular-obrigatorio-em-Terapia-Ocupacional_.pdf\">RESOLU\u00c7\u00c3O n\u00b0 451, DE 26 DE FEVEREIRO DE 2015<\/a> &#8211; Disp\u00f5e sobre o est\u00e1gio curricular obrigat\u00f3rio em Terapia Ocupacional<\/p>\n<p><a href=\"https:\/\/saude.ufpr.br\/terapiaocupacional\/wp-content\/uploads\/sites\/5\/2020\/11\/RESOLUCAO-n\u00b0-452-DE-26-DE-FEVEREIRO-DE-2015-Dispoe-sobre-o-estagio-nao-obrigatorio-em-Terapia-Ocupacional_.pdf\">RESOLU\u00c7\u00c3O n\u00b0 452, DE 26 DE FEVEREIRO DE 2015<\/a> &#8211; Disp\u00f5e sobre o est\u00e1gio n\u00e3o obrigat\u00f3rio em Terapia Ocupacional<\/p>\n<p><a href=\"https:\/\/saude.ufpr.br\/terapiaocupacional\/wp-content\/uploads\/sites\/5\/2017\/08\/Fluxo-SESA.pdf\" target=\"_blank\" rel=\"noopener noreferrer\">Fluxo Secretaria de Sa\u00fade do Estado\u00a0do Paran\u00e1<\/a><\/p>\n","protected":false},"excerpt":{"rendered":"<p>O est\u00e1gio, conceituado como elemento curricular de car\u00e1ter formador e como um ato educativo supervisionado previsto para o Curso de Terapia Ocupacional, est\u00e1 regulamentado em conson\u00e2ncia com a defini\u00e7\u00e3o do perfil do profissional egresso, bem como com os objetivos para [&hellip;]<\/p>\n","protected":false},"author":8,"featured_media":0,"parent":1214,"menu_order":0,"comment_status":"closed","ping_status":"closed","template":"","meta":{"_acf_changed":false,"_uag_custom_page_level_css":"","footnotes":""},"class_list":["post-321","page","type-page","status-publish","hentry"],"acf":[],"featured_image_src":null,"uagb_featured_image_src":{"full":false,"thumbnail":false,"medium":false,"medium_large":false,"large":false,"1536x1536":false,"2048x2048":false},"uagb_author_info":{"display_name":"caiubidysarz","author_link":"https:\/\/saude.ufpr.br\/terapiaocupacional\/author\/caiubidysarz\/"},"uagb_comment_info":0,"uagb_excerpt":"O est\u00e1gio, conceituado como elemento curricular de car\u00e1ter formador e como um ato educativo supervisionado previsto para o Curso de Terapia Ocupacional, est\u00e1 regulamentado em conson\u00e2ncia com a defini\u00e7\u00e3o do perfil do profissional egresso, bem como com os objetivos para [&hellip;]","publishpress_future_action":{"enabled":false,"date":"2026-04-30 07:05:14","action":"change-status","newStatus":"draft","terms":[],"taxonomy":"","extraData":[]},"publishpress_future_workflow_manual_trigger":{"enabledWorkflows":[]},"_links":{"self":[{"href":"https:\/\/saude.ufpr.br\/terapiaocupacional\/wp-json\/wp\/v2\/pages\/321","targetHints":{"allow":["GET"]}}],"collection":[{"href":"https:\/\/saude.ufpr.br\/terapiaocupacional\/wp-json\/wp\/v2\/pages"}],"about":[{"href":"https:\/\/saude.ufpr.br\/terapiaocupacional\/wp-json\/wp\/v2\/types\/page"}],"author":[{"embeddable":true,"href":"https:\/\/saude.ufpr.br\/terapiaocupacional\/wp-json\/wp\/v2\/users\/8"}],"replies":[{"embeddable":true,"href":"https:\/\/saude.ufpr.br\/terapiaocupacional\/wp-json\/wp\/v2\/comments?post=321"}],"version-history":[{"count":40,"href":"https:\/\/saude.ufpr.br\/terapiaocupacional\/wp-json\/wp\/v2\/pages\/321\/revisions"}],"predecessor-version":[{"id":5245,"href":"https:\/\/saude.ufpr.br\/terapiaocupacional\/wp-json\/wp\/v2\/pages\/321\/revisions\/5245"}],"up":[{"embeddable":true,"href":"https:\/\/saude.ufpr.br\/terapiaocupacional\/wp-json\/wp\/v2\/pages\/1214"}],"wp:attachment":[{"href":"https:\/\/saude.ufpr.br\/terapiaocupacional\/wp-json\/wp\/v2\/media?parent=321"}],"curies":[{"name":"wp","href":"https:\/\/api.w.org\/{rel}","templated":true}]}}