{"id":3369,"date":"2020-07-27T17:30:44","date_gmt":"2020-07-27T20:30:44","guid":{"rendered":"https:\/\/saude.ufpr.br\/terapiaocupacional\/?page_id=3369"},"modified":"2021-05-14T15:47:48","modified_gmt":"2021-05-14T18:47:48","slug":"curriculo-antigo","status":"publish","type":"page","link":"https:\/\/saude.ufpr.br\/terapiaocupacional\/curriculo-antigo\/","title":{"rendered":"Curr\u00edculo Antigo"},"content":{"rendered":"<p>Abaixo encontra-se uma planilha preparada pela Coordena\u00e7\u00e3o do Curso de Terapia Ocupacional com as informa\u00e7\u00f5es consolidadas sobre a matriz curricular em extin\u00e7\u00e3o do Curso de Terapia Ocupacional:<\/p>\n<p><a href=\"https:\/\/saude.ufpr.br\/terapiaocupacional\/wp-content\/uploads\/sites\/5\/2020\/07\/Grade-Curricular-2007-2011.pdf\">Vers\u00f5es 2007 ou 2011<\/a><\/p>\n<h2>Correspond\u00eancias<\/h2>\n<p>Planilha consolidada feita pela Coordena\u00e7\u00e3o do Curso de Terapia Ocupacional com as correspond\u00eancias de disciplinas:<\/p>\n<p><a href=\"https:\/\/saude.ufpr.br\/terapiaocupacional\/wp-content\/uploads\/sites\/5\/2020\/03\/Equivalencias-velho-e-novo.pdf\">Correspond\u00eancias<\/a><\/p>\n","protected":false},"excerpt":{"rendered":"<p>Abaixo encontra-se uma planilha preparada pela Coordena\u00e7\u00e3o do Curso de Terapia Ocupacional com as informa\u00e7\u00f5es consolidadas sobre a matriz curricular em extin\u00e7\u00e3o do Curso de Terapia Ocupacional: Vers\u00f5es 2007 ou 2011 Correspond\u00eancias Planilha consolidada feita pela Coordena\u00e7\u00e3o do Curso de [&hellip;]<\/p>\n","protected":false},"author":1636,"featured_media":0,"parent":0,"menu_order":0,"comment_status":"closed","ping_status":"closed","template":"","meta":{"_acf_changed":false,"_uag_custom_page_level_css":"","footnotes":""},"class_list":["post-3369","page","type-page","status-publish","hentry"],"acf":[],"featured_image_src":null,"uagb_featured_image_src":{"full":false,"thumbnail":false,"medium":false,"medium_large":false,"large":false,"1536x1536":false,"2048x2048":false},"uagb_author_info":{"display_name":"Matheus Oliveira K\u00fchn","author_link":"https:\/\/saude.ufpr.br\/terapiaocupacional\/author\/matheus\/"},"uagb_comment_info":0,"uagb_excerpt":"Abaixo encontra-se uma planilha preparada pela Coordena\u00e7\u00e3o do Curso de Terapia Ocupacional com as informa\u00e7\u00f5es consolidadas sobre a matriz curricular em extin\u00e7\u00e3o do Curso de Terapia Ocupacional: Vers\u00f5es 2007 ou 2011 Correspond\u00eancias Planilha consolidada feita pela Coordena\u00e7\u00e3o do Curso de [&hellip;]","publishpress_future_action":{"enabled":false,"date":"2026-04-11 01:09:45","action":"change-status","newStatus":"draft","terms":[],"taxonomy":"","extraData":[]},"publishpress_future_workflow_manual_trigger":{"enabledWorkflows":[]},"_links":{"self":[{"href":"https:\/\/saude.ufpr.br\/terapiaocupacional\/wp-json\/wp\/v2\/pages\/3369","targetHints":{"allow":["GET"]}}],"collection":[{"href":"https:\/\/saude.ufpr.br\/terapiaocupacional\/wp-json\/wp\/v2\/pages"}],"about":[{"href":"https:\/\/saude.ufpr.br\/terapiaocupacional\/wp-json\/wp\/v2\/types\/page"}],"author":[{"embeddable":true,"href":"https:\/\/saude.ufpr.br\/terapiaocupacional\/wp-json\/wp\/v2\/users\/1636"}],"replies":[{"embeddable":true,"href":"https:\/\/saude.ufpr.br\/terapiaocupacional\/wp-json\/wp\/v2\/comments?post=3369"}],"version-history":[{"count":7,"href":"https:\/\/saude.ufpr.br\/terapiaocupacional\/wp-json\/wp\/v2\/pages\/3369\/revisions"}],"predecessor-version":[{"id":4086,"href":"https:\/\/saude.ufpr.br\/terapiaocupacional\/wp-json\/wp\/v2\/pages\/3369\/revisions\/4086"}],"wp:attachment":[{"href":"https:\/\/saude.ufpr.br\/terapiaocupacional\/wp-json\/wp\/v2\/media?parent=3369"}],"curies":[{"name":"wp","href":"https:\/\/api.w.org\/{rel}","templated":true}]}}