{"id":345,"date":"2016-05-20T22:02:26","date_gmt":"2016-05-20T22:02:26","guid":{"rendered":"https:\/\/saude.ufpr.br\/terapiaocupacional\/?page_id=345"},"modified":"2020-06-29T12:17:18","modified_gmt":"2020-06-29T15:17:18","slug":"residencia","status":"publish","type":"page","link":"https:\/\/saude.ufpr.br\/terapiaocupacional\/residencia\/","title":{"rendered":"Resid\u00eancia &#8211; CHC\/UFPR"},"content":{"rendered":"<p>&nbsp;<\/p>\n<p><strong><a href=\"https:\/\/saude.ufpr.br\/terapiaocupacional\/wp-content\/uploads\/sites\/5\/2016\/05\/HC.UFPR_.jpg\"><img fetchpriority=\"high\" decoding=\"async\" class=\"alignnone size-medium wp-image-823\" src=\"https:\/\/saude.ufpr.br\/terapiaocupacional\/wp-content\/uploads\/sites\/5\/2016\/05\/HC.UFPR_-300x225.jpg\" alt=\"HC.UFPR\" width=\"300\" height=\"225\" srcset=\"https:\/\/saude.ufpr.br\/terapiaocupacional\/wp-content\/uploads\/sites\/5\/2016\/05\/HC.UFPR_-300x225.jpg 300w, https:\/\/saude.ufpr.br\/terapiaocupacional\/wp-content\/uploads\/sites\/5\/2016\/05\/HC.UFPR_-768x576.jpg 768w, https:\/\/saude.ufpr.br\/terapiaocupacional\/wp-content\/uploads\/sites\/5\/2016\/05\/HC.UFPR_.jpg 800w\" sizes=\"(max-width: 300px) 100vw, 300px\" \/><\/a><\/strong><\/p>\n<p><strong>COMPLEXO HOSPITAL DE CL\u00cdNICAS DA UNIVERSIDADE FEDERAL DO PARAN\u00c1<\/strong><\/p>\n<p><strong>RESID\u00caNCIA INTEGRADA MULTIPROFISSIONAL EM ATEN\u00c7\u00c3O HOSPITALAR.<\/strong><\/p>\n<p>Para acessar maiores informa\u00e7\u00f5es, <a href=\"http:\/\/www.hc.ufpr.br\/?q=content\/resid%C3%AAncia-multiprofissional\">CLIQUE AQUI<\/a><\/p>\n<p>&nbsp;<\/p>\n<p>&nbsp;<\/p>\n<p>&nbsp;<\/p>\n","protected":false},"excerpt":{"rendered":"<p>&nbsp; COMPLEXO HOSPITAL DE CL\u00cdNICAS DA UNIVERSIDADE FEDERAL DO PARAN\u00c1 RESID\u00caNCIA INTEGRADA MULTIPROFISSIONAL EM ATEN\u00c7\u00c3O HOSPITALAR. Para acessar maiores informa\u00e7\u00f5es, CLIQUE AQUI &nbsp; &nbsp; &nbsp;<\/p>\n","protected":false},"author":8,"featured_media":0,"parent":0,"menu_order":0,"comment_status":"closed","ping_status":"closed","template":"","meta":{"_acf_changed":false,"_uag_custom_page_level_css":"","footnotes":""},"class_list":["post-345","page","type-page","status-publish","hentry"],"acf":[],"featured_image_src":null,"uagb_featured_image_src":{"full":false,"thumbnail":false,"medium":false,"medium_large":false,"large":false,"1536x1536":false,"2048x2048":false},"uagb_author_info":{"display_name":"caiubidysarz","author_link":"https:\/\/saude.ufpr.br\/terapiaocupacional\/author\/caiubidysarz\/"},"uagb_comment_info":0,"uagb_excerpt":"&nbsp; COMPLEXO HOSPITAL DE CL\u00cdNICAS DA UNIVERSIDADE FEDERAL DO PARAN\u00c1 RESID\u00caNCIA INTEGRADA MULTIPROFISSIONAL EM ATEN\u00c7\u00c3O HOSPITALAR. Para acessar maiores informa\u00e7\u00f5es, CLIQUE AQUI &nbsp; &nbsp; &nbsp;","publishpress_future_action":{"enabled":false,"date":"2026-04-25 05:31:57","action":"change-status","newStatus":"draft","terms":[],"taxonomy":"","extraData":[]},"publishpress_future_workflow_manual_trigger":{"enabledWorkflows":[]},"_links":{"self":[{"href":"https:\/\/saude.ufpr.br\/terapiaocupacional\/wp-json\/wp\/v2\/pages\/345","targetHints":{"allow":["GET"]}}],"collection":[{"href":"https:\/\/saude.ufpr.br\/terapiaocupacional\/wp-json\/wp\/v2\/pages"}],"about":[{"href":"https:\/\/saude.ufpr.br\/terapiaocupacional\/wp-json\/wp\/v2\/types\/page"}],"author":[{"embeddable":true,"href":"https:\/\/saude.ufpr.br\/terapiaocupacional\/wp-json\/wp\/v2\/users\/8"}],"replies":[{"embeddable":true,"href":"https:\/\/saude.ufpr.br\/terapiaocupacional\/wp-json\/wp\/v2\/comments?post=345"}],"version-history":[{"count":10,"href":"https:\/\/saude.ufpr.br\/terapiaocupacional\/wp-json\/wp\/v2\/pages\/345\/revisions"}],"predecessor-version":[{"id":3071,"href":"https:\/\/saude.ufpr.br\/terapiaocupacional\/wp-json\/wp\/v2\/pages\/345\/revisions\/3071"}],"wp:attachment":[{"href":"https:\/\/saude.ufpr.br\/terapiaocupacional\/wp-json\/wp\/v2\/media?parent=345"}],"curies":[{"name":"wp","href":"https:\/\/api.w.org\/{rel}","templated":true}]}}