{"id":349,"date":"2016-05-20T22:13:04","date_gmt":"2016-05-20T22:13:04","guid":{"rendered":"https:\/\/saude.ufpr.br\/terapiaocupacional\/?page_id=349"},"modified":"2017-03-13T19:55:08","modified_gmt":"2017-03-13T19:55:08","slug":"caracterizacao-do-programa","status":"publish","type":"page","link":"https:\/\/saude.ufpr.br\/terapiaocupacional\/caracterizacao-do-programa\/","title":{"rendered":"Caracteriza\u00e7\u00e3o do Programa"},"content":{"rendered":"<p><strong>RESID\u00caNCIA INTEGRADA MULTIPROFISSIONAL EM ATEN\u00c7\u00c3O HOSPITALAR<\/strong><\/p>\n<p><strong>HOSPITAL DE CL\u00cdNICAS DA UNIVERSIDADE FEDERAL DO PARAN\u00c1<\/strong><\/p>\n<p><strong>\u00a0<\/strong><\/p>\n<p><strong>\u00a0<\/strong>A Resid\u00eancia Integrada Multiprofissional em Aten\u00e7\u00e3o Hospitalar do Hospital de Cl\u00ednicas da Universidade Federal \u00e9 regulamentada pela <strong>Lei n.\u00ba 11.129, de 30 de junho de 2005 <\/strong>e suas complementa\u00e7\u00f5es, pela Resolu\u00e7\u00e3o vigentes do Conselho de Ensino e Pesquisa da Universidade Federal do Paran\u00e1, e pelas delibera\u00e7\u00f5es da Comiss\u00e3o Nacional de Resid\u00eancia Multiprofissional do Minist\u00e9rio da Educa\u00e7\u00e3o\/SESu, sendo oficialmente credenciada e reconhecida, emitindo, em favor daqueles que efetivamente cumpram os Programas de Resid\u00eancia Multiprofissional em Sa\u00fade, o Certificado de Resid\u00eancia Multiprofissional em Sa\u00fade, que constitui documento h\u00e1bil para registro de especialidade junto aos Conselhos de Classe, conforme a legisla\u00e7\u00e3o em vigor.<\/p>\n<p>&nbsp;<\/p>\n<p>O funcionamento da Resid\u00eancia \u00e9 garantido pela Pr\u00f3-Reitoria de P\u00f3s-Gradua\u00e7\u00e3o, pelo Setor de Ci\u00eancias da Sa\u00fade, pela Comiss\u00e3o de Resid\u00eancia Integrada Multiprofissional em Aten\u00e7\u00e3o Hospitalar (COREMU), pelo Conselho de Administra\u00e7\u00e3o do Hospital de Cl\u00ednicas e pelos diversos Departamentos e Servi\u00e7os envolvidos, devidamente regulamentados pelo Regimento Interno da Resid\u00eancia Multiprofissional em Sa\u00fade do Hospital de Cl\u00ednicas da UFPR.<\/p>\n<p>&nbsp;<\/p>\n<p>A Resid\u00eancia Integrada Multiprofissional em Aten\u00e7\u00e3o Hospitalar do Hospital de Cl\u00ednicas da Universidade Federal \u00e9 um programa de ensino de p\u00f3s-gradua\u00e7\u00e3o, caracterizada por treinamento em servi\u00e7o, em determinada \u00e1rea do conhecimento ou especialidade, visando aperfei\u00e7oar e especializar os profissionais da \u00e1rea da sa\u00fade.<\/p>\n<p>&nbsp;<\/p>\n<p>A resid\u00eancia multiprofissional permite ao profissional de sa\u00fade ampliar sua vis\u00e3o de assist\u00eancia, exercitando o atendimento integral ao cidad\u00e3o com o planejamento de assist\u00eancia hospitalar articulada com a rede b\u00e1sica de sa\u00fade, podendo ir de encontro \u00e0 comunidade atendida pelo SUS em Unidades B\u00e1sicas de Sa\u00fade e interagindo com os demais profissionais da \u00e1rea de sa\u00fade nas unidades e no Hospital.<\/p>\n<p><strong>Objetivos:<\/strong><\/p>\n<p>&nbsp;<\/p>\n<p>Objetivo Geral:<\/p>\n<ul>\n<li>Formar profissionais preparados com rigor cient\u00edfico e tecnol\u00f3gico em suas \u00e1reas de atua\u00e7\u00e3o cl\u00ednica, de forma articulada com os demais profissionais de sa\u00fade e comprometidos com a aten\u00e7\u00e3o integral \u00e0 sa\u00fade do indiv\u00edduo hospitalizado.<\/li>\n<\/ul>\n<p>&nbsp;<\/p>\n<p>Objetivos Espec\u00edficos:<\/p>\n<ul>\n<li>Promover integra\u00e7\u00e3o entre ensino e assist\u00eancia hospitalar.<\/li>\n<li>Promover produ\u00e7\u00e3o cient\u00edfica e dissemina\u00e7\u00e3o do saber.<\/li>\n<li>Estabelecer articula\u00e7\u00e3o entre assist\u00eancia \u00e0 sa\u00fade no \u00e2mbito hospitalar e nas unidades b\u00e1sicas de sa\u00fade.<\/li>\n<li>Contribuir para a educa\u00e7\u00e3o permanente dos trabalhadores de sa\u00fade.<\/li>\n<li>Estimular a forma\u00e7\u00e3o de grupos de pesquisa que articulem ensino e assist\u00eancia.<\/li>\n<li>Fomentar pesquisas cient\u00edficas para atender demandas do servi\u00e7o como fonte de conhecimento e pesquisa na universidade.<\/li>\n<\/ul>\n<p>&nbsp;<\/p>\n<p>&nbsp;<\/p>\n<p><strong>\u00c1reas de Concentra\u00e7\u00e3o: <\/strong><\/p>\n<p>Pr\u00e1ticas Cl\u00ednicas em Cardiovascular, Oncologia\/Hematologia, Sa\u00fade do Adulto e do Idoso, Sa\u00fade da Mulher e Urg\u00eancia e Emerg\u00eancia.<\/p>\n<p>&nbsp;<\/p>\n<p><strong>Per\u00edodo de Realiza\u00e7\u00e3o: <\/strong>01 de fevereiro de 2010 a 31 de janeiro de 2011.<\/p>\n<p><strong>Carga Hor\u00e1ria Total (da \u00c1rea de Concentra\u00e7\u00e3o):\u00a0 <\/strong>5760 horas.<\/p>\n<p><strong>Carga Hor\u00e1ria Semanal:<\/strong> 60 horas semanais<\/p>\n<p><strong>Carga Hor\u00e1ria Te\u00f3rica Total<\/strong>:<\/p>\n<p>1152 horas, sendo 576 horas ao ano, correspondendo a 20% da carga hor\u00e1ria total.<\/p>\n<p><strong>Carga Hor\u00e1ria Pr\u00e1tica Total:<\/strong> 4.608 horas, sendo 2.304 horas ao ano.<\/p>\n<p><strong>Modalidade do Curso<\/strong>: Tempo Integral e dedica\u00e7\u00e3o exclusiva<\/p>\n<p><strong>N\u00famero de Vagas Anuais: <\/strong><\/p>\n<p><strong>\u00a0<\/strong>\u00a0<strong>\u00c1reas Profissionais: \u00a0\u00a0\u00a0\u00a0\u00a0\u00a0 \u00a0<\/strong><\/p>\n<p><strong>\u00a0<\/strong><\/p>\n<p>(3) Enfermagem\u00a0\u00a0\u00a0\u00a0\u00a0\u00a0\u00a0\u00a0\u00a0\u00a0\u00a0\u00a0\u00a0\u00a0\u00a0\u00a0\u00a0\u00a0\u00a0\u00a0\u00a0\u00a0\u00a0\u00a0\u00a0\u00a0\u00a0\u00a0\u00a0 (3) Nutri\u00e7\u00e3o<\/p>\n<p>(3) Farm\u00e1cia\u00a0\u00a0\u00a0\u00a0\u00a0\u00a0\u00a0\u00a0\u00a0\u00a0\u00a0\u00a0\u00a0\u00a0\u00a0\u00a0\u00a0\u00a0\u00a0\u00a0\u00a0\u00a0\u00a0\u00a0\u00a0\u00a0\u00a0\u00a0\u00a0\u00a0\u00a0\u00a0\u00a0\u00a0\u00a0 (2) Servi\u00e7o Social<\/p>\n<p>(3) Farm\u00e1cia-Bioqu\u00edmica\u00a0\u00a0 \u00a0\u00a0\u00a0\u00a0\u00a0\u00a0\u00a0\u00a0\u00a0\u00a0 (2) Terapia Ocupacional<\/p>\n<p>(2) Fisioterapia<\/p>\n<p>&nbsp;<\/p>\n<p>&nbsp;<\/p>\n<p><strong>Vagas por Programa:<\/strong><\/p>\n<p><strong>\u00c1rea de Concentra\u00e7\u00e3o: Pr\u00e1ticas Cl\u00ednicas em Cardiovascular:<\/strong><\/p>\n<p>Enfermagem: 1 vaga<\/p>\n<p>Farm\u00e1cia: 1 vaga<\/p>\n<p>Psicologia: 1 vaga<\/p>\n<p>&nbsp;<\/p>\n<p><strong>\u00c1rea de Concentra\u00e7\u00e3o Oncologia e Hematologia:<\/strong><\/p>\n<p>Farm\u00e1cia: 1 vaga<\/p>\n<p>Farm\u00e1cia-Bioqu\u00edmica: 1 vaga<\/p>\n<p>Terapia ocupacional: 1 vaga<\/p>\n<p>&nbsp;<\/p>\n<p><strong>\u00c1rea de Concentra\u00e7\u00e3o: Sa\u00fade do Adulto e do Idoso:<\/strong><\/p>\n<p>Fisioterapia: 2 vagas<\/p>\n<p>Nutri\u00e7\u00e3o: 3 vagas<\/p>\n<p>Terapia Ocupacional: 1 vaga<\/p>\n<p>&nbsp;<\/p>\n<p><strong>\u00c1rea de Concentra\u00e7\u00e3o Sa\u00fade da Mulher<\/strong><\/p>\n<p>Farm\u00e1cia: 1 vaga<\/p>\n<p>Farm\u00e1cia-Bioqu\u00edmica: 1 vaga<\/p>\n<p>Servi\u00e7o Social: 1 vaga<\/p>\n<p><strong>\u00a0<\/strong><\/p>\n<p><strong>\u00c1rea de Concentra\u00e7\u00e3o Urg\u00eancia e Emerg\u00eancia:<\/strong><\/p>\n<p>Enfermagem: 2 vagas<\/p>\n<p>Farm\u00e1cia-Bioqu\u00edmica: 1 vaga<\/p>\n<p>Psicologia: 1 vaga<\/p>\n","protected":false},"excerpt":{"rendered":"<p>RESID\u00caNCIA INTEGRADA MULTIPROFISSIONAL EM ATEN\u00c7\u00c3O HOSPITALAR HOSPITAL DE CL\u00cdNICAS DA UNIVERSIDADE FEDERAL DO PARAN\u00c1 \u00a0 \u00a0A Resid\u00eancia Integrada Multiprofissional em Aten\u00e7\u00e3o Hospitalar do Hospital de Cl\u00ednicas da Universidade Federal \u00e9 regulamentada pela Lei n.\u00ba 11.129, de 30 de junho de [&hellip;]<\/p>\n","protected":false},"author":8,"featured_media":0,"parent":0,"menu_order":0,"comment_status":"closed","ping_status":"closed","template":"","meta":{"_acf_changed":false,"_uag_custom_page_level_css":"","footnotes":""},"class_list":["post-349","page","type-page","status-publish","hentry"],"acf":[],"featured_image_src":null,"uagb_featured_image_src":{"full":false,"thumbnail":false,"medium":false,"medium_large":false,"large":false,"1536x1536":false,"2048x2048":false},"uagb_author_info":{"display_name":"caiubidysarz","author_link":"https:\/\/saude.ufpr.br\/terapiaocupacional\/author\/caiubidysarz\/"},"uagb_comment_info":0,"uagb_excerpt":"RESID\u00caNCIA INTEGRADA MULTIPROFISSIONAL EM ATEN\u00c7\u00c3O HOSPITALAR HOSPITAL DE CL\u00cdNICAS DA UNIVERSIDADE FEDERAL DO PARAN\u00c1 \u00a0 \u00a0A Resid\u00eancia Integrada Multiprofissional em Aten\u00e7\u00e3o Hospitalar do Hospital de Cl\u00ednicas da Universidade Federal \u00e9 regulamentada pela Lei n.\u00ba 11.129, de 30 de junho de [&hellip;]","publishpress_future_action":{"enabled":false,"date":"2026-04-12 23:21:31","action":"change-status","newStatus":"draft","terms":[],"taxonomy":"","extraData":[]},"publishpress_future_workflow_manual_trigger":{"enabledWorkflows":[]},"_links":{"self":[{"href":"https:\/\/saude.ufpr.br\/terapiaocupacional\/wp-json\/wp\/v2\/pages\/349","targetHints":{"allow":["GET"]}}],"collection":[{"href":"https:\/\/saude.ufpr.br\/terapiaocupacional\/wp-json\/wp\/v2\/pages"}],"about":[{"href":"https:\/\/saude.ufpr.br\/terapiaocupacional\/wp-json\/wp\/v2\/types\/page"}],"author":[{"embeddable":true,"href":"https:\/\/saude.ufpr.br\/terapiaocupacional\/wp-json\/wp\/v2\/users\/8"}],"replies":[{"embeddable":true,"href":"https:\/\/saude.ufpr.br\/terapiaocupacional\/wp-json\/wp\/v2\/comments?post=349"}],"version-history":[{"count":2,"href":"https:\/\/saude.ufpr.br\/terapiaocupacional\/wp-json\/wp\/v2\/pages\/349\/revisions"}],"predecessor-version":[{"id":826,"href":"https:\/\/saude.ufpr.br\/terapiaocupacional\/wp-json\/wp\/v2\/pages\/349\/revisions\/826"}],"wp:attachment":[{"href":"https:\/\/saude.ufpr.br\/terapiaocupacional\/wp-json\/wp\/v2\/media?parent=349"}],"curies":[{"name":"wp","href":"https:\/\/api.w.org\/{rel}","templated":true}]}}