{"id":36,"date":"2014-07-23T14:12:23","date_gmt":"2014-07-23T14:12:23","guid":{"rendered":"https:\/\/saude.ufpr.br\/terapiaocupacional\/?page_id=36"},"modified":"2022-08-05T10:50:26","modified_gmt":"2022-08-05T13:50:26","slug":"segunda-chamada-de-prova","status":"publish","type":"page","link":"https:\/\/saude.ufpr.br\/terapiaocupacional\/segunda-chamada-de-prova\/","title":{"rendered":"Segunda Chamada de Prova"},"content":{"rendered":"<p>&nbsp;<\/p>\n<p>De acordo com a Resolu\u00e7\u00e3o 37\/97 &#8211; CEPE, o aluno poder\u00e1 requerer ao Departamento uma segunda chamada da avalia\u00e7\u00e3o no prazo m\u00e1ximo de <span style=\"text-decoration: underline\"><strong>5 dias \u00fateis<\/strong><\/span> ap\u00f3s a aplica\u00e7\u00e3o da prova.<\/p>\n<p>Todo o pedido de segunda chamada de avalia\u00e7\u00e3o dever\u00e1 ser justificado mediante documento que comprove o impedimento para o comparecimento na avalia\u00e7\u00e3o da disciplina. Os impedimentos considerados para deferimento de uma segunda chamada s\u00e3o:<\/p>\n<p>&nbsp;<\/p>\n<ul>\n<li>Exerc\u00edcios militares;<\/li>\n<li>Internamento hospitalar;<\/li>\n<li>Doen\u00e7a impeditiva de comparecimento;<\/li>\n<li>Luto por falecimento;<\/li>\n<li>Convoca\u00e7\u00f5es diversas (judiciais, eleitorais, etc.);<\/li>\n<li>Viagem sob conv\u00eanio UFPR;<\/li>\n<li>Eventos relacionados \u00e0 forma\u00e7\u00e3o acad\u00eamica e \u00e0 institui\u00e7\u00e3o.<\/li>\n<\/ul>\n<p><span style=\"text-decoration: underline\"><strong>N\u00e3o ser\u00e3o aceitos impedimentos sem documenta\u00e7\u00e3o que os comprove.<\/strong><\/span><\/p>\n<p>&nbsp;<\/p>\n\n<div class=\"wpcf7 no-js\" id=\"wpcf7-f4398-o1\" lang=\"pt-BR\" dir=\"ltr\" data-wpcf7-id=\"4398\">\n<div class=\"screen-reader-response\"><p role=\"status\" aria-live=\"polite\" aria-atomic=\"true\"><\/p> <ul><\/ul><\/div>\n<form action=\"\/terapiaocupacional\/wp-json\/wp\/v2\/pages\/36#wpcf7-f4398-o1\" method=\"post\" class=\"wpcf7-form init\" aria-label=\"Formul\u00e1rios de contato\" enctype=\"multipart\/form-data\" novalidate=\"novalidate\" data-status=\"init\">\n<fieldset class=\"hidden-fields-container\"><input type=\"hidden\" name=\"_wpcf7\" value=\"4398\" \/><input type=\"hidden\" name=\"_wpcf7_version\" value=\"6.1.5\" \/><input type=\"hidden\" name=\"_wpcf7_locale\" value=\"pt_BR\" \/><input type=\"hidden\" name=\"_wpcf7_unit_tag\" value=\"wpcf7-f4398-o1\" \/><input type=\"hidden\" name=\"_wpcf7_container_post\" value=\"0\" \/><input type=\"hidden\" name=\"_wpcf7_posted_data_hash\" value=\"\" \/>\n<\/fieldset>\n<p><label> <\/label>\n<\/p>\n<h5>Nome:\n<\/h5>\n<p><span class=\"wpcf7-form-control-wrap\" data-name=\"your-name\"><input size=\"40\" maxlength=\"400\" class=\"wpcf7-form-control wpcf7-text wpcf7-validates-as-required\" aria-required=\"true\" aria-invalid=\"false\" value=\"\" type=\"text\" name=\"your-name\" \/><\/span>\n<\/p>\n<p><label> <\/label>\n<\/p>\n<h5>E-mail:\n<\/h5>\n<p><span class=\"wpcf7-form-control-wrap\" data-name=\"your-email\"><input size=\"40\" maxlength=\"400\" class=\"wpcf7-form-control wpcf7-email wpcf7-validates-as-required wpcf7-text wpcf7-validates-as-email\" aria-required=\"true\" aria-invalid=\"false\" value=\"\" type=\"email\" name=\"your-email\" \/><\/span>\n<\/p>\n<p><label> <\/label>\n<\/p>\n<h5> GRR:\n<\/h5>\n<p><span class=\"wpcf7-form-control-wrap\" data-name=\"GRR\"><input size=\"40\" maxlength=\"400\" class=\"wpcf7-form-control wpcf7-text wpcf7-validates-as-required\" id=\"GRR\" aria-required=\"true\" aria-invalid=\"false\" value=\"\" type=\"text\" name=\"GRR\" \/><\/span>\n<\/p>\n<p><label> <\/label>\n<\/p>\n<h5> Per\u00edodo:\n<\/h5>\n<p><span class=\"wpcf7-form-control-wrap\" data-name=\"menu-319\"><select class=\"wpcf7-form-control wpcf7-select wpcf7-validates-as-required\" aria-required=\"true\" aria-invalid=\"false\" name=\"menu-319\"><option value=\"Escolha seu per\u00edodo na gradua\u00e7\u00e3o\">Escolha seu per\u00edodo na gradua\u00e7\u00e3o<\/option><option value=\"1\u00ba Per\u00edodo\">1\u00ba Per\u00edodo<\/option><option value=\"2\u00ba Per\u00edodo\">2\u00ba Per\u00edodo<\/option><option value=\"3\u00ba Per\u00edodo\">3\u00ba Per\u00edodo<\/option><option value=\"4\u00ba Per\u00edodo\">4\u00ba Per\u00edodo<\/option><option value=\"5\u00ba Per\u00edodo\">5\u00ba Per\u00edodo<\/option><option value=\"6\u00ba Per\u00edodo\">6\u00ba Per\u00edodo<\/option><option value=\"7\u00ba Per\u00edodo\">7\u00ba Per\u00edodo<\/option><option value=\"8\u00ba Per\u00edodo\">8\u00ba Per\u00edodo<\/option><option value=\"9\u00ba Per\u00edodo\">9\u00ba Per\u00edodo<\/option><option value=\"10\u00ba Per\u00edodo\">10\u00ba Per\u00edodo<\/option><option value=\"Desperiodizado\">Desperiodizado<\/option><\/select><\/span>\n<\/p>\n<p><label> <\/label>\n<\/p>\n<h5>Tipo de Afastamento:\n<\/h5>\n<p><span class=\"wpcf7-form-control-wrap\" data-name=\"menu-266\"><select class=\"wpcf7-form-control wpcf7-select wpcf7-validates-as-required\" aria-required=\"true\" aria-invalid=\"false\" name=\"menu-266\"><option value=\"Escolha em qual tipo de afastamento se enquadra o seu caso\">Escolha em qual tipo de afastamento se enquadra o seu caso<\/option><option value=\"exerc\u00edcios militares\">exerc\u00edcios militares<\/option><option value=\"internamento hospitalar\">internamento hospitalar<\/option><option value=\"doen\u00e7a impeditiva\">doen\u00e7a impeditiva<\/option><option value=\"luto por falecimento\">luto por falecimento<\/option><option value=\"convoca\u00e7\u00e3o policial\/judicial\">convoca\u00e7\u00e3o policial\/judicial<\/option><option value=\"convoca\u00e7\u00e3o para elei\u00e7\u00f5es\">convoca\u00e7\u00e3o para elei\u00e7\u00f5es<\/option><option value=\"viagens de conv\u00eanio da UFPR\">viagens de conv\u00eanio da UFPR<\/option><option value=\"participa\u00e7\u00e3o em eventos e atividades acad\u00eamicas\">participa\u00e7\u00e3o em eventos e atividades acad\u00eamicas<\/option><\/select><\/span>\n<\/p>\n<p><label> <\/label>\n<\/p>\n<h5>Comprovante de Afastamento:\n<\/h5>\n<p><span class=\"wpcf7-form-control-wrap\" data-name=\"file-378\"><input size=\"40\" class=\"wpcf7-form-control wpcf7-file wpcf7-validates-as-required\" accept=\".pdf,.jpg,.gif,.jpeg\" aria-required=\"true\" aria-invalid=\"false\" type=\"file\" name=\"file-378\" \/><\/span>\n<\/p>\n<p><label> <\/label>\n<\/p>\n<h5>Disciplina a ser requerida segunda chamada:\n<\/h5>\n<p><span class=\"wpcf7-form-control-wrap\" data-name=\"menu-230\"><select class=\"wpcf7-form-control wpcf7-select wpcf7-validates-as-required\" aria-required=\"true\" aria-invalid=\"false\" name=\"menu-230\"><option value=\"Escolha a disciplina\">Escolha a disciplina<\/option><option value=\"STO145 - Desenvolvimento Humano I\">STO145 - Desenvolvimento Humano I<\/option><option value=\"STO146 - Diversidade e Contextos\">STO146 - Diversidade e Contextos<\/option><option value=\"STO147 - Metodologia do Trabalho Cient\u00edfico e da Pesquisa I\">STO147 - Metodologia do Trabalho Cient\u00edfico e da Pesquisa I<\/option><option value=\"STO148 - Introdu\u00e7\u00e3o e Hist\u00f3ria da Terapia Ocupacional\">STO148 - Introdu\u00e7\u00e3o e Hist\u00f3ria da Terapia Ocupacional<\/option><option value=\"STO149 - Introdu\u00e7\u00e3o \u00e0 An\u00e1lise da Atividade Humana\">STO149 - Introdu\u00e7\u00e3o \u00e0 An\u00e1lise da Atividade Humana<\/option><option value=\"STO150 - Desenvolvimento Humano II\">STO150 - Desenvolvimento Humano II<\/option><option value=\"STO152 - Atividades Expressivas e Criativas\">STO152 - Atividades Expressivas e Criativas<\/option><option value=\"STO162 - An\u00e1lise da Atividade Humana\">STO162 - An\u00e1lise da Atividade Humana<\/option><option value=\"STO137 - Atividades da Vida Di\u00e1ria e Atividades Instrumentais da Vida Di\u00e1ria\">STO137 - Atividades da Vida Di\u00e1ria e Atividades Instrumentais da Vida Di\u00e1ria<\/option><option value=\"STO156 - Cinesiologia e Biomec\u00e2nica\">STO156 - Cinesiologia e Biomec\u00e2nica<\/option><option value=\"STO157 - Neuroci\u00eancias para Terapia Ocupacional\">STO157 - Neuroci\u00eancias para Terapia Ocupacional<\/option><option value=\"STO158 - Introdu\u00e7\u00e3o ao processo de Terapia Ocupacional\">STO158 - Introdu\u00e7\u00e3o ao processo de Terapia Ocupacional<\/option><option value=\"STO159 - \u00c9tica, Bio\u00e9tica e Deontologia\">STO159 - \u00c9tica, Bio\u00e9tica e Deontologia<\/option><option value=\"STO155 - Atividades de Lazer e Brincar\">STO155 - Atividades de Lazer e Brincar<\/option><option value=\"STO161 - Abordagens Grupais\">STO161 - Abordagens Grupais<\/option><option value=\"STO163 - Cinesioterapia para terapeutas ocupacionais\">STO163 - Cinesioterapia para terapeutas ocupacionais<\/option><option value=\"STO164 - Processo de Terapia Ocupacional na Aten\u00e7\u00e3o Prim\u00e1ria \u00e0 Sa\u00fade\">STO164 - Processo de Terapia Ocupacional na Aten\u00e7\u00e3o Prim\u00e1ria \u00e0 Sa\u00fade<\/option><option value=\"STO165 - Condi\u00e7\u00f5es cl\u00ednicas e cir\u00fargicas\">STO165 - Condi\u00e7\u00f5es cl\u00ednicas e cir\u00fargicas<\/option><option value=\"STO167 - Atividades de Trabalho\">STO167 - Atividades de Trabalho<\/option><option value=\"STO168 - Processo de Terapia Ocupacional em Saude Funcional I - Ortopedia e Reumatologia\">STO168 - Processo de Terapia Ocupacional em Saude Funcional I - Ortopedia e Reumatologia<\/option><option value=\"STO169 - Processo de Terapia Ocupacional nas Altera\u00e7\u00f5es de Desenvolvimento e Contextos Escolares\">STO169 - Processo de Terapia Ocupacional nas Altera\u00e7\u00f5es de Desenvolvimento e Contextos Escolares<\/option><option value=\"STO170 - Processo de Terapia Ocupacional na Sa\u00fade Mental\">STO170 - Processo de Terapia Ocupacional na Sa\u00fade Mental<\/option><option value=\"STO171 - M\u00e9todos, abordagens e procedimentos em Terapia Ocupacional I\">STO171 - M\u00e9todos, abordagens e procedimentos em Terapia Ocupacional I<\/option><option value=\"STO172 - Fundamentos para a pr\u00e1tica profissional\">STO172 - Fundamentos para a pr\u00e1tica profissional<\/option><option value=\"STO173 - Tecnologia Assistiva\">STO173 - Tecnologia Assistiva<\/option><option value=\"STO174 - Metodologia do Trabalho Cient\u00edfico e da Pesquisa II\">STO174 - Metodologia do Trabalho Cient\u00edfico e da Pesquisa II<\/option><option value=\"STO175 - Processo de Terapia Ocupacional em Sa\u00fade funcional II - Neurologia\">STO175 - Processo de Terapia Ocupacional em Sa\u00fade funcional II - Neurologia<\/option><option value=\"STO176 - Processo de Terapia Ocupacional nos Contextos Hospitalares\">STO176 - Processo de Terapia Ocupacional nos Contextos Hospitalares<\/option><option value=\"STO177 - Processo de Terapia Ocupacional nas Altera\u00e7\u00f5es de Desenvolvimento e Contextos Escolares II\">STO177 - Processo de Terapia Ocupacional nas Altera\u00e7\u00f5es de Desenvolvimento e Contextos Escolares II<\/option><option value=\"STO177 - Processo de Terapia Ocupacional nas Altera\u00e7\u00f5es de Desenvolvimento e Contextos Escolares II\">STO177 - Processo de Terapia Ocupacional nas Altera\u00e7\u00f5es de Desenvolvimento e Contextos Escolares II<\/option><option value=\"STO178- Pr\u00e1tica Espec\u00edfica em Terapia Ocupacional\">STO178- Pr\u00e1tica Espec\u00edfica em Terapia Ocupacional<\/option><option value=\"STO179 - Condi\u00e7\u00f5es Sociais\">STO179 - Condi\u00e7\u00f5es Sociais<\/option><option value=\"STO181 - Processo de Terapia Ocupacional em Sa\u00fade do Trabalhador\">STO181 - Processo de Terapia Ocupacional em Sa\u00fade do Trabalhador<\/option><option value=\"STO182 - Processo de Terapia Ocupacional na Aten\u00e7\u00e3o ao Idoso\">STO182 - Processo de Terapia Ocupacional na Aten\u00e7\u00e3o ao Idoso<\/option><option value=\"STO185 - Planejamento e Gest\u00e3o em Terapia Ocupacional\">STO185 - Planejamento e Gest\u00e3o em Terapia Ocupacional<\/option><option value=\"STO186 - Forma\u00e7\u00e3o e Identidade Profissional\">STO186 - Forma\u00e7\u00e3o e Identidade Profissional<\/option><option value=\"STO187 - Processo de Terapia Ocupacional nos Contextos Sociais\">STO187 - Processo de Terapia Ocupacional nos Contextos Sociais<\/option><option value=\"STO160 - M\u00e9todos, Abordagens e Procedimentos em Terapia Ocupacional II (optativa)\">STO160 - M\u00e9todos, Abordagens e Procedimentos em Terapia Ocupacional II (optativa)<\/option><option value=\"STO195 - Cuidados Paliativos (optativa)\">STO195 - Cuidados Paliativos (optativa)<\/option><\/select><\/span>\n<\/p>\n<p><label> <\/label>\n<\/p>\n<h5>Docente(s) Respons\u00e1vel(eis):\n<\/h5>\n<p><span class=\"wpcf7-form-control-wrap\" data-name=\"checkbox-98\"><span class=\"wpcf7-form-control wpcf7-checkbox wpcf7-validates-as-required\"><span class=\"wpcf7-list-item first\"><input type=\"checkbox\" name=\"checkbox-98[]\" value=\"Adriana Belmonte Moreira\" \/><span class=\"wpcf7-list-item-label\">Adriana Belmonte Moreira<\/span><\/span><span class=\"wpcf7-list-item\"><input type=\"checkbox\" name=\"checkbox-98[]\" value=\"Adriana Hessel Dalagassa\" \/><span class=\"wpcf7-list-item-label\">Adriana Hessel Dalagassa<\/span><\/span><span class=\"wpcf7-list-item\"><input type=\"checkbox\" name=\"checkbox-98[]\" value=\"Aline Ferrari Fabri\" \/><span class=\"wpcf7-list-item-label\">Aline Ferrari Fabri<\/span><\/span><span class=\"wpcf7-list-item\"><input type=\"checkbox\" name=\"checkbox-98[]\" value=\"Ana Carolina Passos de Oliveira\" \/><span class=\"wpcf7-list-item-label\">Ana Carolina Passos de Oliveira<\/span><\/span><span class=\"wpcf7-list-item\"><input type=\"checkbox\" name=\"checkbox-98[]\" value=\"Ana Maria Silvello Pereira\" \/><span class=\"wpcf7-list-item-label\">Ana Maria Silvello Pereira<\/span><\/span><span class=\"wpcf7-list-item\"><input type=\"checkbox\" name=\"checkbox-98[]\" value=\"Andr\u00e9a Maria Fedeger\" \/><span class=\"wpcf7-list-item-label\">Andr\u00e9a Maria Fedeger<\/span><\/span><span class=\"wpcf7-list-item\"><input type=\"checkbox\" name=\"checkbox-98[]\" value=\"\u00c2ngela Paula Simonelli\" \/><span class=\"wpcf7-list-item-label\">\u00c2ngela Paula Simonelli<\/span><\/span><span class=\"wpcf7-list-item\"><input type=\"checkbox\" name=\"checkbox-98[]\" value=\"Christiane Siegmann\" \/><span class=\"wpcf7-list-item-label\">Christiane Siegmann<\/span><\/span><span class=\"wpcf7-list-item\"><input type=\"checkbox\" name=\"checkbox-98[]\" value=\"Claudia Omairi\" \/><span class=\"wpcf7-list-item-label\">Claudia Omairi<\/span><\/span><span class=\"wpcf7-list-item\"><input type=\"checkbox\" name=\"checkbox-98[]\" value=\"Dayane Regina dos Santos\" \/><span class=\"wpcf7-list-item-label\">Dayane Regina dos Santos<\/span><\/span><span class=\"wpcf7-list-item\"><input type=\"checkbox\" name=\"checkbox-98[]\" value=\"Derivan Brito da Silva\" \/><span class=\"wpcf7-list-item-label\">Derivan Brito da Silva<\/span><\/span><span class=\"wpcf7-list-item\"><input type=\"checkbox\" name=\"checkbox-98[]\" value=\"Gabriela Cordeiro Corr\u00eaa do Nascimento\" \/><span class=\"wpcf7-list-item-label\">Gabriela Cordeiro Corr\u00eaa do Nascimento<\/span><\/span><span class=\"wpcf7-list-item\"><input type=\"checkbox\" name=\"checkbox-98[]\" value=\"Iranise Moro Pereira Jorge\" \/><span class=\"wpcf7-list-item-label\">Iranise Moro Pereira Jorge<\/span><\/span><span class=\"wpcf7-list-item\"><input type=\"checkbox\" name=\"checkbox-98[]\" value=\"Lauren Machado Pinto\" \/><span class=\"wpcf7-list-item-label\">Lauren Machado Pinto<\/span><\/span><span class=\"wpcf7-list-item\"><input type=\"checkbox\" name=\"checkbox-98[]\" value=\"Luis Felipe Ferro\" \/><span class=\"wpcf7-list-item-label\">Luis Felipe Ferro<\/span><\/span><span class=\"wpcf7-list-item\"><input type=\"checkbox\" name=\"checkbox-98[]\" value=\"Maria Jos\u00e9 Gugelmin de Camargo\" \/><span class=\"wpcf7-list-item-label\">Maria Jos\u00e9 Gugelmin de Camargo<\/span><\/span><span class=\"wpcf7-list-item\"><input type=\"checkbox\" name=\"checkbox-98[]\" value=\"M\u00f4nica Mello de Macedo Ign\u00e1cio\" \/><span class=\"wpcf7-list-item-label\">M\u00f4nica Mello de Macedo Ign\u00e1cio<\/span><\/span><span class=\"wpcf7-list-item\"><input type=\"checkbox\" name=\"checkbox-98[]\" value=\"Paloma Hohmann Poier\" \/><span class=\"wpcf7-list-item-label\">Paloma Hohmann Poier<\/span><\/span><span class=\"wpcf7-list-item\"><input type=\"checkbox\" name=\"checkbox-98[]\" value=\"Regina C\u00e9lia Titotto Castanharo\" \/><span class=\"wpcf7-list-item-label\">Regina C\u00e9lia Titotto Castanharo<\/span><\/span><span class=\"wpcf7-list-item\"><input type=\"checkbox\" name=\"checkbox-98[]\" value=\"Renato Nickel\" \/><span class=\"wpcf7-list-item-label\">Renato Nickel<\/span><\/span><span class=\"wpcf7-list-item\"><input type=\"checkbox\" name=\"checkbox-98[]\" value=\"Rita Aparecida Bernardi Pereira\" \/><span class=\"wpcf7-list-item-label\">Rita Aparecida Bernardi Pereira<\/span><\/span><span class=\"wpcf7-list-item\"><input type=\"checkbox\" name=\"checkbox-98[]\" value=\"Rosibeth Del Carmem Mu\u00f1oz Palm\" \/><span class=\"wpcf7-list-item-label\">Rosibeth Del Carmem Mu\u00f1oz Palm<\/span><\/span><span class=\"wpcf7-list-item\"><input type=\"checkbox\" name=\"checkbox-98[]\" value=\"Taiuani Marquine Raymundo\" \/><span class=\"wpcf7-list-item-label\">Taiuani Marquine Raymundo<\/span><\/span><span class=\"wpcf7-list-item last\"><input type=\"checkbox\" name=\"checkbox-98[]\" value=\"Outro(a) docente\" \/><span class=\"wpcf7-list-item-label\">Outro(a) docente<\/span><\/span><\/span><\/span>\n<\/p>\n<p><label> <\/label>\n<\/p>\n<h5> Data da Prova:\n<\/h5>\n<p><span class=\"wpcf7-form-control-wrap\" data-name=\"date-60\"><input class=\"wpcf7-form-control wpcf7-date wpcf7-validates-as-required wpcf7-validates-as-date\" aria-required=\"true\" aria-invalid=\"false\" value=\"\" type=\"date\" name=\"date-60\" \/><\/span>\n<\/p>\n<p><input class=\"wpcf7-form-control wpcf7-submit has-spinner\" type=\"submit\" value=\"Enviar\" \/>\n<\/p><div class=\"wpcf7-response-output\" aria-hidden=\"true\"><\/div>\n<\/form>\n<\/div>\n\n<p>&nbsp;<\/p>\n","protected":false},"excerpt":{"rendered":"<p>&nbsp; De acordo com a Resolu\u00e7\u00e3o 37\/97 &#8211; CEPE, o aluno poder\u00e1 requerer ao Departamento uma segunda chamada da avalia\u00e7\u00e3o no prazo m\u00e1ximo de 5 dias \u00fateis ap\u00f3s a aplica\u00e7\u00e3o da prova. Todo o pedido de segunda chamada de avalia\u00e7\u00e3o [&hellip;]<\/p>\n","protected":false},"author":8,"featured_media":0,"parent":0,"menu_order":0,"comment_status":"open","ping_status":"open","template":"","meta":{"_acf_changed":false,"_uag_custom_page_level_css":"","footnotes":""},"class_list":["post-36","page","type-page","status-publish","hentry"],"acf":[],"featured_image_src":null,"uagb_featured_image_src":{"full":false,"thumbnail":false,"medium":false,"medium_large":false,"large":false,"1536x1536":false,"2048x2048":false},"uagb_author_info":{"display_name":"caiubidysarz","author_link":"https:\/\/saude.ufpr.br\/terapiaocupacional\/author\/caiubidysarz\/"},"uagb_comment_info":0,"uagb_excerpt":"&nbsp; De acordo com a Resolu\u00e7\u00e3o 37\/97 &#8211; CEPE, o aluno poder\u00e1 requerer ao Departamento uma segunda chamada da avalia\u00e7\u00e3o no prazo m\u00e1ximo de 5 dias \u00fateis ap\u00f3s a aplica\u00e7\u00e3o da prova. Todo o pedido de segunda chamada de avalia\u00e7\u00e3o [&hellip;]","publishpress_future_action":{"enabled":false,"date":"2026-04-22 06:44:35","action":"change-status","newStatus":"draft","terms":[],"taxonomy":"","extraData":[]},"publishpress_future_workflow_manual_trigger":{"enabledWorkflows":[]},"_links":{"self":[{"href":"https:\/\/saude.ufpr.br\/terapiaocupacional\/wp-json\/wp\/v2\/pages\/36","targetHints":{"allow":["GET"]}}],"collection":[{"href":"https:\/\/saude.ufpr.br\/terapiaocupacional\/wp-json\/wp\/v2\/pages"}],"about":[{"href":"https:\/\/saude.ufpr.br\/terapiaocupacional\/wp-json\/wp\/v2\/types\/page"}],"author":[{"embeddable":true,"href":"https:\/\/saude.ufpr.br\/terapiaocupacional\/wp-json\/wp\/v2\/users\/8"}],"replies":[{"embeddable":true,"href":"https:\/\/saude.ufpr.br\/terapiaocupacional\/wp-json\/wp\/v2\/comments?post=36"}],"version-history":[{"count":15,"href":"https:\/\/saude.ufpr.br\/terapiaocupacional\/wp-json\/wp\/v2\/pages\/36\/revisions"}],"predecessor-version":[{"id":4412,"href":"https:\/\/saude.ufpr.br\/terapiaocupacional\/wp-json\/wp\/v2\/pages\/36\/revisions\/4412"}],"wp:attachment":[{"href":"https:\/\/saude.ufpr.br\/terapiaocupacional\/wp-json\/wp\/v2\/media?parent=36"}],"curies":[{"name":"wp","href":"https:\/\/api.w.org\/{rel}","templated":true}]}}