{"id":362,"date":"2016-05-20T22:18:41","date_gmt":"2016-05-20T22:18:41","guid":{"rendered":"https:\/\/saude.ufpr.br\/terapiaocupacional\/?page_id=362"},"modified":"2019-04-09T15:47:30","modified_gmt":"2019-04-09T18:47:30","slug":"projetos","status":"publish","type":"page","link":"https:\/\/saude.ufpr.br\/terapiaocupacional\/projetos\/","title":{"rendered":"Pesquisas DTO"},"content":{"rendered":"<p>Os projetos de pesquisa desenvolvidos pelo departamento de Terapia Ocupacional direcionam esfor\u00e7os para realizar aprofundamento sobre diferentes temas e contribuir de maneira impactante para a comunidade.<\/p>\n<p>Abaixo est\u00e3o relacionados os projetos de pesquisa desenvolvidos atualmente pelos docentes e t\u00e9cnicos do departamento.<\/p>\n<hr \/>\n<p><strong>2016<\/strong><\/p>\n<p><strong>\u00a0<\/strong><\/p>\n<p><strong> O of\u00edcio da fundi\u00e7\u00e3o em bronze: a Perspectiva da terapia ocupacional sobre as ocupa\u00e7\u00f5es significativas<\/strong><\/p>\n<p>Coordenadora: Ana Maria Silvello Pereira<\/p>\n<p>Aprovado em: abril\/2016<\/p>\n<p>Situa\u00e7\u00e3o: Encerrado<\/p>\n<p><strong>\u00a0<\/strong><\/p>\n<p><strong> Controle Social na Sa\u00fade: concep\u00e7\u00f5es, estruturas e estrat\u00e9gias para a pr\u00e1tica<\/strong><\/p>\n<p>Coordenador: Lu\u00eds Felipe Ferro<\/p>\n<p>Aprovado em: junho\/2016<\/p>\n<p>Situa\u00e7\u00e3o: Encerrado<\/p>\n<p><strong>\u00a0<\/strong><\/p>\n<p><strong> Sa\u00fade Mental e Economia Solid\u00e1ria: Inova\u00e7\u00f5es tecnol\u00f3gicas para gera\u00e7\u00e3o de trabalho e renda<\/strong><\/p>\n<p>Coordenador: Milton Carlos Mariotti<\/p>\n<p>Aprovado em: junho\/2016<\/p>\n<p>Situa\u00e7\u00e3o: Encerrado<\/p>\n<p>&nbsp;<\/p>\n<p><strong>A influ\u00eancia da dor no desempenho ocupacional das manicures<\/strong><\/p>\n<p>Coordenadoras: Iranise Moro Pereira Jorge e Aline Ferrari Fabri<\/p>\n<p>Aprovado em: agosto\/2016<\/p>\n<p>Situa\u00e7\u00e3o: Encerrado<\/p>\n<p><strong>\u00a0<\/strong><\/p>\n<p><strong> MemorizA\u00e7\u00e3o: promovendo a sa\u00fade de idosos atrav\u00e9s da estimula\u00e7\u00e3o cognitiva<\/strong><\/p>\n<p>Coordenadoras: Lilian Dias Bernardo Massa e Taiuani Marquine Raymundo<\/p>\n<p>Aprovado em: setembro\/2016<\/p>\n<p>Situa\u00e7\u00e3o: Encerrado<\/p>\n<p><strong>\u00a0<\/strong><\/p>\n<p><strong> Inclus\u00e3o Digital para Adultos e Idosos <\/strong><\/p>\n<p>Coordenadoras: Lilian Dias Bernardo Massa e Taiuani Marquine Raymundo<\/p>\n<p>Aprovado em: setembro\/2016<\/p>\n<p>Situa\u00e7\u00e3o: Encerrado<\/p>\n<p><strong>\u00a0<\/strong><\/p>\n<p><strong> A interven\u00e7\u00e3o do terapeuta ocupacional junto \u00e0s pessoas em interna\u00e7\u00e3o hospitalar, adotando a abordagem dos cuidados paliativos<\/strong><\/p>\n<p>Coordenadora: Maria Jos\u00e9 Gugelmin de Camargo<\/p>\n<p>Aprovado em: outubro\/2016<\/p>\n<p>Situa\u00e7\u00e3o: Encerrado<\/p>\n<p><strong>\u00a0<\/strong><\/p>\n<p><strong> O perfil ocupacional dos pacientes com Artrite Reumat\u00f3ide atendidos na CETO atrav\u00e9s da HAQ<\/strong><\/p>\n<p>Coordenadora: Aline Ferrari Fabri<\/p>\n<p>Aprovado em: novembro\/2016<\/p>\n<p>Situa\u00e7\u00e3o: Encerrado<\/p>\n<p>&nbsp;<\/p>\n<hr \/>\n<p><strong>2017<\/strong><\/p>\n<p>&nbsp;<\/p>\n<p><strong> Aten\u00e7\u00e3o ao idoso com dem\u00eancia no \u00e2mbito da Terapia Ocupacional: perfil, demandas e a\u00e7\u00f5es<\/strong><\/p>\n<p>Coordenadora: Lilian Dias Bernardo Massa<\/p>\n<p>Aprovado em: mar\u00e7o\/2017<\/p>\n<p>Situa\u00e7\u00e3o: Encerrado<\/p>\n<p><strong>\u00a0<\/strong><\/p>\n<p><strong> O cotidiano das pessoas que vivem em situa\u00e7\u00e3o de rua: a vis\u00e3o dos representantes coletivos e da terapia ocupacional<\/strong><\/p>\n<p>Coordenadora: Adriana Belmonte Moreira<\/p>\n<p>Aprovado em: mar\u00e7o\/2017<\/p>\n<p>Situa\u00e7\u00e3o: Encerrado<\/p>\n<p>&nbsp;<\/p>\n<p><strong>A trajet\u00f3ria do indiv\u00edduo com esquizofrenia ap\u00f3s o primeiro surto psic\u00f3tico na rede de aten\u00e7\u00e3o psicossocial do munic\u00edpio de Curitiba, PR: um enfoque na qualidade do desempenho ocupacional<\/strong><\/p>\n<p>Coordenadora: M\u00f4nica Mello de Macedo Ign\u00e1cio<\/p>\n<p>Aprovado em: abril\/2017<\/p>\n<p>Situa\u00e7\u00e3o: Em andamento<\/p>\n<p>&nbsp;<\/p>\n<p><strong>O uso da tecnologia assistiva pelos usu\u00e1rios da Cl\u00ednica Escola de Terapia Ocupacional<\/strong><\/p>\n<p>Coordenadora: Rita Aparecida Bernardi Pereira<\/p>\n<p>Aprovado em: julho\/2017<\/p>\n<p>Situa\u00e7\u00e3o: Encerrado<\/p>\n<p>&nbsp;<\/p>\n<p><strong> Quedas em adultos e idosos frequentadores de uma cl\u00ednica escola de Terapia Ocupacional<\/strong><\/p>\n<p>Coordenadora: Rita Aparecida Bernardi Pereira<\/p>\n<p>Aprovado em: julho\/2017<\/p>\n<p>Situa\u00e7\u00e3o: Encerrado<\/p>\n<p>&nbsp;<\/p>\n<p><strong> Participa\u00e7\u00e3o da comunidade no SUS: mobiliza\u00e7\u00e3o de um grupo de mulheres na regi\u00e3o do Guarituba-PR<\/strong><\/p>\n<p>Coordenador: Derivan Brito da Silva<\/p>\n<p>Aprovado em: julho\/2017<\/p>\n<p>Situa\u00e7\u00e3o: Encerrado<\/p>\n<p>&nbsp;<\/p>\n<p><strong>Percep\u00e7\u00e3o Visual e Risco de Acidentes de Tr\u00e2nsito em Sujeitos com Distonia Cervical<\/strong><\/p>\n<p>Coordenadora: Marina Siqueira Campos Bastos<\/p>\n<p>Aprovado em: agosto\/2017<\/p>\n<p>Situa\u00e7\u00e3o: Encerrado<\/p>\n<p>&nbsp;<\/p>\n<p><strong> A dan\u00e7a como recurso do terapeuta ocupacional com idosos: contribui\u00e7\u00f5es na qualidade de vida<\/strong><\/p>\n<p>Coordenadora: Taiuani Marquine Raymundo<\/p>\n<p>Aprovado em: setembro\/2017<\/p>\n<p>Situa\u00e7\u00e3o: Em andamento<\/p>\n<p>&nbsp;<\/p>\n<p><strong> Sexualidade da Mulher Idosa: uma interven\u00e7\u00e3o da Terapia Ocupacional<\/strong><\/p>\n<p>Coordenadora: Taiuani Marquine Raymundo<\/p>\n<p>Aprovado em: setembro\/2017<\/p>\n<p>Situa\u00e7\u00e3o: Encerrado<\/p>\n<p>&nbsp;<\/p>\n<p><strong> Terapia Ocupacional e Reabilita\u00e7\u00e3o Psicossocial: Protagonismo de pessoas com transtornos mentais, familiares e profissionais<\/strong><\/p>\n<p>Coordenador: Milton Carlos Mariotti<\/p>\n<p>Aprovado em: setembro\/2017<\/p>\n<p>Situa\u00e7\u00e3o: Em andamento<\/p>\n<p>&nbsp;<\/p>\n<p><strong> Relato de hist\u00f3ria oral de uma fam\u00edlia de imigrantes haitianos que reside na cidade de Curitiba &#8211; PR: comparativo entre os aspectos cotidianos atuais e anteriores ao processo de imigra\u00e7\u00e3o<\/strong><\/p>\n<p>Coordenadora: Prof\u00aa Maria Jos\u00e9 Gugelmin<\/p>\n<p>Aprovado em: outubro\/2017<\/p>\n<p>Situa\u00e7\u00e3o: Encerrado<\/p>\n<p>&nbsp;<\/p>\n<p><strong> O uso de tecnologias por indiv\u00edduos que desenvolvem atividades laborais: medidas de impacto, compet\u00eancias e habilidades para o uso<\/strong><\/p>\n<p>Coordenadora: Taiuani Marquine Raymundo<\/p>\n<p>Aprovado em: outubro\/2017<\/p>\n<p>Situa\u00e7\u00e3o: Encerrado<\/p>\n<p>&nbsp;<\/p>\n<p><strong> A\u00e7\u00f5es de redu\u00e7\u00e3o de danos e cultura nos CAPS-AD de Curitiba: Uma an\u00e1lise sob a \u00f3tica do terapeuta ocupacional<\/strong><\/p>\n<p>Coordenadora: Lauren Machado Pinto<\/p>\n<p>Aprovado em: novembro\/2017<\/p>\n<p>Situa\u00e7\u00e3o: Encerrado<\/p>\n<p>&nbsp;<\/p>\n<p><strong> O que voc\u00ea gostaria de ser ou fazer e n\u00e3o pode por ter epilepsia<\/strong>?<\/p>\n<p>Coordenadora: Lauren Machado Pinto<\/p>\n<p>Aprovado em: 11\/17<\/p>\n<p>Situa\u00e7\u00e3o: Encerrado<\/p>\n<p>&nbsp;<\/p>\n<p><strong> Sobrecarga dos cuidadores de pacientes em Cuidados Paliativos e altera\u00e7\u00f5es nas ocupa\u00e7\u00f5es<\/strong><\/p>\n<p>Coordenadora: Rita Aparecida Bernardi Pereira<\/p>\n<p>Aprovado em: 11\/17<\/p>\n<p>Situa\u00e7\u00e3o: Encerrado<\/p>\n<p>&nbsp;<\/p>\n<p><strong> Pedido de Consulta como reflexo da compreens\u00e3o sobre o trabalho do terapeuta ocupacional<\/strong><\/p>\n<p>Coordenadora: Rita Aparecida Bernardi Pereira<\/p>\n<p>Aprovado em: 11\/17<\/p>\n<p>Situa\u00e7\u00e3o: Encerrado<\/p>\n<p>&nbsp;<\/p>\n<p><strong> A perspectiva de adolescentes quanto aos impactos da epilepsia nesta fase do desenvolvimento<\/strong><\/p>\n<p>Coordenadora: Lauren Machado Pinto<\/p>\n<p>Aprovado em: 11\/17<\/p>\n<p>Situa\u00e7\u00e3o: Encerrado<\/p>\n<p>&nbsp;<\/p>\n<p><strong> Terapia Ocupacional, Reabilita\u00e7\u00e3o F\u00edsica e Paradesporto<\/strong><\/p>\n<p>Coordenadora: Iranise Moro Pereira Jorge<\/p>\n<p>Aprovado em: 11\/17<\/p>\n<p>Situa\u00e7\u00e3o: Em andamento<\/p>\n<p>&nbsp;<\/p>\n<hr \/>\n<p><strong>2018<\/strong><\/p>\n<p>&nbsp;<\/p>\n<p><strong> Proposta de Protocolo de preven\u00e7\u00e3o de quedas em uma Cl\u00ednica-Escola de Terapia Ocupacional<\/strong><\/p>\n<p>Coordenadora: Rita Aparecida Bernardi Pereira<\/p>\n<p>Aprovado em: 4\/2018<\/p>\n<p>Situa\u00e7\u00e3o: Em andamento<\/p>\n<p>&nbsp;<\/p>\n<p><strong> Forma\u00e7\u00e3o, Exerc\u00edcio e Regulamenta\u00e7\u00e3o Profissional em Terapia Ocupacional: Construindo caminhos para a atua\u00e7\u00e3o profissional no contexto da Aten\u00e7\u00e3o B\u00e1sica \u00e0 Sa\u00fade<\/strong><\/p>\n<p>Coordenador: Derivan Brito da Silva<\/p>\n<p>Aprovado em: 5\/2018<\/p>\n<p>Situa\u00e7\u00e3o: Em andamento<\/p>\n<p>&nbsp;<\/p>\n<p><strong> Envelhecimento, trabalho e tecnologia: Aplicativos m\u00f3veis de transporte e as novas possibilidades para a popula\u00e7\u00e3o 50+<\/strong><\/p>\n<p>Coordenador: Taiuani Marquine Raymundo<\/p>\n<p>Aprovado em: 7\/2018<\/p>\n<p>Situa\u00e7\u00e3o: Em andamento<\/p>\n<p>&nbsp;<\/p>\n<p><strong> Os impactos dos cuidados \u00e0 crian\u00e7a com Transtorno de Espectro Autista no Desempenho Ocupacional das m\u00e3es<\/strong><\/p>\n<p>Coordenadora: Lauren Machado Pinto<\/p>\n<p>Aprovado em: 9\/2018<\/p>\n<p>Situa\u00e7\u00e3o: Em andamento<\/p>\n<p>&nbsp;<\/p>\n<p><strong>Mandala das Emo\u00e7\u00f5es<\/strong><\/p>\n<p>Coordenadora: Lauren Machado Pinto<\/p>\n<p>Aprovado em: 9\/2018<\/p>\n<p>Situa\u00e7\u00e3o: Em andamento<\/p>\n<p>&nbsp;<\/p>\n<p><strong>Arte e express\u00e3o atrav\u00e9s das cores: promo\u00e7\u00e3o da sa\u00fade e qualidade de vida<\/strong><\/p>\n<p>Coordenador: Milton Carlos Mariotti<\/p>\n<p>Aprovado em: 10\/2018<\/p>\n<p>Situa\u00e7\u00e3o: Em andamento<\/p>\n<p>&nbsp;<\/p>\n<p><strong>Gest\u00e3o P\u00fablica em Sa\u00fade e Editais: possibilidades e estrat\u00e9gias para a capta\u00e7\u00e3o de recursos<\/strong><\/p>\n<p>Coordenador: Lu\u00eds Felipe Ferro<\/p>\n<p>Aprovado em: 11\/2018<\/p>\n<p>Situa\u00e7\u00e3o: Em andamento<\/p>\n<p>&nbsp;<\/p>\n<p><strong>Redes de Economia Solid\u00e1ria: potencialidades, barreiras e estrat\u00e9gias<\/strong><\/p>\n<p>Coordenador: Lu\u00eds Felipe Ferro<\/p>\n<p>Aprovado em: 11\/2018<\/p>\n<p>Situa\u00e7\u00e3o: Em andamento<\/p>\n<p>&nbsp;<\/p>\n<p><strong>Metodologias ativas: estruturas e concep\u00e7\u00f5es para a pr\u00e1tica educacional<\/strong><\/p>\n<p>Coordenador: Lu\u00eds Felipe Ferro<\/p>\n<p>Aprovado em: 11\/2018<\/p>\n<p>Situa\u00e7\u00e3o: Em andamento<\/p>\n<p>&nbsp;<\/p>\n<p><strong>Percep\u00e7\u00e3o dos trabalhadores de um supermercado sobre a implanta\u00e7\u00e3o de uma pequena biblioteca \u2013 espa\u00e7o de leitura e atividades \u2013 no ambiente de trabalho<\/strong><\/p>\n<p>Coordenadora: Maria Jos\u00e9 Gugelmin de Camargo<\/p>\n<p>Aprovado em: 12\/2018<\/p>\n<p>Situa\u00e7\u00e3o: Em andamento<\/p>\n<p>&nbsp;<\/p>\n<hr \/>\n<p><strong>2019<\/strong><\/p>\n<p>&nbsp;<\/p>\n<p><strong>Oficina de treino cognitivo para idosos sem d\u00e9ficits cognitivos: uma interven\u00e7\u00e3o da Terapia Ocupacional<\/strong><\/p>\n<p>Coordenadora: Taiuani Marquine Raymundo<\/p>\n<p>Aprovado em: 3\/2019<\/p>\n<p>Situa\u00e7\u00e3o: Em andamento<\/p>\n<p>&nbsp;<\/p>\n<p><strong> O impacto da Hansen\u00edase na Participa\u00e7\u00e3o Social de indiv\u00edduos atendidos no Centro Hospitalar de Reabilita\u00e7\u00e3o Ana Carolina Moura Xavier na cidade de Curitiba<\/strong><\/p>\n<p>Coordenadora: Aline Ferrari Fabri<\/p>\n<p>Aprovado em: 4\/2019<\/p>\n<p>Situa\u00e7\u00e3o: Em andamento<\/p>\n<p><strong>\u00a0<\/strong><\/p>\n<p><strong> Sa\u00fade, Trabalho e cotidiano docente<\/strong><\/p>\n<p>Coordenadora: Iranise Moro Pereira Jorge<\/p>\n<p>Aprovado em: 4\/2019<\/p>\n<p>Situa\u00e7\u00e3o: Em andamento<\/p>\n<p>&nbsp;<\/p>\n<p><strong> Interface trabalho e sa\u00fade do trabalhador<\/strong><\/p>\n<p>Coordenadora: Iranise Moro Pereira Jorge<\/p>\n<p>Aprovado em: 4\/2019<\/p>\n<p>Situa\u00e7\u00e3o: Em andamento<\/p>\n<p>&nbsp;<\/p>\n<p><strong> Atividades cotidianas e Acidente Vascular Cerebral &#8211; Avalia\u00e7\u00e3o e interven\u00e7\u00e3o<\/strong><\/p>\n<p>Coordenador: Renato Nickel<\/p>\n<p>Aprovado em: 4\/2019<\/p>\n<p>Situa\u00e7\u00e3o: Em andamento<\/p>\n<p>&nbsp;<\/p>\n<p><strong> Tr\u00e2nsitos e trajetos<\/strong><\/p>\n<p>Coordenador: Andrea Maria Fedeger<\/p>\n<p>Aprovado em: 4\/2019<\/p>\n<p>Situa\u00e7\u00e3o: Em andamento<\/p>\n","protected":false},"excerpt":{"rendered":"<p>Os projetos de pesquisa desenvolvidos pelo departamento de Terapia Ocupacional direcionam esfor\u00e7os para realizar aprofundamento sobre diferentes temas e contribuir de maneira impactante para a comunidade. Abaixo est\u00e3o relacionados os projetos de pesquisa desenvolvidos atualmente pelos docentes e t\u00e9cnicos do [&hellip;]<\/p>\n","protected":false},"author":8,"featured_media":0,"parent":0,"menu_order":0,"comment_status":"closed","ping_status":"closed","template":"","meta":{"_acf_changed":false,"_uag_custom_page_level_css":"","footnotes":""},"class_list":["post-362","page","type-page","status-publish","hentry"],"acf":[],"featured_image_src":null,"uagb_featured_image_src":{"full":false,"thumbnail":false,"medium":false,"medium_large":false,"large":false,"1536x1536":false,"2048x2048":false},"uagb_author_info":{"display_name":"caiubidysarz","author_link":"https:\/\/saude.ufpr.br\/terapiaocupacional\/author\/caiubidysarz\/"},"uagb_comment_info":0,"uagb_excerpt":"Os projetos de pesquisa desenvolvidos pelo departamento de Terapia Ocupacional direcionam esfor\u00e7os para realizar aprofundamento sobre diferentes temas e contribuir de maneira impactante para a comunidade. Abaixo est\u00e3o relacionados os projetos de pesquisa desenvolvidos atualmente pelos docentes e t\u00e9cnicos do [&hellip;]","publishpress_future_action":{"enabled":false,"date":"2026-04-22 06:44:39","action":"change-status","newStatus":"draft","terms":[],"taxonomy":"","extraData":[]},"publishpress_future_workflow_manual_trigger":{"enabledWorkflows":[]},"_links":{"self":[{"href":"https:\/\/saude.ufpr.br\/terapiaocupacional\/wp-json\/wp\/v2\/pages\/362","targetHints":{"allow":["GET"]}}],"collection":[{"href":"https:\/\/saude.ufpr.br\/terapiaocupacional\/wp-json\/wp\/v2\/pages"}],"about":[{"href":"https:\/\/saude.ufpr.br\/terapiaocupacional\/wp-json\/wp\/v2\/types\/page"}],"author":[{"embeddable":true,"href":"https:\/\/saude.ufpr.br\/terapiaocupacional\/wp-json\/wp\/v2\/users\/8"}],"replies":[{"embeddable":true,"href":"https:\/\/saude.ufpr.br\/terapiaocupacional\/wp-json\/wp\/v2\/comments?post=362"}],"version-history":[{"count":25,"href":"https:\/\/saude.ufpr.br\/terapiaocupacional\/wp-json\/wp\/v2\/pages\/362\/revisions"}],"predecessor-version":[{"id":2434,"href":"https:\/\/saude.ufpr.br\/terapiaocupacional\/wp-json\/wp\/v2\/pages\/362\/revisions\/2434"}],"wp:attachment":[{"href":"https:\/\/saude.ufpr.br\/terapiaocupacional\/wp-json\/wp\/v2\/media?parent=362"}],"curies":[{"name":"wp","href":"https:\/\/api.w.org\/{rel}","templated":true}]}}