{"id":3644,"date":"2021-01-20T16:46:12","date_gmt":"2021-01-20T19:46:12","guid":{"rendered":"https:\/\/saude.ufpr.br\/terapiaocupacional\/?page_id=3644"},"modified":"2025-07-10T09:52:17","modified_gmt":"2025-07-10T12:52:17","slug":"comissoes","status":"publish","type":"page","link":"https:\/\/saude.ufpr.br\/terapiaocupacional\/comissoes\/","title":{"rendered":"Comiss\u00f5es"},"content":{"rendered":"\n<table id=\"tablepress-17\" class=\"tablepress tablepress-id-17 tbody-has-connected-cells\">\n<thead>\n<tr class=\"row-1\">\n\t<th class=\"column-1\">Comiss\u00f5es<\/th><th class=\"column-2\">Contatos<\/th><th class=\"column-3\">Membros<\/th><th class=\"column-4\">Portarias<\/th><th class=\"column-5\">In\u00edcio dos Mandatos<\/th><th class=\"column-6\">Final dos Mandatos<\/th>\n<\/tr>\n<\/thead>\n<tbody class=\"row-striping row-hover\">\n<tr class=\"row-2\">\n\t<td rowspan=\"2\" class=\"column-1\">Comiss\u00e3o Orientadora de Atividades Formativas do Curso de Terapia Ocupacional (COAF-TO)<\/td><td rowspan=\"2\" class=\"column-2\">atividadesformativas.to@ufpr.br<\/td><td class=\"column-3\">Angela Paula Simonelli<\/td><td class=\"column-4\"><a href=\"https:\/\/sei.ufpr.br\/sei\/web\/controlador.php?acao=procedimento_trabalhar&amp;id_procedimento=3620017&amp;id_documento=7889483\" rel=\"noopener\" target=\"_blank\">PORTARIA N\u00ba 03, DE 21 DE NOVEMBRO DE 2024<\/a><\/td><td class=\"column-5\">16\/05\/2024<\/td><td class=\"column-6\">15\/05\/2026<\/td>\n<\/tr>\n<tr class=\"row-3\">\n\t<td class=\"column-3\">Gabriela Cordeiro Correa do Nascimento<\/td><td class=\"column-4\"><a href=\"https:\/\/sei.ufpr.br\/sei\/web\/controlador.php?acao=procedimento_trabalhar&amp;id_procedimento=3620017&amp;id_documento=7889483\" rel=\"noopener\" target=\"_blank\">PORTARIA N\u00ba 03, DE 21 DE NOVEMBRO DE 2024<\/a><\/td><td class=\"column-5\">21\/11\/2024<\/td><td class=\"column-6\">15\/05\/2026<\/td>\n<\/tr>\n<tr class=\"row-4\">\n\t<td rowspan=\"3\" class=\"column-1\">Comiss\u00e3o Interna de Avalia\u00e7\u00e3o do Curso de Terapia Ocupacional (CIA-TO)<\/td><td rowspan=\"3\" class=\"column-2\">avaliacao.to@ufpr.br<\/td><td class=\"column-3\">Rosibeth del Carmen Mu\u00f1oz Palm<\/td><td class=\"column-4\"><a href=\"https:\/\/sei.ufpr.br\/sei\/web\/controlador.php?acao=procedimento_trabalhar&amp;id_procedimento=2753627&amp;id_documento=7357076\">09\/24 - SD\/CCTO<\/a><\/td><td class=\"column-5\">16\/05\/2024<\/td><td class=\"column-6\">15\/05\/2026<\/td>\n<\/tr>\n<tr class=\"row-5\">\n\t<td class=\"column-3\">Adriana Belmonte Moreira<\/td><td class=\"column-4\"><a href=\"https:\/\/sei.ufpr.br\/sei\/web\/controlador.php?acao=procedimento_trabalhar&amp;id_procedimento=2753627&amp;id_documento=7357076\">09\/24 - SD\/CCTO<\/a><\/td><td class=\"column-5\">16\/05\/2024<\/td><td class=\"column-6\">15\/05\/2026<\/td>\n<\/tr>\n<tr class=\"row-6\">\n\t<td class=\"column-3\">Rita Aparecida Bernardi Pereira<\/td><td class=\"column-4\"><a href=\"https:\/\/sei.ufpr.br\/sei\/web\/controlador.php?acao=procedimento_trabalhar&amp;id_procedimento=2753627&amp;id_documento=7357076\">09\/24 - SD\/CCTO<\/a><\/td><td class=\"column-5\">16\/05\/2024<\/td><td class=\"column-6\">15\/05\/2026<\/td>\n<\/tr>\n<tr class=\"row-7\">\n\t<td class=\"column-1\">Comiss\u00e3o de Coopera\u00e7\u00e3o, Interc\u00e2mbio e Internacionaliza\u00e7\u00e3o do Curso de Terapia Ocupacional (CCInter-TO)<\/td><td class=\"column-2\">internacionalizacao.to@ufpr.br<\/td><td class=\"column-3\">Lu\u00eds Felipe Ferro<\/td><td class=\"column-4\"><a href=\"https:\/\/sei.ufpr.br\/sei\/web\/controlador.php?acao=procedimento_trabalhar&amp;id_procedimento=3551903&amp;id_documento=7357396\">03\/24 - SD\/CCTO<\/a><\/td><td class=\"column-5\">16\/05\/2024<\/td><td class=\"column-6\">15\/05\/2026<\/td>\n<\/tr>\n<tr class=\"row-8\">\n\t<td rowspan=\"4\" class=\"column-1\">Comiss\u00e3o de Orienta\u00e7\u00e3o Acad\u00eamica do Curso de Terapia Ocupacional (COA-TO)<\/td><td rowspan=\"4\" class=\"column-2\">orientacaoacademica.to@ufpr.br<\/td><td class=\"column-3\">Lauren Machado Pinto<\/td><td class=\"column-4\"><a href=\"https:\/\/sei.ufpr.br\/sei\/web\/controlador.php?acao=procedimento_trabalhar&amp;id_procedimento=3519647&amp;id_documento=8592927\" rel=\"noopener\" target=\"_blank\">PORTARIA N\u00ba 02, DE 17 DE JUNHO DE 2025<\/a><\/td><td class=\"column-5\">01\/01\/2025<\/td><td class=\"column-6\">31\/12\/2026<\/td>\n<\/tr>\n<tr class=\"row-9\">\n\t<td class=\"column-3\">Aline Ferrari Fabri<\/td><td class=\"column-4\"><a href=\"https:\/\/sei.ufpr.br\/sei\/web\/controlador.php?acao=procedimento_trabalhar&amp;id_procedimento=3519647&amp;id_documento=8592927\" rel=\"noopener\" target=\"_blank\">PORTARIA N\u00ba 02, DE 17 DE JUNHO DE 2025<\/a><\/td><td class=\"column-5\">01\/01\/2025<\/td><td class=\"column-6\">31\/12\/2026<\/td>\n<\/tr>\n<tr class=\"row-10\">\n\t<td class=\"column-3\">Iranise Moro Pereira Jorge<\/td><td class=\"column-4\"><a href=\"https:\/\/sei.ufpr.br\/sei\/web\/controlador.php?acao=procedimento_trabalhar&amp;id_procedimento=3519647&amp;id_documento=8592927\" rel=\"noopener\" target=\"_blank\">PORTARIA N\u00ba 02, DE 17 DE JUNHO DE 2025<\/a><\/td><td class=\"column-5\">01\/01\/2025<\/td><td class=\"column-6\">31\/12\/2026<\/td>\n<\/tr>\n<tr class=\"row-11\">\n\t<td class=\"column-3\">Regina C\u00e9lia Titotto Castanharo<\/td><td class=\"column-4\"><a href=\"https:\/\/sei.ufpr.br\/sei\/web\/controlador.php?acao=procedimento_trabalhar&amp;id_procedimento=3519647&amp;id_documento=8592927\" rel=\"noopener\" target=\"_blank\">PORTARIA N\u00ba 02, DE 17 DE JUNHO DE 2025<\/a><\/td><td class=\"column-5\">01\/01\/2025<\/td><td class=\"column-6\">31\/12\/2026<\/td>\n<\/tr>\n<tr class=\"row-12\">\n\t<td class=\"column-1\"><\/td><td class=\"column-2\"><\/td><td class=\"column-3\"><\/td><td class=\"column-4\"><\/td><td class=\"column-5\"><\/td><td class=\"column-6\"><\/td>\n<\/tr>\n<tr class=\"row-13\">\n\t<td rowspan=\"3\" class=\"column-1\">Comiss\u00e3o de Orienta\u00e7\u00e3o Acad\u00eamica Especializada do Curso de Terapia Ocupacional (COA-E-TO)<\/td><td rowspan=\"3\" class=\"column-2\">coa.to.especializada@ufpr.br<\/td><td class=\"column-3\">Adriana Hessel Dalagassa<\/td><td class=\"column-4\"><a href=\"https:\/\/sei.ufpr.br\/sei\/web\/controlador.php?acao=procedimento_trabalhar&amp;id_procedimento=3519647&amp;id_documento=7889521\" rel=\"noopener\" target=\"_blank\">PORTARIA N\u00ba 10, DE 21 DE NOVEMBRO DE 2024<\/a><\/td><td class=\"column-5\">27\/09\/2024<\/td><td class=\"column-6\">26\/09\/2026<\/td>\n<\/tr>\n<tr class=\"row-14\">\n\t<td class=\"column-3\">Paloma Hohmann Poier<\/td><td class=\"column-4\"><a href=\"https:\/\/sei.ufpr.br\/sei\/web\/controlador.php?acao=procedimento_trabalhar&amp;id_procedimento=3519647&amp;id_documento=7889521\" rel=\"noopener\" target=\"_blank\">PORTARIA N\u00ba 10, DE 21 DE NOVEMBRO DE 2024<\/a><\/td><td class=\"column-5\">27\/09\/2024<\/td><td class=\"column-6\">26\/09\/2026<\/td>\n<\/tr>\n<tr class=\"row-15\">\n\t<td class=\"column-3\">Gabriela Cordeiro Correa do Nascimento<\/td><td class=\"column-4\"><a href=\"https:\/\/sei.ufpr.br\/sei\/web\/controlador.php?acao=procedimento_trabalhar&amp;id_procedimento=3519647&amp;id_documento=7889521\" rel=\"noopener\" target=\"_blank\">PORTARIA N\u00ba 10, DE 21 DE NOVEMBRO DE 2024<\/a><\/td><td class=\"column-5\">21\/11\/2024<\/td><td class=\"column-6\">26\/09\/2026<\/td>\n<\/tr>\n<tr class=\"row-16\">\n\t<td rowspan=\"5\" class=\"column-1\">Comiss\u00e3o Orientadora de Est\u00e1gios do Curso de Terapia Ocupacional (COE-TO)<\/td><td rowspan=\"5\" class=\"column-2\">coe.to@ufpr.br<\/td><td class=\"column-3\">Ana Carolina Passos de Oliveira<\/td><td class=\"column-4\"><a href=\"https:\/\/sei.ufpr.br\/sei\/web\/controlador.php?acao=procedimento_trabalhar&amp;id_procedimento=2896757&amp;id_documento=8240245\" rel=\"noopener\" target=\"_blank\">PORTARIA N\u00ba 01, DE 24 DE MAR\u00c7O DE 2025<\/a><\/td><td class=\"column-5\">16\/05\/2024<\/td><td class=\"column-6\">15\/05\/2026<\/td>\n<\/tr>\n<tr class=\"row-17\">\n\t<td class=\"column-3\">Christiane Siegmann<\/td><td class=\"column-4\"><a href=\"https:\/\/sei.ufpr.br\/sei\/web\/controlador.php?acao=procedimento_trabalhar&amp;id_procedimento=2896757&amp;id_documento=8240245\" rel=\"noopener\" target=\"_blank\">PORTARIA N\u00ba 01, DE 24 DE MAR\u00c7O DE 2025<\/a><\/td><td class=\"column-5\">16\/05\/2024<\/td><td class=\"column-6\">15\/05\/2026<\/td>\n<\/tr>\n<tr class=\"row-18\">\n\t<td class=\"column-3\">Andr\u00e9a Maria Fedeger<\/td><td class=\"column-4\"><a href=\"https:\/\/sei.ufpr.br\/sei\/web\/controlador.php?acao=procedimento_trabalhar&amp;id_procedimento=2896757&amp;id_documento=8240245\" rel=\"noopener\" target=\"_blank\">PORTARIA N\u00ba 01, DE 24 DE MAR\u00c7O DE 2025<\/a><\/td><td class=\"column-5\">26\/09\/2024<\/td><td class=\"column-6\">15\/05\/2026<\/td>\n<\/tr>\n<tr class=\"row-19\">\n\t<td class=\"column-3\">Ana Maria Silvello Pereira<\/td><td class=\"column-4\"><a href=\"https:\/\/sei.ufpr.br\/sei\/web\/controlador.php?acao=procedimento_trabalhar&amp;id_procedimento=2896757&amp;id_documento=8240245\" rel=\"noopener\" target=\"_blank\">PORTARIA N\u00ba 01, DE 24 DE MAR\u00c7O DE 2025<\/a><\/td><td class=\"column-5\">24\/03\/2025<\/td><td class=\"column-6\">15\/05\/2026<\/td>\n<\/tr>\n<tr class=\"row-20\">\n\t<td class=\"column-3\">Fernanda Capella Rugno<\/td><td class=\"column-4\"><a href=\"https:\/\/sei.ufpr.br\/sei\/web\/controlador.php?acao=procedimento_trabalhar&amp;id_procedimento=2896757&amp;id_documento=8240245\" rel=\"noopener\" target=\"_blank\">PORTARIA N\u00ba 01, DE 24 DE MAR\u00c7O DE 2025<\/a><\/td><td class=\"column-5\">24\/03\/2025<\/td><td class=\"column-6\">15\/05\/2026<\/td>\n<\/tr>\n<tr class=\"row-21\">\n\t<td rowspan=\"3\" class=\"column-1\">Comiss\u00e3o de Revalida\u00e7\u00e3o de Diplomas do Curso de Terapia Ocupacional (CRev-TO)<\/td><td rowspan=\"3\" class=\"column-2\">revalidacao.to@ufpr.br<\/td><td class=\"column-3\">Paloma Hohmann Poier<\/td><td class=\"column-4\"><a href=\"https:\/\/sei.ufpr.br\/sei\/web\/controlador.php?acao=procedimento_trabalhar&amp;id_procedimento=3620129&amp;id_documento=7357902\">05\/24 - SD\/CCTO<\/a><\/td><td class=\"column-5\">16\/05\/2024<\/td><td class=\"column-6\">15\/05\/2026<\/td>\n<\/tr>\n<tr class=\"row-22\">\n\t<td class=\"column-3\">Iranise Moro Pereira Jorge<\/td><td class=\"column-4\"><a href=\"https:\/\/sei.ufpr.br\/sei\/web\/controlador.php?acao=procedimento_trabalhar&amp;id_procedimento=3620129&amp;id_documento=7357902\">05\/24 - SD\/CCTO<\/a><\/td><td class=\"column-5\">16\/05\/2024<\/td><td class=\"column-6\">15\/05\/2026<\/td>\n<\/tr>\n<tr class=\"row-23\">\n\t<td class=\"column-3\">Adriana Hessel Dalagassa<\/td><td class=\"column-4\"><a href=\"https:\/\/sei.ufpr.br\/sei\/web\/controlador.php?acao=procedimento_trabalhar&amp;id_procedimento=3620129&amp;id_documento=7357902\">05\/24 - SD\/CCTO<\/a><\/td><td class=\"column-5\">16\/05\/2024<\/td><td class=\"column-6\">15\/05\/2026<\/td>\n<\/tr>\n<tr class=\"row-24\">\n\t<td class=\"column-1\"><\/td><td class=\"column-2\"><\/td><td class=\"column-3\"><\/td><td class=\"column-4\"><\/td><td class=\"column-5\"><\/td><td class=\"column-6\"><\/td>\n<\/tr>\n<\/tbody>\n<\/table>\n<!-- #tablepress-17 from cache -->\n<p>&nbsp;<\/p>\n<p>\u00daltima atualiza\u00e7\u00e3o em 27\/03\/2025<\/p>\n","protected":false},"excerpt":{"rendered":"<p>&nbsp; \u00daltima atualiza\u00e7\u00e3o em 27\/03\/2025<\/p>\n","protected":false},"author":1636,"featured_media":0,"parent":0,"menu_order":0,"comment_status":"closed","ping_status":"closed","template":"","meta":{"_acf_changed":false,"_uag_custom_page_level_css":"","footnotes":""},"class_list":["post-3644","page","type-page","status-publish","hentry"],"acf":[],"featured_image_src":null,"uagb_featured_image_src":{"full":false,"thumbnail":false,"medium":false,"medium_large":false,"large":false,"1536x1536":false,"2048x2048":false},"uagb_author_info":{"display_name":"Matheus Oliveira K\u00fchn","author_link":"https:\/\/saude.ufpr.br\/terapiaocupacional\/author\/matheus\/"},"uagb_comment_info":0,"uagb_excerpt":"&nbsp; \u00daltima atualiza\u00e7\u00e3o em 27\/03\/2025","publishpress_future_action":{"enabled":false,"date":"2026-05-01 14:57:21","action":"change-status","newStatus":"draft","terms":[],"taxonomy":"","extraData":[]},"publishpress_future_workflow_manual_trigger":{"enabledWorkflows":[]},"_links":{"self":[{"href":"https:\/\/saude.ufpr.br\/terapiaocupacional\/wp-json\/wp\/v2\/pages\/3644","targetHints":{"allow":["GET"]}}],"collection":[{"href":"https:\/\/saude.ufpr.br\/terapiaocupacional\/wp-json\/wp\/v2\/pages"}],"about":[{"href":"https:\/\/saude.ufpr.br\/terapiaocupacional\/wp-json\/wp\/v2\/types\/page"}],"author":[{"embeddable":true,"href":"https:\/\/saude.ufpr.br\/terapiaocupacional\/wp-json\/wp\/v2\/users\/1636"}],"replies":[{"embeddable":true,"href":"https:\/\/saude.ufpr.br\/terapiaocupacional\/wp-json\/wp\/v2\/comments?post=3644"}],"version-history":[{"count":12,"href":"https:\/\/saude.ufpr.br\/terapiaocupacional\/wp-json\/wp\/v2\/pages\/3644\/revisions"}],"predecessor-version":[{"id":5083,"href":"https:\/\/saude.ufpr.br\/terapiaocupacional\/wp-json\/wp\/v2\/pages\/3644\/revisions\/5083"}],"wp:attachment":[{"href":"https:\/\/saude.ufpr.br\/terapiaocupacional\/wp-json\/wp\/v2\/media?parent=3644"}],"curies":[{"name":"wp","href":"https:\/\/api.w.org\/{rel}","templated":true}]}}