{"id":3656,"date":"2021-01-20T17:17:12","date_gmt":"2021-01-20T20:17:12","guid":{"rendered":"https:\/\/saude.ufpr.br\/terapiaocupacional\/?page_id=3656"},"modified":"2021-01-22T09:52:43","modified_gmt":"2021-01-22T12:52:43","slug":"mobilidade-academica","status":"publish","type":"page","link":"https:\/\/saude.ufpr.br\/terapiaocupacional\/mobilidade-academica\/","title":{"rendered":"Mobilidade Acad\u00eamica"},"content":{"rendered":"<p>Na UFPR a Mobilidade Acad\u00eamica \u00e9 administrada pela Ag\u00eancia UFPR Internacional (AUI).<\/p>\n<ul>\n<li><a href=\"https:\/\/internacional.ufpr.br\/mobilidade-academica-nacional\/\">Mobilidade Acad\u00eamica Nacional<\/a><\/li>\n<\/ul>\n<p>A Mobilidade Acad\u00eamica Nacional \u00e9 um programa de interc\u00e2mbio que recebe e envia estudantes para a as IES federais e paranaenses.<\/p>\n<ul>\n<li><a href=\"https:\/\/internacional.ufpr.br\/mobilidade-internacional-ufpr\/\">Mobilidade Acad\u00eamica Internacional<\/a><\/li>\n<\/ul>\n<p>A Mobilidade Acad\u00eamica Internacional \u00e9 um programa de interc\u00e2mbio realizado entre a UFPR e as universidades estrangeiras com as quais ela mantem acordo bilateral de coopera\u00e7\u00e3o. Atrav\u00e9s desse programa, a UFPR envia e recebe alunos por um per\u00edodo de 6 a 12 meses, sem possibilidade de extens\u00e3o.<\/p>\n<p>Tamb\u00e9m est\u00e3o dispon\u00edveis para visualizar parcerias ofertadas na p\u00e1gina <a href=\"https:\/\/internacional.ufpr.br\/inscricao\/\">https:\/\/internacional.ufpr.br\/inscricao\/<\/a> (primeira op\u00e7\u00e3o \u00e0 direita na aba superior)<\/p>\n","protected":false},"excerpt":{"rendered":"<p>Na UFPR a Mobilidade Acad\u00eamica \u00e9 administrada pela Ag\u00eancia UFPR Internacional (AUI). Mobilidade Acad\u00eamica Nacional A Mobilidade Acad\u00eamica Nacional \u00e9 um programa de interc\u00e2mbio que recebe e envia estudantes para a as IES federais e paranaenses. Mobilidade Acad\u00eamica Internacional A [&hellip;]<\/p>\n","protected":false},"author":1636,"featured_media":0,"parent":0,"menu_order":0,"comment_status":"closed","ping_status":"closed","template":"","meta":{"_acf_changed":false,"_uag_custom_page_level_css":"","footnotes":""},"class_list":["post-3656","page","type-page","status-publish","hentry"],"acf":[],"featured_image_src":null,"uagb_featured_image_src":{"full":false,"thumbnail":false,"medium":false,"medium_large":false,"large":false,"1536x1536":false,"2048x2048":false},"uagb_author_info":{"display_name":"Matheus Oliveira K\u00fchn","author_link":"https:\/\/saude.ufpr.br\/terapiaocupacional\/author\/matheus\/"},"uagb_comment_info":0,"uagb_excerpt":"Na UFPR a Mobilidade Acad\u00eamica \u00e9 administrada pela Ag\u00eancia UFPR Internacional (AUI). Mobilidade Acad\u00eamica Nacional A Mobilidade Acad\u00eamica Nacional \u00e9 um programa de interc\u00e2mbio que recebe e envia estudantes para a as IES federais e paranaenses. Mobilidade Acad\u00eamica Internacional A [&hellip;]","publishpress_future_action":{"enabled":false,"date":"2026-04-22 09:51:13","action":"change-status","newStatus":"draft","terms":[],"taxonomy":"","extraData":[]},"publishpress_future_workflow_manual_trigger":{"enabledWorkflows":[]},"_links":{"self":[{"href":"https:\/\/saude.ufpr.br\/terapiaocupacional\/wp-json\/wp\/v2\/pages\/3656","targetHints":{"allow":["GET"]}}],"collection":[{"href":"https:\/\/saude.ufpr.br\/terapiaocupacional\/wp-json\/wp\/v2\/pages"}],"about":[{"href":"https:\/\/saude.ufpr.br\/terapiaocupacional\/wp-json\/wp\/v2\/types\/page"}],"author":[{"embeddable":true,"href":"https:\/\/saude.ufpr.br\/terapiaocupacional\/wp-json\/wp\/v2\/users\/1636"}],"replies":[{"embeddable":true,"href":"https:\/\/saude.ufpr.br\/terapiaocupacional\/wp-json\/wp\/v2\/comments?post=3656"}],"version-history":[{"count":9,"href":"https:\/\/saude.ufpr.br\/terapiaocupacional\/wp-json\/wp\/v2\/pages\/3656\/revisions"}],"predecessor-version":[{"id":3687,"href":"https:\/\/saude.ufpr.br\/terapiaocupacional\/wp-json\/wp\/v2\/pages\/3656\/revisions\/3687"}],"wp:attachment":[{"href":"https:\/\/saude.ufpr.br\/terapiaocupacional\/wp-json\/wp\/v2\/media?parent=3656"}],"curies":[{"name":"wp","href":"https:\/\/api.w.org\/{rel}","templated":true}]}}