{"id":411,"date":"2016-05-20T22:57:18","date_gmt":"2016-05-20T22:57:18","guid":{"rendered":"https:\/\/saude.ufpr.br\/terapiaocupacional\/?page_id=411"},"modified":"2022-08-04T15:40:21","modified_gmt":"2022-08-04T18:40:21","slug":"clinica-escola","status":"publish","type":"page","link":"https:\/\/saude.ufpr.br\/terapiaocupacional\/clinica-escola\/","title":{"rendered":"Cl\u00ednica Escola da Terapia Ocupacional &#8211; CETO"},"content":{"rendered":"<p><span style=\"color: #000000\"><!-- MetaSlider 1041 not found --><\/span><\/p>\n<p><strong>CL\u00cdNICA-ESCOLA DE TERAPIA OCUPACIONAL DA UFPR<\/strong><\/p>\n<p>&nbsp;<\/p>\n<p>A Cl\u00ednica-Escola de Terapia Ocupacional da UFPR (CETO) presta servi\u00e7os e atendimentos \u00e0 comunidade, e realiza atividades de ensino, pesquisa e extens\u00e3o. A CETO est\u00e1 vinculada ao Departamento de Terapia Ocupacional e busca articular a necessidade de forma\u00e7\u00e3o dos acad\u00eamicos com as demandas apresentadas pelas pessoas que procuram os seus servi\u00e7os.<\/p>\n<p>A CETO tem por miss\u00e3o:<\/p>\n<ol>\n<li>a) Promover a\u00e7\u00f5es formativas de terapia ocupacional, compreendendo o ensino, pesquisa e extens\u00e3o;<\/li>\n<li>b) Atendimento de terapia ocupacional visando a promo\u00e7\u00e3o do desempenho ocupacional e engajamento nas ocupa\u00e7\u00f5es, acesso \u00e0 informa\u00e7\u00e3o, participa\u00e7\u00e3o e bem estar das pessoas nas diversas condi\u00e7\u00f5es de sa\u00fade, s\u00f3cio-econ\u00f4micas e culturais, para pessoas em todas as fases do desenvolvimento;<\/li>\n<li>c) Promover parcerias, conv\u00eanios e contratos com institui\u00e7\u00f5es governamentais e n\u00e3o governamentais, nacionais e internacionais, visando seus objetivos<strong>;<\/strong><\/li>\n<li>d) Manter publica\u00e7\u00f5es t\u00e9cnicas especializadas sobre trabalhos e assuntos relativos \u00e0s suas atividades.<\/li>\n<\/ol>\n<p><strong>\u00a0<\/strong><\/p>\n<p><strong>Contatos:<\/strong><\/p>\n<p>Atualmente \u00e9 poss\u00edvel fazer contato com a secretaria da CETO pelos seguintes meios:<\/p>\n<p><strong>Hor\u00e1rio de atendimento da secretaria: <\/strong>7h00 as 13h00<\/p>\n<p><strong>Inscri\u00e7\u00e3o na lista de espera <\/strong>(Responder o formul\u00e1rio abaixo):<\/p>\n<p><a href=\"https:\/\/docs.google.com\/forms\/d\/e\/1FAIpQLSeLlX4wF0A0t6F0TwuvXWSHrdXR2rNU9uq1tOs9M0RirrU52Q\/viewform\"><strong>https:\/\/docs.google.com\/forms\/d\/e\/1FAIpQLSeLlX4wF0A0t6F0TwuvXWSHrdXR2rNU9uq1tOs9M0RirrU52Q\/viewform <\/strong><\/a><\/p>\n<p><strong>Caso tenha dificuldades entrar em contato por WhatsApp ou e-mail): <\/strong><\/p>\n<p><strong>WhatsApp: <\/strong>(041) 33613742<\/p>\n<p><strong>\u00a0E-mail:\u00a0<\/strong> <a href=\"mailto:ceto.ufpr@gmail.com\">ceto.ufpr@gmail.com<\/a><\/p>\n<p><strong>LinkTree:<\/strong> <a href=\"https:\/\/linktr.ee\/CETO.UFPR\">https:\/\/linktr.ee\/CETO.UFPR<\/a><\/p>\n<p><strong>Instagram:<\/strong> <a href=\"https:\/\/instagram.com\/ceto.ufpr?utm_medium=copy_link\">https:\/\/instagram.com\/ceto.ufpr?utm_medium=copy_link<\/a><\/p>\n<p><strong>Endere\u00e7o:<\/strong> Av. Pref. Loth\u00e1rio Meissner, 632, Bloco Did\u00e1tico II, T\u00e9rreo, CEP 80210-170 \u2013 Jd. Botanico \u2013 Curitiba \u2013 PR<\/p>\n<p>&nbsp;<\/p>\n<p><strong>EQUIPE CETO:<\/strong><\/p>\n<p>&nbsp;<\/p>\n<p><a href=\"https:\/\/saude.ufpr.br\/terapiaocupacional\/adila-eliete-do-nascimento-de-poli\/\">\u00c1dila Eliete do Nascimento de Poli<\/a> &#8211; Auxiliar de Enfermagem;<\/p>\n<p><a href=\"https:\/\/saude.ufpr.br\/terapiaocupacional\/alexsandra-santos-silva\/\">Alexsandra Santos Silva<\/a> &#8211; Terapeuta Ocupacional;<\/p>\n<p><a href=\"https:\/\/saude.ufpr.br\/terapiaocupacional\/karina-stella-aoki-ferreira\/\">Karina Stella Aoki Ferreira<\/a> &#8211; Terapeuta Ocupacional;<\/p>\n<p><a href=\"https:\/\/saude.ufpr.br\/terapiaocupacional\/kelly-regina-dias-da-silva-scipioni\/\">Kelly Regina Dias da Silva Scipioni<\/a> &#8211; Terapeuta Ocupacional;<\/p>\n<p><a href=\"https:\/\/saude.ufpr.br\/terapiaocupacional\/marina-siqueira-campos-bastos\/\">Marina Siqueira Campos Bastos<\/a> &#8211; Terapeuta Ocupacional;<\/p>\n<p>&nbsp;<\/p>\n<p><strong>PERGUNTAS FREQUENTES:<\/strong><\/p>\n<p><strong>Quais s\u00e3o as \u00e1reas de atendimento da CETO?<\/strong><\/p>\n<p>Atualmente a CETO possui projetos e\/ou atendimentos nas seguintes \u00e1reas\/condi\u00e7\u00f5es de sa\u00fade:<\/p>\n<ul>\n<li>Sa\u00fade F\u00edsica e Funcional\/ Neurologia Adulto: atende pessoas sobreviventes do Acidente Vascular Cerebral (AVC), Les\u00f5es Encef\u00e1licas e Doen\u00e7as Cerebrovasculares;<\/li>\n<li>Desenvolvimento Infantil: atende crian\u00e7as com diagn\u00f3stico de Transtorno do Espectro Autista (TEA);<\/li>\n<\/ul>\n<p><strong>Como fa\u00e7o para conseguir uma vaga para atendimento na CETO?<\/strong><\/p>\n<p>A CETO tem lista de espera para atendimento \u00e0 comunidade externa e interna. O chamado para avalia\u00e7\u00e3o ocorre conforme a sequ\u00eancia da lista de espera e conforme disponibilidade de vagas nas \u00e1reas de atendimentos ou projeto ofertados na cl\u00ednica-escola.<\/p>\n<p>As vagas de atendimento s\u00e3o disponibilizadas nas \u00e1reas ofertadas a partir de est\u00e1gios de pr\u00e1tica profissional, projetos e laborat\u00f3rios existentes, que geralmente possuem um p\u00fablico-alvo definido.<\/p>\n<p>Sendo assim, as pessoas interessadas dever\u00e3o entrar na fila de espera, informando os dados pessoais e de contato, e ainda \u00e1rea de interesse\/necessidade de atendimento. Posteriormente, conforme a abertura de vagas, o interessado passar\u00e1 por uma triagem, onde ser\u00e1 realizada uma avalia\u00e7\u00e3o inicial.<\/p>\n<p>Ap\u00f3s esta avalia\u00e7\u00e3o ser\u00e3o chamados conforme o seu perfil e a disponibilidade de vagas no servi\u00e7o, <strong>e caso n\u00e3o tenha atendimento na \u00e1rea necessitada o paciente \u00e9 encaminhado \u00e0 rede municipal de sa\u00fade ou outros equipamentos de sa\u00fade. <\/strong><\/p>\n<p>Para ser inclu\u00eddo na lista de espera e aguardar a triagem, a pessoa dever\u00e1 preencher o formul\u00e1rio do link abaixo:<\/p>\n<p><a href=\"https:\/\/docs.google.com\/forms\/d\/e\/1FAIpQLSeLlX4wF0A0t6F0TwuvXWSHrdXR2rNU9uq1tOs9M0RirrU52Q\/viewform\"><strong>https:\/\/docs.google.com\/forms\/d\/e\/1FAIpQLSeLlX4wF0A0t6F0TwuvXWSHrdXR2rNU9uq1tOs9M0RirrU52Q\/viewform <\/strong><\/a><\/p>\n<p>Em caso de dificuldade para preencher o formul\u00e1rio, ainda \u00e9 poss\u00edvel entrar em contato pelo Whats App (041) 3361 3742 ou telefone fixo (mesmo n\u00famero) das 7h00 \u00e0s 13h00 e informar seus dados.<\/p>\n<p><strong>Ap\u00f3s realizar a triagem, eu serei automaticamente inclu\u00eddo no servi\u00e7o?<\/strong><\/p>\n<p>N\u00e3o. A inclus\u00e3o no servi\u00e7o depende da disponibilidade de vagas, sendo necess\u00e1rio que exista um projeto dentro da CETO que v\u00e1 ao encontro das necessidades da pessoa avaliada.<\/p>\n<p><strong>Qual \u00e9 o hor\u00e1rio de atendimento?<\/strong><\/p>\n<p>O hor\u00e1rio de funcionamento da Cl\u00ednica \u00e9 das 8h00 \u00e0s 20h30, no entanto os atendimentos ocorrem em hor\u00e1rios espec\u00edficos que ser\u00e3o pr\u00e9-agendados.<\/p>\n<p><strong>Eu posso escolher o meu hor\u00e1rio de atendimento?<\/strong><\/p>\n<p>N\u00e3o, pois os atendimentos s\u00e3o realizados conforme os hor\u00e1rios dos est\u00e1gios e projetos relacionados.<\/p>\n<p><strong>Eu posso escolher quem vai me atender?<\/strong><\/p>\n<p>N\u00e3o, os atendimentos s\u00e3o realizados por acad\u00eamicos dos \u00faltimos per\u00edodos do curso de Terapia Ocupacional, com a supervis\u00e3o de uma terapeuta ocupacional.<\/p>\n<p><strong>Por quanto tempo eu posso ser atendido na CETO?<\/strong><\/p>\n<p>Os atendimentos ocorrem durante o per\u00edodo letivo, com dura\u00e7\u00e3o de um semestre, sendo a continuidade realizada de acordo com a indica\u00e7\u00e3o cl\u00ednica, o interesse acad\u00eamico e necessidade de rotatividade dos usu\u00e1rios no servi\u00e7o.<\/p>\n<p><strong>O meu caso pode ser usado em trabalhos acad\u00eamicos, projetos de pesquisa e apresentado em eventos?<\/strong><\/p>\n<p>Por se tratar de uma Cl\u00ednica Escola, caso a pessoa autorize mediante assinatura de um termo de consentimento livre e esclarecido, os casos atendidos podem ser utilizados para fins acad\u00eamicos.<\/p>\n<p><strong>Como eu fa\u00e7o para chegar na CETO?<\/strong><\/p>\n<p>A CETO fica localizada em frente ao parque Jardim Bot\u00e2nico, no Campus Jardim Bot\u00e2nico da UFPR, na Avenida Prefeito Loth\u00e1rio Meissner, 632, no Bloco Did\u00e1tico II (pr\u00e9dio da Terapia Ocupacional e da Enfermagem).<\/p>\n<p><strong>De carro:<\/strong><\/p>\n<p>Os acessos poss\u00edveis ao Campus s\u00e3o a partir da linha verde, pela Rua Cora\u00e7\u00e3o de Maria, ou a partir da Av. Prefeito Loth\u00e1rio Meissner, que \u00e9 a continua\u00e7\u00e3o da Rua Ubaldino do Amaral, no sentido do litoral paraense.<\/p>\n<p><strong>De \u00f4nibus:<\/strong><\/p>\n<ul>\n<li>Ligeirinho Centen\u00e1rio, descer na esta\u00e7\u00e3o tubo Jardim Bot\u00e2nico.<\/li>\n<li>Alimentador Cabral\/Port\u00e3o \u2013 descer no Santu\u00e1rio Nossa Senhora de Lourdes, em frente ao Jardim Bot\u00e2nico. Ap\u00f3s descer, voltar at\u00e9 a esquina da Av. Prefeito Loth\u00e1rio Meissner e andar na dire\u00e7\u00e3o do tubo do ligeirinho (cerca de 550 metros).<\/li>\n<li>\u00d4nibus Solitude (a partir da Pra\u00e7a Carlos Gomes): descer na Escola Ecum\u00eanica, que fica ao lado do Parque Jardim Bot\u00e2nico.<\/li>\n<li>\u00d4nibus Santa B\u00e1rbara ou Jardim Petr\u00f3polis (a partir da Pra\u00e7a Rui Barbosa): descer na Escola Ecum\u00eanica, que fica ao lado do Parque Jardim Bot\u00e2nico.<\/li>\n<li>\u00d4nibus Posto Paris, Jardim Independ\u00eancia, Jardim Isaura, Jardim Ip\u00ea e Jardim Guatup\u00ea (a partir do terminal do Guadalupe): descer em frente \u00e0 Central de Medicamentos do Estado do Paran\u00e1, ao lado do Jardim Bot\u00e2nico.<\/li>\n<\/ul>\n<p><a href=\"https:\/\/saude.ufpr.br\/terapiaocupacional\/wp-content\/uploads\/sites\/5\/2019\/04\/REGIMENTO-INTERNO-CLINICA-ESCOLA-DE-TERAPIA-OCUPACIONAL-UFPR.pdf\">Regimento Interno da Cl\u00ednica Escola de Terapia Ocupacional da UFPR<\/a><\/p>\n","protected":false},"excerpt":{"rendered":"<p>CL\u00cdNICA-ESCOLA DE TERAPIA OCUPACIONAL DA UFPR &nbsp; A Cl\u00ednica-Escola de Terapia Ocupacional da UFPR (CETO) presta servi\u00e7os e atendimentos \u00e0 comunidade, e realiza atividades de ensino, pesquisa e extens\u00e3o. A CETO est\u00e1 vinculada ao Departamento de Terapia Ocupacional e busca [&hellip;]<\/p>\n","protected":false},"author":8,"featured_media":0,"parent":0,"menu_order":0,"comment_status":"closed","ping_status":"closed","template":"","meta":{"_acf_changed":false,"_uag_custom_page_level_css":"","footnotes":""},"class_list":["post-411","page","type-page","status-publish","hentry"],"acf":[],"featured_image_src":null,"uagb_featured_image_src":{"full":false,"thumbnail":false,"medium":false,"medium_large":false,"large":false,"1536x1536":false,"2048x2048":false},"uagb_author_info":{"display_name":"caiubidysarz","author_link":"https:\/\/saude.ufpr.br\/terapiaocupacional\/author\/caiubidysarz\/"},"uagb_comment_info":0,"uagb_excerpt":"CL\u00cdNICA-ESCOLA DE TERAPIA OCUPACIONAL DA UFPR &nbsp; A Cl\u00ednica-Escola de Terapia Ocupacional da UFPR (CETO) presta servi\u00e7os e atendimentos \u00e0 comunidade, e realiza atividades de ensino, pesquisa e extens\u00e3o. A CETO est\u00e1 vinculada ao Departamento de Terapia Ocupacional e busca [&hellip;]","publishpress_future_action":{"enabled":false,"date":"2026-05-02 13:59:07","action":"change-status","newStatus":"draft","terms":[],"taxonomy":"","extraData":[]},"publishpress_future_workflow_manual_trigger":{"enabledWorkflows":[]},"_links":{"self":[{"href":"https:\/\/saude.ufpr.br\/terapiaocupacional\/wp-json\/wp\/v2\/pages\/411","targetHints":{"allow":["GET"]}}],"collection":[{"href":"https:\/\/saude.ufpr.br\/terapiaocupacional\/wp-json\/wp\/v2\/pages"}],"about":[{"href":"https:\/\/saude.ufpr.br\/terapiaocupacional\/wp-json\/wp\/v2\/types\/page"}],"author":[{"embeddable":true,"href":"https:\/\/saude.ufpr.br\/terapiaocupacional\/wp-json\/wp\/v2\/users\/8"}],"replies":[{"embeddable":true,"href":"https:\/\/saude.ufpr.br\/terapiaocupacional\/wp-json\/wp\/v2\/comments?post=411"}],"version-history":[{"count":21,"href":"https:\/\/saude.ufpr.br\/terapiaocupacional\/wp-json\/wp\/v2\/pages\/411\/revisions"}],"predecessor-version":[{"id":4411,"href":"https:\/\/saude.ufpr.br\/terapiaocupacional\/wp-json\/wp\/v2\/pages\/411\/revisions\/4411"}],"wp:attachment":[{"href":"https:\/\/saude.ufpr.br\/terapiaocupacional\/wp-json\/wp\/v2\/media?parent=411"}],"curies":[{"name":"wp","href":"https:\/\/api.w.org\/{rel}","templated":true}]}}