{"id":424,"date":"2016-05-20T23:05:47","date_gmt":"2016-05-20T23:05:47","guid":{"rendered":"https:\/\/saude.ufpr.br\/terapiaocupacional\/?page_id=424"},"modified":"2017-04-05T12:18:19","modified_gmt":"2017-04-05T15:18:19","slug":"eventos","status":"publish","type":"page","link":"https:\/\/saude.ufpr.br\/terapiaocupacional\/eventos\/","title":{"rendered":"Eventos e Cursos"},"content":{"rendered":"<p><span style=\"text-decoration: underline\"><strong>EVENTOS E CURSOS PREVISTOS &#8211; 2017<\/strong><\/span><\/p>\n<ul>\n<li><strong><span style=\"color: #000000\">CURSOS<\/span><\/strong><\/li>\n<\/ul>\n\n<table id=\"tablepress-7\" class=\"tablepress tablepress-id-7\">\n<thead>\n<tr class=\"row-1\">\n\t<th class=\"column-1\"><img fetchpriority=\"high\" decoding=\"async\" src=\"http:\/\/saude.ufpr.br\/terapiaocupacional\/wp-content\/uploads\/sites\/5\/2017\/04\/iNSCRI\u00c7\u00d5ES-ENCERRADAS.png\" alt=\"INSCRICOES\" width=\"300\" height=\"263\" class=\"alignnone size-medium wp-image-1074\" \/><\/a><\/th><th class=\"column-2\"><strong>PROJECT MODEL CANVAS E FERRAMENTAS DE GEST\u00c3O PARA SA\u00daDE<\/strong><br \/>\n<strong>Modalidade<\/strong>: GRATUITO<br \/>\n<strong>Objetivo<\/strong>: O Project Model Canvas \u00e9 uma metodologia robusta e operacional de gerenciamento que possibilita o acompanhamento de diferentes projetos, sem o preenchimento de in\u00fameros documentos e sem burocracia. Nessa capacita\u00e7\u00e3o, pretende-se trabalhar a aplica\u00e7\u00e3o do Project Model Canvas ao campo da sa\u00fade e na gest\u00e3o de projetos sociais. Para al\u00e9m, ser\u00e3o apresentadas e fornecidas algumas ferramentas para a qualifica\u00e7\u00e3o da administra\u00e7\u00e3o de servi\u00e7os p\u00fablicos do campo da Sa\u00fade.<br \/>\n<strong>Carga Hor\u00e1ria Total<\/strong>: 8 horas - Ter\u00e7as-feiras das 18h30min \u00e0s 22h30min<br \/>\n<strong>Datas<\/strong>: 16 e 23 de maio de 2017<br \/>\n<strong>Conte\u00fado<\/strong>: <br \/>\nGest\u00e3o em Rede e Stakeholders: conceito e potencialidades para o trabalho em sa\u00fade<br \/>\nProject Model Canvas: Proposta, estrutura e aplicabilidade nos servi\u00e7os de sa\u00fade<br \/>\nProject Model Canvas: aplica\u00e7\u00e3o e composi\u00e7\u00e3o<br \/>\nFerramentas para a gest\u00e3o em sa\u00fade: potencialidades e contribui\u00e7\u00f5es<br \/>\n<span style=\"color: #ff0000\">AS INSCRI\u00c7\u00d5ES SER\u00c3O CONFIRMADAS NO DIA 10 DE MAIO DE 2017<\/span><br \/>\n<a href=\"http:\/\/saude.ufpr.br\/terapiaocupacional\/wp-content\/uploads\/sites\/5\/2017\/03\/Divulga\u00e7\u00e3oCANVAS-2017.jpg\" target=\"_blank\">Folder Curso - clique aqui<\/a><\/th>\n<\/tr>\n<\/thead>\n<tbody class=\"row-striping row-hover\">\n<\/tbody>\n<\/table>\n<!-- #tablepress-7 from cache -->\n\n<table id=\"tablepress-8\" class=\"tablepress tablepress-id-8\">\n<thead>\n<tr class=\"row-1\">\n\t<th class=\"column-1\"><img fetchpriority=\"high\" decoding=\"async\" src=\"http:\/\/saude.ufpr.br\/terapiaocupacional\/wp-content\/uploads\/sites\/5\/2017\/04\/iNSCRI\u00c7\u00d5ES-ENCERRADAS.png\" alt=\"INSCRICOES\" width=\"300\" height=\"263\" class=\"alignnone size-medium wp-image-1074\" \/><\/a><\/th><th class=\"column-2\"><strong>GEST\u00c3O P\u00daBLICA EM SA\u00daDE E EDITAIS: POSSIBILIDADES E ESTRAT\u00c9GIAS PARA A CAPTA\u00c7\u00c3O DE RECURSOS<\/strong><br \/>\n<strong>Modalidade<\/strong>: GRATUITO<br \/>\n<strong>Objetivo<\/strong>: O Curso se destina a proporcionar forma\u00e7\u00e3o para gestores p\u00fablicos e do terceiro setor vinculados \u00e0 Sa\u00fade para fomentar e especializar a capta\u00e7\u00e3o de recursos por meio de editais. O Curso apresentar\u00e1 estrat\u00e9gias diversificadas para ampliar a capta\u00e7\u00e3o de recursos e a qualidade de projetos encaminhados para responder a diferentes editais.<br \/>\n<strong>Carga Hor\u00e1ria Total<\/strong>: 8 horas - Ter\u00e7as-feiras das 18h30min \u00e0s 22h30min<br \/>\n<strong>Datas<\/strong>: 30 de maio e 06 de junho de 2017<br \/>\n<strong>Conte\u00fado<\/strong>: <br \/>\nEditais de Capta\u00e7\u00e3o de Recursos: O que s\u00e3o e quais as estrat\u00e9gias para responder \u00e0s suas demandas<br \/>\nGest\u00e3o em Rede e Stakeholders: Conceito e aplicabilidade na capta\u00e7\u00e3o de recursos por meio de editais<br \/>\nEditais para capta\u00e7\u00e3o de recursos: aplica\u00e7\u00e3o e composi\u00e7\u00e3o de projeto<br \/>\n<span style=\"color: #ff0000\">AS INSCRI\u00c7\u00d5ES SER\u00c3O CONFIRMADAS NO DIA 24 DE MAIO DE 2017<\/span><br \/>\n<a href=\"http:\/\/saude.ufpr.br\/terapiaocupacional\/wp-content\/uploads\/sites\/5\/2017\/03\/Divulga\u00e7\u00e3o-Curso-Editais-2017-2.jpg\" target=\"_blank\">Folder Curso - clique aqui<\/a><\/th>\n<\/tr>\n<\/thead>\n<tbody class=\"row-striping row-hover\">\n<\/tbody>\n<\/table>\n<!-- #tablepress-8 from cache -->\n<p>&nbsp;<\/p>\n<ul>\n<li><strong>EVENTOS<\/strong><\/li>\n<\/ul>\n<p>Em Breve!<\/p>\n<p>&nbsp;<\/p>\n<p>&nbsp;<\/p>\n<p><span style=\"text-decoration: underline\"><strong>EVENTOS E CURSOS REALIZADOS\u00a0&#8211; 2017<\/strong><\/span><\/p>\n\n<table id=\"tablepress-6\" class=\"tablepress tablepress-id-6\">\n<thead>\n<tr class=\"row-1\">\n\t<th class=\"column-1\"><img fetchpriority=\"high\" decoding=\"async\" src=\"http:\/\/saude.ufpr.br\/terapiaocupacional\/wp-content\/uploads\/sites\/5\/2017\/04\/iNSCRI\u00c7\u00d5ES-ENCERRADAS.png\" alt=\"INSCRICOES\" width=\"300\" height=\"263\" class=\"alignnone size-medium wp-image-1074\" \/><\/a><\/th><th class=\"column-2\"><strong>PROJETO TERAP\u00caUTICO SINGULAR INDIVIDUAL E COLETIVO: ESTRUTURA E FERRAMENTAS PARA A PR\u00c1TICA EM SA\u00daDE MENTAL<\/strong><br \/>\n<strong>Modalidade<\/strong>: GRATUITO<br \/>\n<strong>Objetivo<\/strong>: O Curso se destina a capacitar profissionais e estudantes que trabalham ou t\u00eam interesse no campo da Sa\u00fade Mental para a compreens\u00e3o e utiliza\u00e7\u00e3o do Projeto Terap\u00eautico Singular como guia de suas a\u00e7\u00f5es, tanto em sua vertente individual como coletiva.<br \/>\n<strong>Carga Hor\u00e1ria Total<\/strong>: 16 horas - Ter\u00e7as-feiras das 18h30min \u00e0s 22h30min<br \/>\n<strong>Datas<\/strong>: 11, 18, 25 de abril de 2017 e 09 de maio de 2017<br \/>\n<strong>Conte\u00fado<\/strong>: <br \/>\nProjeto Terap\u00eautico Singular Individual: Conceito, estrutura e ferramentas para a pr\u00e1tica em Sa\u00fade Mental<br \/>\nProjeto Terap\u00eautico Singular Individual: Pr\u00e1tica, composi\u00e7\u00e3o e utiliza\u00e7\u00e3o das ferramentas<br \/>\nProjeto terap\u00eautico Singular Coletivo: Conceito, estrutura e ferramentas para a pr\u00e1tica em Sa\u00fade Mental<br \/>\nProjeto terap\u00eautico Singular Coletivo: Pr\u00e1tica, composi\u00e7\u00e3o e utiliza\u00e7\u00e3o das ferramentas<br \/>\n<span style=\"color: #ff0000\">AS INSCRI\u00c7\u00d5ES SER\u00c3O CONFIRMADAS NO DIA 05 DE ABRIL DE 2017<\/span><br \/>\n<a href=\"http:\/\/saude.ufpr.br\/terapiaocupacional\/wp-content\/uploads\/sites\/5\/2017\/03\/Divulga\u00e7\u00e3o-Curso-PTS-1.jpg\" target=\"_blank\">Folder Curso - clique aqui<\/a><\/th>\n<\/tr>\n<\/thead>\n<tbody class=\"row-striping row-hover\">\n<\/tbody>\n<\/table>\n<!-- #tablepress-6 from cache -->\n","protected":false},"excerpt":{"rendered":"<p>EVENTOS E CURSOS PREVISTOS &#8211; 2017 CURSOS &nbsp; EVENTOS Em Breve! &nbsp; &nbsp; EVENTOS E CURSOS REALIZADOS\u00a0&#8211; 2017<\/p>\n","protected":false},"author":8,"featured_media":0,"parent":0,"menu_order":0,"comment_status":"closed","ping_status":"closed","template":"","meta":{"_acf_changed":false,"_uag_custom_page_level_css":"","footnotes":""},"class_list":["post-424","page","type-page","status-publish","hentry"],"acf":[],"featured_image_src":null,"uagb_featured_image_src":{"full":false,"thumbnail":false,"medium":false,"medium_large":false,"large":false,"1536x1536":false,"2048x2048":false},"uagb_author_info":{"display_name":"caiubidysarz","author_link":"https:\/\/saude.ufpr.br\/terapiaocupacional\/author\/caiubidysarz\/"},"uagb_comment_info":0,"uagb_excerpt":"EVENTOS E CURSOS PREVISTOS &#8211; 2017 CURSOS &nbsp; EVENTOS Em Breve! &nbsp; &nbsp; EVENTOS E CURSOS REALIZADOS\u00a0&#8211; 2017","publishpress_future_action":{"enabled":false,"date":"2026-04-10 19:49:02","action":"change-status","newStatus":"draft","terms":[],"taxonomy":"","extraData":[]},"publishpress_future_workflow_manual_trigger":{"enabledWorkflows":[]},"_links":{"self":[{"href":"https:\/\/saude.ufpr.br\/terapiaocupacional\/wp-json\/wp\/v2\/pages\/424","targetHints":{"allow":["GET"]}}],"collection":[{"href":"https:\/\/saude.ufpr.br\/terapiaocupacional\/wp-json\/wp\/v2\/pages"}],"about":[{"href":"https:\/\/saude.ufpr.br\/terapiaocupacional\/wp-json\/wp\/v2\/types\/page"}],"author":[{"embeddable":true,"href":"https:\/\/saude.ufpr.br\/terapiaocupacional\/wp-json\/wp\/v2\/users\/8"}],"replies":[{"embeddable":true,"href":"https:\/\/saude.ufpr.br\/terapiaocupacional\/wp-json\/wp\/v2\/comments?post=424"}],"version-history":[{"count":29,"href":"https:\/\/saude.ufpr.br\/terapiaocupacional\/wp-json\/wp\/v2\/pages\/424\/revisions"}],"predecessor-version":[{"id":1283,"href":"https:\/\/saude.ufpr.br\/terapiaocupacional\/wp-json\/wp\/v2\/pages\/424\/revisions\/1283"}],"wp:attachment":[{"href":"https:\/\/saude.ufpr.br\/terapiaocupacional\/wp-json\/wp\/v2\/media?parent=424"}],"curies":[{"name":"wp","href":"https:\/\/api.w.org\/{rel}","templated":true}]}}