{"id":53,"date":"2014-07-23T16:38:18","date_gmt":"2014-07-23T16:38:18","guid":{"rendered":"https:\/\/saude.ufpr.br\/terapiaocupacional\/?page_id=53"},"modified":"2017-03-10T11:02:19","modified_gmt":"2017-03-10T11:02:19","slug":"renato-nickel","status":"publish","type":"page","link":"https:\/\/saude.ufpr.br\/terapiaocupacional\/renato-nickel\/","title":{"rendered":"Renato Nickel"},"content":{"rendered":"<p><span style=\"color: #000000\"><strong>Contato<\/strong>:\u00a0<a href=\"mailto:renatonickel@gmail.com\">renatonickel@gmail.com\u00a0<\/a><\/span><\/p>\n<p><a href=\"http:\/\/lattes.cnpq.br\/4212670224068288\" target=\"_blank\"><span style=\"color: #000000\">Curr\u00edculo Lattes<\/span><\/a><\/p>\n<p><span style=\"color: #000000\">Graduado em Terapia Ocupacional pela Universidade Tuiuti do Paran\u00e1 (1988), especializa\u00e7\u00e3o em Terapia da M\u00e3o USP (1995), mestrado em Educa\u00e7\u00e3o pela Universidade Federal do Paran\u00e1 (2002) e doutorado em Educa\u00e7\u00e3o pela Universidade Federal do Paran\u00e1 (2007). Professor adjunto da Universidade Federal do Paran\u00e1. Desenvolve pesquisas sobre o desempenho ocupacional junto a sujeitos que apresentam doen\u00e7as neurol\u00f3gicas. Tem por base te\u00f3rica o modelo Biopsicossocial (CIF), modelos te\u00f3ricos da Terapia Ocupacional e Ci\u00eancia Ocupacional.<\/span><\/p>\n<div class=\"page min-width\"><\/div>\n<p>&nbsp;<\/p>\n","protected":false},"excerpt":{"rendered":"<p>Contato:\u00a0renatonickel@gmail.com\u00a0 Curr\u00edculo Lattes Graduado em Terapia Ocupacional pela Universidade Tuiuti do Paran\u00e1 (1988), especializa\u00e7\u00e3o em Terapia da M\u00e3o USP (1995), mestrado em Educa\u00e7\u00e3o pela Universidade Federal do Paran\u00e1 (2002) e doutorado em Educa\u00e7\u00e3o pela Universidade Federal do Paran\u00e1 (2007). Professor [&hellip;]<\/p>\n","protected":false},"author":8,"featured_media":0,"parent":0,"menu_order":0,"comment_status":"open","ping_status":"open","template":"","meta":{"_acf_changed":false,"_uag_custom_page_level_css":"","footnotes":""},"class_list":["post-53","page","type-page","status-publish","hentry"],"acf":[],"featured_image_src":null,"uagb_featured_image_src":{"full":false,"thumbnail":false,"medium":false,"medium_large":false,"large":false,"1536x1536":false,"2048x2048":false},"uagb_author_info":{"display_name":"caiubidysarz","author_link":"https:\/\/saude.ufpr.br\/terapiaocupacional\/author\/caiubidysarz\/"},"uagb_comment_info":0,"uagb_excerpt":"Contato:\u00a0renatonickel@gmail.com\u00a0 Curr\u00edculo Lattes Graduado em Terapia Ocupacional pela Universidade Tuiuti do Paran\u00e1 (1988), especializa\u00e7\u00e3o em Terapia da M\u00e3o USP (1995), mestrado em Educa\u00e7\u00e3o pela Universidade Federal do Paran\u00e1 (2002) e doutorado em Educa\u00e7\u00e3o pela Universidade Federal do Paran\u00e1 (2007). Professor [&hellip;]","publishpress_future_action":{"enabled":false,"date":"2026-04-22 06:44:40","action":"change-status","newStatus":"draft","terms":[],"taxonomy":"","extraData":[]},"publishpress_future_workflow_manual_trigger":{"enabledWorkflows":[]},"_links":{"self":[{"href":"https:\/\/saude.ufpr.br\/terapiaocupacional\/wp-json\/wp\/v2\/pages\/53","targetHints":{"allow":["GET"]}}],"collection":[{"href":"https:\/\/saude.ufpr.br\/terapiaocupacional\/wp-json\/wp\/v2\/pages"}],"about":[{"href":"https:\/\/saude.ufpr.br\/terapiaocupacional\/wp-json\/wp\/v2\/types\/page"}],"author":[{"embeddable":true,"href":"https:\/\/saude.ufpr.br\/terapiaocupacional\/wp-json\/wp\/v2\/users\/8"}],"replies":[{"embeddable":true,"href":"https:\/\/saude.ufpr.br\/terapiaocupacional\/wp-json\/wp\/v2\/comments?post=53"}],"version-history":[{"count":4,"href":"https:\/\/saude.ufpr.br\/terapiaocupacional\/wp-json\/wp\/v2\/pages\/53\/revisions"}],"predecessor-version":[{"id":574,"href":"https:\/\/saude.ufpr.br\/terapiaocupacional\/wp-json\/wp\/v2\/pages\/53\/revisions\/574"}],"wp:attachment":[{"href":"https:\/\/saude.ufpr.br\/terapiaocupacional\/wp-json\/wp\/v2\/media?parent=53"}],"curies":[{"name":"wp","href":"https:\/\/api.w.org\/{rel}","templated":true}]}}