{"id":578,"date":"2017-03-10T11:09:21","date_gmt":"2017-03-10T11:09:21","guid":{"rendered":"https:\/\/saude.ufpr.br\/terapiaocupacional\/?page_id=578"},"modified":"2017-03-10T16:54:52","modified_gmt":"2017-03-10T16:54:52","slug":"taiuani-marquine-raymundo","status":"publish","type":"page","link":"https:\/\/saude.ufpr.br\/terapiaocupacional\/taiuani-marquine-raymundo\/","title":{"rendered":"Taiuani Marquine Raymundo"},"content":{"rendered":"<p><a href=\"https:\/\/saude.ufpr.br\/terapiaocupacional\/wp-content\/uploads\/sites\/5\/2017\/03\/servletrecuperafoto4.jpg\"><img decoding=\"async\" class=\"alignnone size-full wp-image-579\" src=\"https:\/\/saude.ufpr.br\/terapiaocupacional\/wp-content\/uploads\/sites\/5\/2017\/03\/servletrecuperafoto4.jpg\" alt=\"servletrecuperafoto[4]\" width=\"117\" height=\"168\" \/><\/a><\/p>\n<p><span style=\"color: #000000\"><strong>Contato<\/strong>:<\/span>\u00a0<a href=\"mailto:taiuanimarquine@gmail.com\">taiuanimarquine@gmail.com<\/a><\/p>\n<p><a href=\"http:\/\/lattes.cnpq.br\/4269225089630583\">Curr\u00edculo Lattes<\/a><\/p>\n<p><span style=\"color: #000000\">Professora Assistente no curso de Terapia Ocupacional da Universidade Federal do Paran\u00e1 (UFPR). Graduada em Terapia Ocupacional pela Universidade Estadual Paulista J\u00falio de Mesquita Filho (2010). Possui Mestrado em Ci\u00eancias na \u00e1rea de Bioengenharia pelo Programa de P\u00f3s-Gradua\u00e7\u00e3o Interunidades em Bioengenharia da Universidade de S\u00e3o Paulo (2013). Atualmente \u00e9 Doutoranda do Programa de P\u00f3s-Gradua\u00e7\u00e3o Interunidades em Bioengenharia da Universidade de S\u00e3o Paulo. T\u00eam experi\u00eancia na \u00e1rea de Terapia Ocupacional em Geriatria atuando principalmente na \u00e1rea da Gerontecnologia.<\/span><\/p>\n","protected":false},"excerpt":{"rendered":"<p>Contato:\u00a0taiuanimarquine@gmail.com Curr\u00edculo Lattes Professora Assistente no curso de Terapia Ocupacional da Universidade Federal do Paran\u00e1 (UFPR). Graduada em Terapia Ocupacional pela Universidade Estadual Paulista J\u00falio de Mesquita Filho (2010). Possui Mestrado em Ci\u00eancias na \u00e1rea de Bioengenharia pelo Programa de [&hellip;]<\/p>\n","protected":false},"author":8,"featured_media":0,"parent":0,"menu_order":0,"comment_status":"closed","ping_status":"closed","template":"","meta":{"_acf_changed":false,"_uag_custom_page_level_css":"","footnotes":""},"class_list":["post-578","page","type-page","status-publish","hentry"],"acf":[],"featured_image_src":null,"uagb_featured_image_src":{"full":false,"thumbnail":false,"medium":false,"medium_large":false,"large":false,"1536x1536":false,"2048x2048":false},"uagb_author_info":{"display_name":"caiubidysarz","author_link":"https:\/\/saude.ufpr.br\/terapiaocupacional\/author\/caiubidysarz\/"},"uagb_comment_info":0,"uagb_excerpt":"Contato:\u00a0taiuanimarquine@gmail.com Curr\u00edculo Lattes Professora Assistente no curso de Terapia Ocupacional da Universidade Federal do Paran\u00e1 (UFPR). Graduada em Terapia Ocupacional pela Universidade Estadual Paulista J\u00falio de Mesquita Filho (2010). Possui Mestrado em Ci\u00eancias na \u00e1rea de Bioengenharia pelo Programa de [&hellip;]","publishpress_future_action":{"enabled":false,"date":"2026-04-30 07:06:11","action":"change-status","newStatus":"draft","terms":[],"taxonomy":"","extraData":[]},"publishpress_future_workflow_manual_trigger":{"enabledWorkflows":[]},"_links":{"self":[{"href":"https:\/\/saude.ufpr.br\/terapiaocupacional\/wp-json\/wp\/v2\/pages\/578","targetHints":{"allow":["GET"]}}],"collection":[{"href":"https:\/\/saude.ufpr.br\/terapiaocupacional\/wp-json\/wp\/v2\/pages"}],"about":[{"href":"https:\/\/saude.ufpr.br\/terapiaocupacional\/wp-json\/wp\/v2\/types\/page"}],"author":[{"embeddable":true,"href":"https:\/\/saude.ufpr.br\/terapiaocupacional\/wp-json\/wp\/v2\/users\/8"}],"replies":[{"embeddable":true,"href":"https:\/\/saude.ufpr.br\/terapiaocupacional\/wp-json\/wp\/v2\/comments?post=578"}],"version-history":[{"count":2,"href":"https:\/\/saude.ufpr.br\/terapiaocupacional\/wp-json\/wp\/v2\/pages\/578\/revisions"}],"predecessor-version":[{"id":675,"href":"https:\/\/saude.ufpr.br\/terapiaocupacional\/wp-json\/wp\/v2\/pages\/578\/revisions\/675"}],"wp:attachment":[{"href":"https:\/\/saude.ufpr.br\/terapiaocupacional\/wp-json\/wp\/v2\/media?parent=578"}],"curies":[{"name":"wp","href":"https:\/\/api.w.org\/{rel}","templated":true}]}}