{"id":631,"date":"2017-03-10T16:05:33","date_gmt":"2017-03-10T16:05:33","guid":{"rendered":"https:\/\/saude.ufpr.br\/terapiaocupacional\/?page_id=631"},"modified":"2017-03-10T17:07:29","modified_gmt":"2017-03-10T17:07:29","slug":"marina-siqueira-campos-bastos","status":"publish","type":"page","link":"https:\/\/saude.ufpr.br\/terapiaocupacional\/marina-siqueira-campos-bastos\/","title":{"rendered":"Marina Siqueira Campos Bastos"},"content":{"rendered":"<p><a href=\"https:\/\/saude.ufpr.br\/terapiaocupacional\/wp-content\/uploads\/sites\/5\/2017\/03\/servletrecuperafoto6.jpg\"><img fetchpriority=\"high\" decoding=\"async\" class=\"alignnone size-medium wp-image-632\" src=\"https:\/\/saude.ufpr.br\/terapiaocupacional\/wp-content\/uploads\/sites\/5\/2017\/03\/servletrecuperafoto6-280x300.jpg\" alt=\"servletrecuperafoto[6]\" width=\"280\" height=\"300\" srcset=\"https:\/\/saude.ufpr.br\/terapiaocupacional\/wp-content\/uploads\/sites\/5\/2017\/03\/servletrecuperafoto6-280x300.jpg 280w, https:\/\/saude.ufpr.br\/terapiaocupacional\/wp-content\/uploads\/sites\/5\/2017\/03\/servletrecuperafoto6.jpg 500w\" sizes=\"(max-width: 280px) 100vw, 280px\" \/><\/a><\/p>\n<p>&nbsp;<\/p>\n<p>&nbsp;<\/p>\n<p><span style=\"color: #000000\"><strong>Contato<\/strong>:<\/span>\u00a0<a href=\"mailto:marinasc.to@gmail.com\">marinasc.to@gmail.com<\/a><\/p>\n<p><a href=\"http:\/\/lattes.cnpq.br\/9655326448579906\">Curr\u00edculo Lattes<\/a><\/p>\n<p><span style=\"color: #000000\">Possui gradua\u00e7\u00e3o em Terapia Ocupacional pela Universidade Federal do Paran\u00e1 (2007). Atualmente \u00e9 terapeuta ocupacional na Cl\u00ednica-Escola de Terapia Ocupacional na Universidade Federal do Paran\u00e1. Tem experi\u00eancia em diversos contextos de atendimento da terapia ocupacional, sendo recentemente a neuropediatria sua principal \u00e1rea de atua\u00e7\u00e3o.<\/span><\/p>\n<div class=\"page min-width\"><\/div>\n","protected":false},"excerpt":{"rendered":"<p>&nbsp; &nbsp; Contato:\u00a0marinasc.to@gmail.com Curr\u00edculo Lattes Possui gradua\u00e7\u00e3o em Terapia Ocupacional pela Universidade Federal do Paran\u00e1 (2007). Atualmente \u00e9 terapeuta ocupacional na Cl\u00ednica-Escola de Terapia Ocupacional na Universidade Federal do Paran\u00e1. Tem experi\u00eancia em diversos contextos de atendimento da terapia ocupacional, [&hellip;]<\/p>\n","protected":false},"author":8,"featured_media":0,"parent":0,"menu_order":0,"comment_status":"closed","ping_status":"closed","template":"","meta":{"_acf_changed":false,"_uag_custom_page_level_css":"","footnotes":""},"class_list":["post-631","page","type-page","status-publish","hentry"],"acf":[],"featured_image_src":null,"uagb_featured_image_src":{"full":false,"thumbnail":false,"medium":false,"medium_large":false,"large":false,"1536x1536":false,"2048x2048":false},"uagb_author_info":{"display_name":"caiubidysarz","author_link":"https:\/\/saude.ufpr.br\/terapiaocupacional\/author\/caiubidysarz\/"},"uagb_comment_info":0,"uagb_excerpt":"&nbsp; &nbsp; Contato:\u00a0marinasc.to@gmail.com Curr\u00edculo Lattes Possui gradua\u00e7\u00e3o em Terapia Ocupacional pela Universidade Federal do Paran\u00e1 (2007). Atualmente \u00e9 terapeuta ocupacional na Cl\u00ednica-Escola de Terapia Ocupacional na Universidade Federal do Paran\u00e1. Tem experi\u00eancia em diversos contextos de atendimento da terapia ocupacional, [&hellip;]","publishpress_future_action":{"enabled":false,"date":"2026-04-11 19:10:16","action":"change-status","newStatus":"draft","terms":[],"taxonomy":"","extraData":[]},"publishpress_future_workflow_manual_trigger":{"enabledWorkflows":[]},"_links":{"self":[{"href":"https:\/\/saude.ufpr.br\/terapiaocupacional\/wp-json\/wp\/v2\/pages\/631","targetHints":{"allow":["GET"]}}],"collection":[{"href":"https:\/\/saude.ufpr.br\/terapiaocupacional\/wp-json\/wp\/v2\/pages"}],"about":[{"href":"https:\/\/saude.ufpr.br\/terapiaocupacional\/wp-json\/wp\/v2\/types\/page"}],"author":[{"embeddable":true,"href":"https:\/\/saude.ufpr.br\/terapiaocupacional\/wp-json\/wp\/v2\/users\/8"}],"replies":[{"embeddable":true,"href":"https:\/\/saude.ufpr.br\/terapiaocupacional\/wp-json\/wp\/v2\/comments?post=631"}],"version-history":[{"count":4,"href":"https:\/\/saude.ufpr.br\/terapiaocupacional\/wp-json\/wp\/v2\/pages\/631\/revisions"}],"predecessor-version":[{"id":692,"href":"https:\/\/saude.ufpr.br\/terapiaocupacional\/wp-json\/wp\/v2\/pages\/631\/revisions\/692"}],"wp:attachment":[{"href":"https:\/\/saude.ufpr.br\/terapiaocupacional\/wp-json\/wp\/v2\/media?parent=631"}],"curies":[{"name":"wp","href":"https:\/\/api.w.org\/{rel}","templated":true}]}}