{"id":680,"date":"2017-03-10T17:03:03","date_gmt":"2017-03-10T17:03:03","guid":{"rendered":"https:\/\/saude.ufpr.br\/terapiaocupacional\/?page_id=680"},"modified":"2017-03-10T17:04:29","modified_gmt":"2017-03-10T17:04:29","slug":"karina-stella-aoki-ferreira","status":"publish","type":"page","link":"https:\/\/saude.ufpr.br\/terapiaocupacional\/karina-stella-aoki-ferreira\/","title":{"rendered":"Karina Stella Aoki Ferreira"},"content":{"rendered":"<p><a href=\"https:\/\/saude.ufpr.br\/terapiaocupacional\/wp-content\/uploads\/sites\/5\/2017\/03\/servletrecuperafoto7.jpg\"><img fetchpriority=\"high\" decoding=\"async\" class=\"alignnone size-medium wp-image-637\" src=\"https:\/\/saude.ufpr.br\/terapiaocupacional\/wp-content\/uploads\/sites\/5\/2017\/03\/servletrecuperafoto7-300x300.jpg\" alt=\"servletrecuperafoto[7]\" width=\"300\" height=\"300\" srcset=\"https:\/\/saude.ufpr.br\/terapiaocupacional\/wp-content\/uploads\/sites\/5\/2017\/03\/servletrecuperafoto7-300x300.jpg 300w, https:\/\/saude.ufpr.br\/terapiaocupacional\/wp-content\/uploads\/sites\/5\/2017\/03\/servletrecuperafoto7-150x150.jpg 150w, https:\/\/saude.ufpr.br\/terapiaocupacional\/wp-content\/uploads\/sites\/5\/2017\/03\/servletrecuperafoto7.jpg 312w\" sizes=\"(max-width: 300px) 100vw, 300px\" \/><\/a><\/p>\n<p>&nbsp;<\/p>\n<p>&nbsp;<\/p>\n<p><span style=\"color: #000000\">Contato:\u00a0<\/span><a href=\"mailto:kato.ufpr@hotmail.com\">kato.ufpr@hotmail.com<\/a><\/p>\n<p><a href=\"http:\/\/lattes.cnpq.br\/0203006949582145\" target=\"_blank\">Curr\u00edculo Lattes<\/a><\/p>\n<p><span style=\"color: #000000\">Possui gradua\u00e7\u00e3o em Terapia Ocupacional pela Universidade Federal do Paran\u00e1 (2009). P\u00f3s gradua\u00e7\u00e3o Lato Sensu em Psicomotricidade (2013) e forma\u00e7\u00e3o no Conceito Neuroevolutivo Bobath (2014). Atualmente \u00e9 terapeuta ocupacional na Cl\u00ednica-Escola de Terapia Ocupacional da Universidade Federal do Paran\u00e1. Atua na \u00e1rea de Sa\u00fade Funcional, com \u00eanfase no desempenho ocupacional neuropsicomotor, musculoesquel\u00e9tico, cognitivo e tecnologia assistiva.<\/span><\/p>\n<div class=\"page min-width\"><\/div>\n","protected":false},"excerpt":{"rendered":"<p>&nbsp; &nbsp; Contato:\u00a0kato.ufpr@hotmail.com Curr\u00edculo Lattes Possui gradua\u00e7\u00e3o em Terapia Ocupacional pela Universidade Federal do Paran\u00e1 (2009). P\u00f3s gradua\u00e7\u00e3o Lato Sensu em Psicomotricidade (2013) e forma\u00e7\u00e3o no Conceito Neuroevolutivo Bobath (2014). Atualmente \u00e9 terapeuta ocupacional na Cl\u00ednica-Escola de Terapia Ocupacional da [&hellip;]<\/p>\n","protected":false},"author":8,"featured_media":0,"parent":0,"menu_order":0,"comment_status":"closed","ping_status":"closed","template":"","meta":{"_acf_changed":false,"_uag_custom_page_level_css":"","footnotes":""},"class_list":["post-680","page","type-page","status-publish","hentry"],"acf":[],"featured_image_src":null,"uagb_featured_image_src":{"full":false,"thumbnail":false,"medium":false,"medium_large":false,"large":false,"1536x1536":false,"2048x2048":false},"uagb_author_info":{"display_name":"caiubidysarz","author_link":"https:\/\/saude.ufpr.br\/terapiaocupacional\/author\/caiubidysarz\/"},"uagb_comment_info":0,"uagb_excerpt":"&nbsp; &nbsp; Contato:\u00a0kato.ufpr@hotmail.com Curr\u00edculo Lattes Possui gradua\u00e7\u00e3o em Terapia Ocupacional pela Universidade Federal do Paran\u00e1 (2009). P\u00f3s gradua\u00e7\u00e3o Lato Sensu em Psicomotricidade (2013) e forma\u00e7\u00e3o no Conceito Neuroevolutivo Bobath (2014). Atualmente \u00e9 terapeuta ocupacional na Cl\u00ednica-Escola de Terapia Ocupacional da [&hellip;]","publishpress_future_action":{"enabled":false,"date":"2026-04-10 23:33:10","action":"change-status","newStatus":"draft","terms":[],"taxonomy":"","extraData":[]},"publishpress_future_workflow_manual_trigger":{"enabledWorkflows":[]},"_links":{"self":[{"href":"https:\/\/saude.ufpr.br\/terapiaocupacional\/wp-json\/wp\/v2\/pages\/680","targetHints":{"allow":["GET"]}}],"collection":[{"href":"https:\/\/saude.ufpr.br\/terapiaocupacional\/wp-json\/wp\/v2\/pages"}],"about":[{"href":"https:\/\/saude.ufpr.br\/terapiaocupacional\/wp-json\/wp\/v2\/types\/page"}],"author":[{"embeddable":true,"href":"https:\/\/saude.ufpr.br\/terapiaocupacional\/wp-json\/wp\/v2\/users\/8"}],"replies":[{"embeddable":true,"href":"https:\/\/saude.ufpr.br\/terapiaocupacional\/wp-json\/wp\/v2\/comments?post=680"}],"version-history":[{"count":4,"href":"https:\/\/saude.ufpr.br\/terapiaocupacional\/wp-json\/wp\/v2\/pages\/680\/revisions"}],"predecessor-version":[{"id":685,"href":"https:\/\/saude.ufpr.br\/terapiaocupacional\/wp-json\/wp\/v2\/pages\/680\/revisions\/685"}],"wp:attachment":[{"href":"https:\/\/saude.ufpr.br\/terapiaocupacional\/wp-json\/wp\/v2\/media?parent=680"}],"curies":[{"name":"wp","href":"https:\/\/api.w.org\/{rel}","templated":true}]}}