{"id":686,"date":"2017-03-10T17:05:40","date_gmt":"2017-03-10T17:05:40","guid":{"rendered":"https:\/\/saude.ufpr.br\/terapiaocupacional\/?page_id=686"},"modified":"2017-03-10T17:06:50","modified_gmt":"2017-03-10T17:06:50","slug":"kelly-regina-dias-da-silva-scipioni","status":"publish","type":"page","link":"https:\/\/saude.ufpr.br\/terapiaocupacional\/kelly-regina-dias-da-silva-scipioni\/","title":{"rendered":"Kelly Regina Dias da Silva Scipioni"},"content":{"rendered":"<p><a href=\"https:\/\/saude.ufpr.br\/terapiaocupacional\/wp-content\/uploads\/sites\/5\/2017\/03\/servletrecuperafoto7-1.jpg\"><img fetchpriority=\"high\" decoding=\"async\" class=\"alignnone size-medium wp-image-687\" src=\"https:\/\/saude.ufpr.br\/terapiaocupacional\/wp-content\/uploads\/sites\/5\/2017\/03\/servletrecuperafoto7-1-218x300.jpg\" alt=\"servletrecuperafoto[7]\" width=\"218\" height=\"300\" srcset=\"https:\/\/saude.ufpr.br\/terapiaocupacional\/wp-content\/uploads\/sites\/5\/2017\/03\/servletrecuperafoto7-1-218x300.jpg 218w, https:\/\/saude.ufpr.br\/terapiaocupacional\/wp-content\/uploads\/sites\/5\/2017\/03\/servletrecuperafoto7-1.jpg 223w\" sizes=\"(max-width: 218px) 100vw, 218px\" \/><\/a><\/p>\n<p>&nbsp;<\/p>\n<p>&nbsp;<\/p>\n<p><strong><span style=\"color: #000000\">Contato:<\/span>\u00a0<\/strong><a href=\"mailto:kellyregina08@yahoo.com.br\">kellyregina08@yahoo.com.br<\/a><\/p>\n<p><a href=\"http:\/\/lattes.cnpq.br\/4327362267437589\">Curr\u00edculo Lattes<\/a><\/p>\n<p><span style=\"color: #000000\">Gradua\u00e7\u00e3o pela Universidade Federal do Paran\u00e1 (2007). P\u00f3s-Gradua\u00e7\u00e3o: Especializa\u00e7\u00e3o Lato Sensu em Terapia Ocupacional: Uma Vis\u00e3o Din\u00e2mica em Neurologia pelo Centro Universit\u00e1rio Cat\u00f3lico Salesiano, LINS-SP (2011). Atualmente \u00e9 terapeuta ocupacional da Clinica Escola de Terapia Ocupacional da Universidade Federal do Paran\u00e1 &#8211; UFPR. Tem experi\u00eancia como preceptora de est\u00e1gios e atua\u00e7\u00e3o nas \u00e1reas de reabilita\u00e7\u00e3o f\u00edsica, neurol\u00f3gica e sa\u00fade mental.<\/span><\/p>\n<div class=\"page min-width\"><\/div>\n","protected":false},"excerpt":{"rendered":"<p>&nbsp; &nbsp; Contato:\u00a0kellyregina08@yahoo.com.br Curr\u00edculo Lattes Gradua\u00e7\u00e3o pela Universidade Federal do Paran\u00e1 (2007). P\u00f3s-Gradua\u00e7\u00e3o: Especializa\u00e7\u00e3o Lato Sensu em Terapia Ocupacional: Uma Vis\u00e3o Din\u00e2mica em Neurologia pelo Centro Universit\u00e1rio Cat\u00f3lico Salesiano, LINS-SP (2011). Atualmente \u00e9 terapeuta ocupacional da Clinica Escola de Terapia [&hellip;]<\/p>\n","protected":false},"author":8,"featured_media":0,"parent":0,"menu_order":0,"comment_status":"closed","ping_status":"closed","template":"","meta":{"_acf_changed":false,"_uag_custom_page_level_css":"","footnotes":""},"class_list":["post-686","page","type-page","status-publish","hentry"],"acf":[],"featured_image_src":null,"uagb_featured_image_src":{"full":false,"thumbnail":false,"medium":false,"medium_large":false,"large":false,"1536x1536":false,"2048x2048":false},"uagb_author_info":{"display_name":"caiubidysarz","author_link":"https:\/\/saude.ufpr.br\/terapiaocupacional\/author\/caiubidysarz\/"},"uagb_comment_info":0,"uagb_excerpt":"&nbsp; &nbsp; Contato:\u00a0kellyregina08@yahoo.com.br Curr\u00edculo Lattes Gradua\u00e7\u00e3o pela Universidade Federal do Paran\u00e1 (2007). P\u00f3s-Gradua\u00e7\u00e3o: Especializa\u00e7\u00e3o Lato Sensu em Terapia Ocupacional: Uma Vis\u00e3o Din\u00e2mica em Neurologia pelo Centro Universit\u00e1rio Cat\u00f3lico Salesiano, LINS-SP (2011). Atualmente \u00e9 terapeuta ocupacional da Clinica Escola de Terapia [&hellip;]","publishpress_future_action":{"enabled":false,"date":"2026-04-25 05:32:00","action":"change-status","newStatus":"draft","terms":[],"taxonomy":"","extraData":[]},"publishpress_future_workflow_manual_trigger":{"enabledWorkflows":[]},"_links":{"self":[{"href":"https:\/\/saude.ufpr.br\/terapiaocupacional\/wp-json\/wp\/v2\/pages\/686","targetHints":{"allow":["GET"]}}],"collection":[{"href":"https:\/\/saude.ufpr.br\/terapiaocupacional\/wp-json\/wp\/v2\/pages"}],"about":[{"href":"https:\/\/saude.ufpr.br\/terapiaocupacional\/wp-json\/wp\/v2\/types\/page"}],"author":[{"embeddable":true,"href":"https:\/\/saude.ufpr.br\/terapiaocupacional\/wp-json\/wp\/v2\/users\/8"}],"replies":[{"embeddable":true,"href":"https:\/\/saude.ufpr.br\/terapiaocupacional\/wp-json\/wp\/v2\/comments?post=686"}],"version-history":[{"count":3,"href":"https:\/\/saude.ufpr.br\/terapiaocupacional\/wp-json\/wp\/v2\/pages\/686\/revisions"}],"predecessor-version":[{"id":690,"href":"https:\/\/saude.ufpr.br\/terapiaocupacional\/wp-json\/wp\/v2\/pages\/686\/revisions\/690"}],"wp:attachment":[{"href":"https:\/\/saude.ufpr.br\/terapiaocupacional\/wp-json\/wp\/v2\/media?parent=686"}],"curies":[{"name":"wp","href":"https:\/\/api.w.org\/{rel}","templated":true}]}}