{"id":727,"date":"2017-03-10T18:46:30","date_gmt":"2017-03-10T18:46:30","guid":{"rendered":"https:\/\/saude.ufpr.br\/terapiaocupacional\/?page_id=727"},"modified":"2020-10-05T11:16:22","modified_gmt":"2020-10-05T14:16:22","slug":"planejamento-estrategico-situacional","status":"publish","type":"page","link":"https:\/\/saude.ufpr.br\/terapiaocupacional\/planejamento-estrategico-situacional\/","title":{"rendered":"Planejamento Estrat\u00e9gico Situacional"},"content":{"rendered":"<p><a href=\"https:\/\/saude.ufpr.br\/terapiaocupacional\/wp-content\/uploads\/sites\/5\/2020\/10\/PLANEJAMENTO-ESTRAT\u00c9GICO-2020-2022-Vers\u00e3o-Final.pdf\">PLANEJAMENTO ESTRAT\u00c9GICO TERAPIA OCUPACIONAL 2020-2022<\/a><\/p>\n<p>Planejamentos Estrat\u00e9gicos de exerc\u00edcios anteriores:<\/p>\n<p><a href=\"https:\/\/saude.ufpr.br\/terapiaocupacional\/wp-content\/uploads\/sites\/5\/2018\/07\/PLANEJAMENTO-ESTRAT\u00c9GICO-TERAPIA-OCUPACIONAL-2018-2019.pdf\">PLANEJAMENTO ESTRAT\u00c9GICO TERAPIA OCUPACIONAL 2018-2019<\/a><\/p>\n","protected":false},"excerpt":{"rendered":"<p>PLANEJAMENTO ESTRAT\u00c9GICO TERAPIA OCUPACIONAL 2020-2022 Planejamentos Estrat\u00e9gicos de exerc\u00edcios anteriores: PLANEJAMENTO ESTRAT\u00c9GICO TERAPIA OCUPACIONAL 2018-2019<\/p>\n","protected":false},"author":8,"featured_media":0,"parent":0,"menu_order":0,"comment_status":"closed","ping_status":"closed","template":"","meta":{"_acf_changed":false,"_uag_custom_page_level_css":"","footnotes":""},"class_list":["post-727","page","type-page","status-publish","hentry"],"acf":[],"featured_image_src":null,"uagb_featured_image_src":{"full":false,"thumbnail":false,"medium":false,"medium_large":false,"large":false,"1536x1536":false,"2048x2048":false},"uagb_author_info":{"display_name":"caiubidysarz","author_link":"https:\/\/saude.ufpr.br\/terapiaocupacional\/author\/caiubidysarz\/"},"uagb_comment_info":0,"uagb_excerpt":"PLANEJAMENTO ESTRAT\u00c9GICO TERAPIA OCUPACIONAL 2020-2022 Planejamentos Estrat\u00e9gicos de exerc\u00edcios anteriores: PLANEJAMENTO ESTRAT\u00c9GICO TERAPIA OCUPACIONAL 2018-2019","publishpress_future_action":{"enabled":false,"date":"2026-04-13 01:52:36","action":"change-status","newStatus":"draft","terms":[],"taxonomy":"","extraData":[]},"publishpress_future_workflow_manual_trigger":{"enabledWorkflows":[]},"_links":{"self":[{"href":"https:\/\/saude.ufpr.br\/terapiaocupacional\/wp-json\/wp\/v2\/pages\/727","targetHints":{"allow":["GET"]}}],"collection":[{"href":"https:\/\/saude.ufpr.br\/terapiaocupacional\/wp-json\/wp\/v2\/pages"}],"about":[{"href":"https:\/\/saude.ufpr.br\/terapiaocupacional\/wp-json\/wp\/v2\/types\/page"}],"author":[{"embeddable":true,"href":"https:\/\/saude.ufpr.br\/terapiaocupacional\/wp-json\/wp\/v2\/users\/8"}],"replies":[{"embeddable":true,"href":"https:\/\/saude.ufpr.br\/terapiaocupacional\/wp-json\/wp\/v2\/comments?post=727"}],"version-history":[{"count":11,"href":"https:\/\/saude.ufpr.br\/terapiaocupacional\/wp-json\/wp\/v2\/pages\/727\/revisions"}],"predecessor-version":[{"id":3438,"href":"https:\/\/saude.ufpr.br\/terapiaocupacional\/wp-json\/wp\/v2\/pages\/727\/revisions\/3438"}],"wp:attachment":[{"href":"https:\/\/saude.ufpr.br\/terapiaocupacional\/wp-json\/wp\/v2\/media?parent=727"}],"curies":[{"name":"wp","href":"https:\/\/api.w.org\/{rel}","templated":true}]}}