{"id":73,"date":"2014-07-24T14:01:42","date_gmt":"2014-07-24T14:01:42","guid":{"rendered":"https:\/\/saude.ufpr.br\/terapiaocupacional\/?page_id=73"},"modified":"2017-03-10T10:47:31","modified_gmt":"2017-03-10T10:47:31","slug":"christiane-siegmann","status":"publish","type":"page","link":"https:\/\/saude.ufpr.br\/terapiaocupacional\/christiane-siegmann\/","title":{"rendered":"Christiane Siegmann"},"content":{"rendered":"<p><span style=\"color: #000000\"><strong>Contato:\u00a0<\/strong><\/span><a href=\"mailto:siegmann@ufpr.br\">siegmann@ufpr.br<\/a><\/p>\n<p><a href=\"http:\/\/lattes.cnpq.br\/1072948534969957\" target=\"_blank\">Curr\u00edculo Lattes<\/a><\/p>\n<div class=\"page min-width\">\n<div class=\"content-wrapper\">\n<div class=\"main-content max-width min-width center\">\n<div class=\"layout-cell layout-cell-12\">\n<div class=\"layout-cell-pad-main\">\n<div class=\"title-wrapper\">\n<p class=\"resumo\"><span style=\"color: #000000\">Professora Assistente do Curso de Terapia Ocupacional do Setor de Ci\u00eancias da Sa\u00fade da Universidade Federal do Paran\u00e1. Doutoranda no Programa de P\u00f3s-Gradua\u00e7\u00e3o em Psicologia Social e Institucional pela Universidade Federal do Rio Grande do Sul (2014). Mestre em Psicologia Social e Institucional pela UFRGS (2006). Possui Especializa\u00e7\u00e3o em Reabilita\u00e7\u00e3o com \u00eanfase em a\u00e7\u00f5es comunit\u00e1rias pelo Instituto Porto Alegre &#8211; IPA (2001), Aprimoramento em Impactos da Viol\u00eancia na Sa\u00fade pela FIOCRUZ (2013) e Gradua\u00e7\u00e3o em Terapia Ocupacional pela Universidade de S\u00e3o Paulo &#8211; USP (1996). Membro dos Grupos de Pesquisa: Corpo, Arte e Clinica nos modos de trabalhar e subjetivar &#8211; UFRGS; Atividades Humanas e Terapia Ocupacional (UFSCar) e Grupo de Pesquisa em Terapia Ocupacional (UFPR). Atualmente, desenvolve estudos e pesquisas sobre arte, corpo e cultura; experi\u00eancia liminar; atividades e terapia ocupacional, viol\u00eancia e g\u00eanero; e produ\u00e7\u00e3o de subjetividade contempor\u00e2nea. Tem experi\u00eancia em Terapia Ocupacional Social, Sa\u00fade Mental e Aten\u00e7\u00e3o \u00e0 Pessoa com Defici\u00eancia. Desenvolve atividades de ensino e extens\u00e3o sobre as tem\u00e1ticas: diversidade, cotidiano e cultura; atividades expressivas e corporais; atividades intergeracionais; viola\u00e7\u00e3o de direitos; processos de ruptura das redes sociais de suporte; intersetorialidade; \u00e9tica e rela\u00e7\u00e3o terap\u00eautica. Autora do livro Pensar e Inventar-se: Terapia Ocupacional como Cl\u00ednica dos Afectos publicado pela Editora CRV (2011).<\/span><\/p>\n<p class=\"resumo\"><span style=\"color: #000000\">\u00a0<\/span><\/p>\n<\/div>\n<\/div>\n<\/div>\n<\/div>\n<\/div>\n<\/div>\n<p><span style=\"color: #000000\"><strong>Publica\u00e7\u00f5es Selecionadas<\/strong><\/span><\/p>\n<p><span style=\"color: #000000\">SIEGMANN, C.; FONSECA, T.M.G. Caso-pensamento como estrat\u00e9gia na produ\u00e7\u00e3o de conhecimento. <strong>Interface. Comunica\u00e7\u00e3o, Sa\u00fade e Educa\u00e7\u00e3o<\/strong>, Botucatu, v. 11, n. 21, p. 53-63, jan.\/abr 2007.<\/span><\/p>\n<p>&nbsp;<\/p>\n<p><span style=\"color: #000000\">COELHO, D.; OLIVEIRA, A.M.; SIEGMANN, C. As cole\u00e7\u00f5es como dura\u00e7\u00e3o: o colecionador coleciona o qu\u00ea?. <strong>Episteme<\/strong>, Porto Alegre, n. 20, p. 111-119, jan.\/jun.2005.<\/span><\/p>\n<p>&nbsp;<\/p>\n<p><span style=\"color: #000000\">SIEGMANN, C.; PINHEIRO, C. A.; ALMEIDA, M.C. Terapia Ocupacional e pacientes acamados: a\u00e7\u00f5es comunit\u00e1rias baseada na identifica\u00e7\u00e3o de problemas. <strong>Rev. Ter. Ocup. Univ. S\u00e3o Paulo, S\u00e3o Paulo<\/strong>, v. 13, n. 1, p. 37-43, jan.\/abr.2002.<\/span><\/p>\n<p>&nbsp;<\/p>\n<p><span style=\"color: #000000\">PEREIRA, A.M.S.; SIEGMANN, C.; FEDEGER, A.M.; MIGUEL, P.V.F.S.; ANJOS, R.G.B.<\/span><\/p>\n<p>&nbsp;<\/p>\n<p><span style=\"color: #000000\">Rep\u00fablica do Pi\u00e1: A\u00e7\u00f5es do Projeto de Extens\u00e3o In: XI CONGRESSO BRASILEIRO DE TERAPIA OCUPACIONAL, 2009, Fortaleza.<strong> O cotidiano: da significa\u00e7\u00e3o a a\u00e7\u00e3o<\/strong>: anais. Fortaleza, 2009. 1 CD-ROM.<\/span><\/p>\n<p>&nbsp;<\/p>\n<p><span style=\"color: #000000\">FEDEGER, A.M.; PEREIRA, A.M.S.; SIEGMANN, C.; GON\u00c7ALVES, F.P.; ALBERTI, L.; NUNES, P.M. Atividades Intergeracionais \u201cHomem e Mulher Historicamente Produtivos\u201d In: XI CONGRESSO BRASILEIRO DE TERAPIA OCUPACIONAL, 2009, Fortaleza.<strong> O cotidiano: da significa\u00e7\u00e3o a a\u00e7\u00e3o<\/strong>: anais. Fortaleza, 2009. 1 CD-ROM.<\/span><\/p>\n<p>&nbsp;<\/p>\n<p><span style=\"color: #000000\">SIEGMANN, C.; FONSECA, T.M.G. Casos-pensamento como possibilidade de pesquisa e cria\u00e7\u00e3o.In: I CONGRESSO LATINO-AMERICANO DA PSICOLOGIA, <strong>Anais I Congresso Latino-Americano da Psicologia<\/strong>, S\u00e3o Paulo, 2005.<\/span><\/p>\n<p>&nbsp;<\/p>\n<p><span style=\"color: #000000\">SIEGMANN, C.; PINHEIRO, C.A.; ALMEIDA, M.C.\u00a0 Terapia Ocupacional junto a pacientes acamados: indica\u00e7\u00f5es sobre a problem\u00e1tica da popula\u00e7\u00e3o assistida e a interven\u00e7\u00e3o em sa\u00fade comunit\u00e1ria. In: VIII CONGRESSO BRASILEIRO DE TERAPIA OCUPACIONAL, 2003, Paran\u00e1. <strong>Anais<\/strong> <strong>VIII Congresso Brasileiro de Terapia Ocupacional. <\/strong>Paran\u00e1, 2003. p. 122.<\/span><\/p>\n<p>&nbsp;<\/p>\n<p><span style=\"color: #000000\">KAISER, A.B.; SIEGMANN, C.; MENDON\u00c7A, I. J.; COSTA, J.; ROS, S.; OLIVEIRA, M. A. F.; OLIVEIRA, M.; FERNANDES, C.; BRASIL, R . Projeto de Terapia Ocupacional &#8211; Pr\u00e1tica Social.. In: VIII CONGRESSO BRASILEIRO DE TERAPIA OCUPACIONAL, 2003, Paran\u00e1. <strong>Anais<\/strong> <strong>VIII Congresso Brasileiro de Terapia Ocupacional. <\/strong>Paran\u00e1, 2003.<\/span><\/p>\n","protected":false},"excerpt":{"rendered":"<p>Contato:\u00a0siegmann@ufpr.br Curr\u00edculo Lattes Professora Assistente do Curso de Terapia Ocupacional do Setor de Ci\u00eancias da Sa\u00fade da Universidade Federal do Paran\u00e1. Doutoranda no Programa de P\u00f3s-Gradua\u00e7\u00e3o em Psicologia Social e Institucional pela Universidade Federal do Rio Grande do Sul (2014). [&hellip;]<\/p>\n","protected":false},"author":8,"featured_media":0,"parent":0,"menu_order":0,"comment_status":"open","ping_status":"open","template":"","meta":{"_acf_changed":false,"_uag_custom_page_level_css":"","footnotes":""},"class_list":["post-73","page","type-page","status-publish","hentry"],"acf":[],"featured_image_src":null,"uagb_featured_image_src":{"full":false,"thumbnail":false,"medium":false,"medium_large":false,"large":false,"1536x1536":false,"2048x2048":false},"uagb_author_info":{"display_name":"caiubidysarz","author_link":"https:\/\/saude.ufpr.br\/terapiaocupacional\/author\/caiubidysarz\/"},"uagb_comment_info":0,"uagb_excerpt":"Contato:\u00a0siegmann@ufpr.br Curr\u00edculo Lattes Professora Assistente do Curso de Terapia Ocupacional do Setor de Ci\u00eancias da Sa\u00fade da Universidade Federal do Paran\u00e1. Doutoranda no Programa de P\u00f3s-Gradua\u00e7\u00e3o em Psicologia Social e Institucional pela Universidade Federal do Rio Grande do Sul (2014). [&hellip;]","publishpress_future_action":{"enabled":false,"date":"2026-04-25 05:32:02","action":"change-status","newStatus":"draft","terms":[],"taxonomy":"","extraData":[]},"publishpress_future_workflow_manual_trigger":{"enabledWorkflows":[]},"_links":{"self":[{"href":"https:\/\/saude.ufpr.br\/terapiaocupacional\/wp-json\/wp\/v2\/pages\/73","targetHints":{"allow":["GET"]}}],"collection":[{"href":"https:\/\/saude.ufpr.br\/terapiaocupacional\/wp-json\/wp\/v2\/pages"}],"about":[{"href":"https:\/\/saude.ufpr.br\/terapiaocupacional\/wp-json\/wp\/v2\/types\/page"}],"author":[{"embeddable":true,"href":"https:\/\/saude.ufpr.br\/terapiaocupacional\/wp-json\/wp\/v2\/users\/8"}],"replies":[{"embeddable":true,"href":"https:\/\/saude.ufpr.br\/terapiaocupacional\/wp-json\/wp\/v2\/comments?post=73"}],"version-history":[{"count":7,"href":"https:\/\/saude.ufpr.br\/terapiaocupacional\/wp-json\/wp\/v2\/pages\/73\/revisions"}],"predecessor-version":[{"id":560,"href":"https:\/\/saude.ufpr.br\/terapiaocupacional\/wp-json\/wp\/v2\/pages\/73\/revisions\/560"}],"wp:attachment":[{"href":"https:\/\/saude.ufpr.br\/terapiaocupacional\/wp-json\/wp\/v2\/media?parent=73"}],"curies":[{"name":"wp","href":"https:\/\/api.w.org\/{rel}","templated":true}]}}