{"id":839,"date":"2017-03-13T20:25:40","date_gmt":"2017-03-13T20:25:40","guid":{"rendered":"https:\/\/saude.ufpr.br\/terapiaocupacional\/?page_id=839"},"modified":"2017-03-13T20:29:22","modified_gmt":"2017-03-13T20:29:22","slug":"prppg","status":"publish","type":"page","link":"https:\/\/saude.ufpr.br\/terapiaocupacional\/prppg\/","title":{"rendered":"Pr\u00f3-Reitoria de Pesquisa e P\u00f3s-Gradua\u00e7\u00e3o"},"content":{"rendered":"<p>A <a href=\"http:\/\/www.prppg.ufpr.br\">Pr\u00f3-Reitoria de Pesquisa e P\u00f3s-Gradua\u00e7\u00e3o (PRPPG)<\/a>\u00a0conduz a pol\u00edtica institucional do Sistema de P\u00f3s-Gradua\u00e7\u00e3o e faz a rela\u00e7\u00e3o externa com as Ag\u00eancias Estaduais e Nacionais para o desenvolvimento da Ci\u00eancia e Tecnologia. Implementa rela\u00e7\u00f5es externas com Institui\u00e7\u00f5es estrangeiras relacionadas com os temas de Ci\u00eancia e Tecnologia.<br \/>\n\u00c9 uma das sete Pr\u00f3-Reitorias da UFPR, respons\u00e1veis pela implementa\u00e7\u00e3o de pol\u00edticas de gest\u00e3o da Reitoria, e organizada em tr\u00eas Unidades Administrativas e quatro Coordena\u00e7\u00f5es.<\/p>\n<p>&nbsp;<\/p>\n<p><strong>Secretaria<\/strong><br \/>\n(41) 3360-5405<\/p>\n","protected":false},"excerpt":{"rendered":"<p>A Pr\u00f3-Reitoria de Pesquisa e P\u00f3s-Gradua\u00e7\u00e3o (PRPPG)\u00a0conduz a pol\u00edtica institucional do Sistema de P\u00f3s-Gradua\u00e7\u00e3o e faz a rela\u00e7\u00e3o externa com as Ag\u00eancias Estaduais e Nacionais para o desenvolvimento da Ci\u00eancia e Tecnologia. Implementa rela\u00e7\u00f5es externas com Institui\u00e7\u00f5es estrangeiras relacionadas com [&hellip;]<\/p>\n","protected":false},"author":8,"featured_media":0,"parent":0,"menu_order":0,"comment_status":"closed","ping_status":"closed","template":"","meta":{"_acf_changed":false,"_uag_custom_page_level_css":"","footnotes":""},"class_list":["post-839","page","type-page","status-publish","hentry"],"acf":[],"featured_image_src":null,"uagb_featured_image_src":{"full":false,"thumbnail":false,"medium":false,"medium_large":false,"large":false,"1536x1536":false,"2048x2048":false},"uagb_author_info":{"display_name":"caiubidysarz","author_link":"https:\/\/saude.ufpr.br\/terapiaocupacional\/author\/caiubidysarz\/"},"uagb_comment_info":0,"uagb_excerpt":"A Pr\u00f3-Reitoria de Pesquisa e P\u00f3s-Gradua\u00e7\u00e3o (PRPPG)\u00a0conduz a pol\u00edtica institucional do Sistema de P\u00f3s-Gradua\u00e7\u00e3o e faz a rela\u00e7\u00e3o externa com as Ag\u00eancias Estaduais e Nacionais para o desenvolvimento da Ci\u00eancia e Tecnologia. Implementa rela\u00e7\u00f5es externas com Institui\u00e7\u00f5es estrangeiras relacionadas com [&hellip;]","publishpress_future_action":{"enabled":false,"date":"2026-04-24 20:29:24","action":"change-status","newStatus":"draft","terms":[],"taxonomy":"","extraData":[]},"publishpress_future_workflow_manual_trigger":{"enabledWorkflows":[]},"_links":{"self":[{"href":"https:\/\/saude.ufpr.br\/terapiaocupacional\/wp-json\/wp\/v2\/pages\/839","targetHints":{"allow":["GET"]}}],"collection":[{"href":"https:\/\/saude.ufpr.br\/terapiaocupacional\/wp-json\/wp\/v2\/pages"}],"about":[{"href":"https:\/\/saude.ufpr.br\/terapiaocupacional\/wp-json\/wp\/v2\/types\/page"}],"author":[{"embeddable":true,"href":"https:\/\/saude.ufpr.br\/terapiaocupacional\/wp-json\/wp\/v2\/users\/8"}],"replies":[{"embeddable":true,"href":"https:\/\/saude.ufpr.br\/terapiaocupacional\/wp-json\/wp\/v2\/comments?post=839"}],"version-history":[{"count":6,"href":"https:\/\/saude.ufpr.br\/terapiaocupacional\/wp-json\/wp\/v2\/pages\/839\/revisions"}],"predecessor-version":[{"id":844,"href":"https:\/\/saude.ufpr.br\/terapiaocupacional\/wp-json\/wp\/v2\/pages\/839\/revisions\/844"}],"wp:attachment":[{"href":"https:\/\/saude.ufpr.br\/terapiaocupacional\/wp-json\/wp\/v2\/media?parent=839"}],"curies":[{"name":"wp","href":"https:\/\/api.w.org\/{rel}","templated":true}]}}