{"id":849,"date":"2017-03-13T20:31:33","date_gmt":"2017-03-13T20:31:33","guid":{"rendered":"https:\/\/saude.ufpr.br\/terapiaocupacional\/?page_id=849"},"modified":"2017-03-13T20:31:50","modified_gmt":"2017-03-13T20:31:50","slug":"proec-pro-reitoria-de-extensao-e-cultura","status":"publish","type":"page","link":"https:\/\/saude.ufpr.br\/terapiaocupacional\/proec-pro-reitoria-de-extensao-e-cultura\/","title":{"rendered":"PROEC &#8211; PR\u00d3 REITORIA DE EXTENS\u00c3O E CULTURA"},"content":{"rendered":"<p>A <a href=\"http:\/\/www.proec.ufpr.br\/\">Pr\u00f3-Reitoria de Extens\u00e3o e Cultura (PROEC)<\/a> atua por meio da proposi\u00e7\u00e3o, desenvolvimento e integra\u00e7\u00e3o de a\u00e7\u00f5es de extens\u00e3o, cultura, pol\u00edticas sociais e divulga\u00e7\u00e3o da produ\u00e7\u00e3o intelectual e cient\u00edfica, articulando-se com o ensino e a pesquisa de forma inter e multidisciplinar. A intera\u00e7\u00e3o entre essas a\u00e7\u00f5es acontece por meio da reflex\u00e3o, discuss\u00e3o e atua\u00e7\u00e3o sobre o espa\u00e7o social e os sujeitos nele envolvidos, privilegiando a\u00e7\u00f5es conjuntas com as administra\u00e7\u00f5es p\u00fablicas e a sociedade civil, em favor de pol\u00edticas sociais que buscam a constru\u00e7\u00e3o de uma sociedade mais justa e solid\u00e1ria e do desenvolvimento sustent\u00e1vel. As a\u00e7\u00f5es da PROEC buscam estabelecer um di\u00e1logo permanente com as diretrizes e metas da Pol\u00edtica Nacional de Extens\u00e3o Universit\u00e1ria (<a class=\"mail\" href=\"http:\/\/www.renex.org.br\/documentos\/2012-07-13-Politica-Nacional-de-Extensao.pdf\" target=\"_blank\">PNEU -2012<\/a>), do Plano Nacional de Cultura (<a class=\"mail\" href=\"http:\/\/www.cultura.gov.br\/documents\/10907\/963783\/Lei+12.343++PNC.pdf\/e9882c97-f62a-40de-bc74-8dc694fe777a\" target=\"_blank\">PNC \u2013 2010<\/a>), do Plano Nacional de Educa\u00e7\u00e3o (<a class=\"mail\" href=\"http:\/\/www.planalto.gov.br\/ccivil_03\/_ato2011-2014\/2014\/lei\/l13005.htm\" target=\"_blank\">PNE-2014<\/a>) e do Programa Nacional de Direitos Humanos (<a class=\"mail\" href=\"http:\/\/www.sdh.gov.br\/assuntos\/direito-para-todos\/programas\/pdfs\/programa-nacional-de-direitos-humanos-pndh-3\" target=\"_blank\">PNDH3 \u2013 2009\/2010<\/a>), al\u00e9m de acompanhar as recentes sobre a Pol\u00edtica Nacional das Artes, e manter especial di\u00e1logo com programas e planos estaduais e municipais de educa\u00e7\u00e3o, cultura e direitos humanos. \u00a0As Unidades da PROEC realizam suas atividades por meio de processos permanentes de forma\u00e7\u00e3o e intera\u00e7\u00e3o dial\u00f3gica com as comunidades interna e externa da UFPR, nos quais se articulam saberes e pr\u00e1ticas que objetivam a inclus\u00e3o social e a constru\u00e7\u00e3o do conhecimento. Fazem parte desta Pr\u00f3-Reitoria tr\u00eas coordenadorias: de Extens\u00e3o, de Cultura e de Pol\u00edticas Socias. Al\u00e9m das tr\u00eas coordenadorias, outras duas unidades fazem parte da PROEC: a Editora da UFPR e o Museu de Arqueologia e Etnologia da UFPR.<\/p>\n","protected":false},"excerpt":{"rendered":"<p>A Pr\u00f3-Reitoria de Extens\u00e3o e Cultura (PROEC) atua por meio da proposi\u00e7\u00e3o, desenvolvimento e integra\u00e7\u00e3o de a\u00e7\u00f5es de extens\u00e3o, cultura, pol\u00edticas sociais e divulga\u00e7\u00e3o da produ\u00e7\u00e3o intelectual e cient\u00edfica, articulando-se com o ensino e a pesquisa de forma inter e [&hellip;]<\/p>\n","protected":false},"author":8,"featured_media":0,"parent":0,"menu_order":0,"comment_status":"closed","ping_status":"closed","template":"","meta":{"_acf_changed":false,"_uag_custom_page_level_css":"","footnotes":""},"class_list":["post-849","page","type-page","status-publish","hentry"],"acf":[],"featured_image_src":null,"uagb_featured_image_src":{"full":false,"thumbnail":false,"medium":false,"medium_large":false,"large":false,"1536x1536":false,"2048x2048":false},"uagb_author_info":{"display_name":"caiubidysarz","author_link":"https:\/\/saude.ufpr.br\/terapiaocupacional\/author\/caiubidysarz\/"},"uagb_comment_info":0,"uagb_excerpt":"A Pr\u00f3-Reitoria de Extens\u00e3o e Cultura (PROEC) atua por meio da proposi\u00e7\u00e3o, desenvolvimento e integra\u00e7\u00e3o de a\u00e7\u00f5es de extens\u00e3o, cultura, pol\u00edticas sociais e divulga\u00e7\u00e3o da produ\u00e7\u00e3o intelectual e cient\u00edfica, articulando-se com o ensino e a pesquisa de forma inter e [&hellip;]","publishpress_future_action":{"enabled":false,"date":"2026-04-25 05:31:53","action":"change-status","newStatus":"draft","terms":[],"taxonomy":"","extraData":[]},"publishpress_future_workflow_manual_trigger":{"enabledWorkflows":[]},"_links":{"self":[{"href":"https:\/\/saude.ufpr.br\/terapiaocupacional\/wp-json\/wp\/v2\/pages\/849","targetHints":{"allow":["GET"]}}],"collection":[{"href":"https:\/\/saude.ufpr.br\/terapiaocupacional\/wp-json\/wp\/v2\/pages"}],"about":[{"href":"https:\/\/saude.ufpr.br\/terapiaocupacional\/wp-json\/wp\/v2\/types\/page"}],"author":[{"embeddable":true,"href":"https:\/\/saude.ufpr.br\/terapiaocupacional\/wp-json\/wp\/v2\/users\/8"}],"replies":[{"embeddable":true,"href":"https:\/\/saude.ufpr.br\/terapiaocupacional\/wp-json\/wp\/v2\/comments?post=849"}],"version-history":[{"count":2,"href":"https:\/\/saude.ufpr.br\/terapiaocupacional\/wp-json\/wp\/v2\/pages\/849\/revisions"}],"predecessor-version":[{"id":852,"href":"https:\/\/saude.ufpr.br\/terapiaocupacional\/wp-json\/wp\/v2\/pages\/849\/revisions\/852"}],"wp:attachment":[{"href":"https:\/\/saude.ufpr.br\/terapiaocupacional\/wp-json\/wp\/v2\/media?parent=849"}],"curies":[{"name":"wp","href":"https:\/\/api.w.org\/{rel}","templated":true}]}}