{"id":85,"date":"2014-07-24T14:03:38","date_gmt":"2014-07-24T14:03:38","guid":{"rendered":"https:\/\/saude.ufpr.br\/terapiaocupacional\/?page_id=85"},"modified":"2018-08-22T16:07:13","modified_gmt":"2018-08-22T19:07:13","slug":"luis-felipe-ferro","status":"publish","type":"page","link":"https:\/\/saude.ufpr.br\/terapiaocupacional\/luis-felipe-ferro\/","title":{"rendered":"Lu\u00eds Felipe Ferro"},"content":{"rendered":"<p><a href=\"https:\/\/saude.ufpr.br\/terapiaocupacional\/wp-content\/uploads\/sites\/5\/2017\/03\/Lu\u00eds-1.png\"><img decoding=\"async\" class=\"size-full wp-image-999 alignnone\" src=\"https:\/\/saude.ufpr.br\/terapiaocupacional\/wp-content\/uploads\/sites\/5\/2017\/03\/Lu\u00eds-1.png\" alt=\"Lu\u00eds\" width=\"142\" height=\"158\" \/><\/a><\/p>\n<p><b><span style=\"color: #000000\">Contato:<\/span>\u00a0<\/b><a href=\"mailto:luisfelipeferro@gmail.com\">luisfelipeferro@gmail.com<\/a><\/p>\n<p><a href=\"http:\/\/lattes.cnpq.br\/7839809383749925\" target=\"_blank\" rel=\"noopener\">Curr\u00edculo Lattes<\/a><\/p>\n<p><span style=\"color: #000000\">Doutor pelo departamento de Psicologia Social e do Trabalho da Universidade de S\u00e3o Paulo &#8211; USP.<\/span><\/p>\n<p>Gradua\u00e7\u00e3o em Terapia Ocupacional pela Universidade de S\u00e3o Paulo. Mestre em Psicologia e doutor em Ci\u00eancias pelo programa de p\u00f3s-gradua\u00e7\u00e3o em Psicologia Social da Universidade de S\u00e3o Paulo &#8211; USP. Docente do departamento de Terapia Ocupacional da Universidade Federal do Paran\u00e1 com interesses e pesquisa voltados ao campo da Sa\u00fade, com \u00eanfase em estudos na Sa\u00fade Mental, Terapia Ocupacional, processos de controle social das pol\u00edticas p\u00fablicas, economia solid\u00e1ria e educa\u00e7\u00e3o em Sa\u00fade.<span class=\"texto\">\u00a0<\/span><\/p>\n<p>&nbsp;<\/p>\n<p><span style=\"text-decoration: underline\"><span style=\"color: #000000;text-decoration: underline\"><strong>PUBLICA\u00c7\u00d5ES SELECIONADAS<\/strong><\/span><\/span><\/p>\n<p>&nbsp;<\/p>\n<div class=\"artigo-completo\">\n<div class=\"layout-cell layout-cell-1 text-align-right\">\n<div class=\"layout-cell-pad-5 text-align-right\"><b>1.<\/b>\u00a0<b>FERRO, L. F.<\/b>;\u00a0MARIOTTI, M. C.; NIMTZ, M. A. ; HOLANDA, A. F. . Acompanhamento Terap\u00eautico em Sa\u00fade Mental: Estrutura, Possibilidades e Desafios para a Pr\u00e1tica no SUS. REVISTA DA ABORDAGEM GEST\u00c1LTICA (IMPRESSO), v. 24, p. 66-74, 2018.<\/div>\n<\/div>\n<div class=\"layout-cell layout-cell-11\">\n<div class=\"layout-cell-pad-5\">\n<div class=\"citado\"><\/div>\n<\/div>\n<\/div>\n<\/div>\n<div class=\"artigo-completo\">\n<div class=\"layout-cell layout-cell-1 text-align-right\">\n<div class=\"layout-cell-pad-5 text-align-right\"><b>2.<\/b>\u00a0<b>FERRO, L. F.<\/b>. FORTALECIMENTO DO CONTROLE SOCIAL EM SA\u00daDE MENTAL: ESTRAT\u00c9GIAS E POSSIBILIDADES. Cadernos de Terapia Ocupacional da UFSCar, v. 24, p. 601-610, 2016.<\/div>\n<\/div>\n<div class=\"layout-cell layout-cell-11\">\n<div class=\"layout-cell-pad-5\">\n<div class=\"citado\"><\/div>\n<\/div>\n<\/div>\n<\/div>\n<div class=\"artigo-completo\">\n<div class=\"layout-cell layout-cell-1 text-align-right\">\n<div class=\"layout-cell-pad-5 text-align-right\"><b>3.\u00a0<\/b><b>FERRO, L. F.<\/b>; LOUREIRO, Morgana Bardemaker ; CARDOSO, M\u00f4nica de Macedo . Economia Solid\u00e1ria, Sa\u00fade Mental e a pr\u00e1tica do terapeuta ocupacional: relatos de participantes de um grupo de gera\u00e7\u00e3o de trabalho e renda. Cadernos de Terapia Ocupacional da UFSCar, v. 23, p. 101-116, 2015.<\/div>\n<\/div>\n<div class=\"layout-cell layout-cell-11\">\n<div class=\"layout-cell-pad-5\">\n<div class=\"citado\"><\/div>\n<\/div>\n<\/div>\n<\/div>\n<div class=\"artigo-completo\">\n<div class=\"layout-cell layout-cell-1 text-align-right\">\n<div class=\"layout-cell-pad-5 text-align-right\"><b>4.<\/b><b>FERRO, L. F.<\/b>. Grupo de conviv\u00eancia em sa\u00fade mental: intersetorialidade e trabalho em rede. Cadernos de Terapia Ocupacional da UFSCar, v. 23, p. 485-498, 2015.<\/div>\n<\/div>\n<div class=\"layout-cell layout-cell-11\">\n<div class=\"layout-cell-pad-5\">\n<div class=\"citado\"><\/div>\n<\/div>\n<\/div>\n<\/div>\n<div class=\"artigo-completo\">\n<div class=\"layout-cell layout-cell-1 text-align-right\">\n<div class=\"layout-cell-pad-5 text-align-right\"><b>5.<\/b>\u00a0<b>FERRO, L. F.<\/b>;\u00a0OLIVEIRA, Fernanda Rogrigues Leite de\u00a0; LUCINDO, S. M. ;\u00a0VOZNIACK, C. I.\u00a0. Demandas, subjetividade e processo terap\u00eautico: constru\u00e7\u00f5es e limita\u00e7\u00f5es do Acompanhamento Terap\u00eautico. Cadernos de Terapia Ocupacional da UFSCar, v. 22, p. 609-619, 2014.<\/div>\n<\/div>\n<div class=\"layout-cell layout-cell-11\">\n<div class=\"layout-cell-pad-5\">\n<div class=\"citado\"><\/div>\n<\/div>\n<\/div>\n<\/div>\n<div class=\"artigo-completo\">\n<div class=\"layout-cell layout-cell-1 text-align-right\">\n<div class=\"layout-cell-pad-5 text-align-right\"><b>6.\u00a0<\/b><b>FERRO, L. F.<\/b>; CRISTINA DA SILVA, EMELIN ; BEATRIZ ZIMMERMANN, ANA ; C\u00c9LIA TITOTTO CASTANHARO, REGINA ; RODRIGUES LEITE DE OLIVEIRA, FERNANDA . Interdisciplinaridade e intersetorialidade na Estrat\u00e9gia Sa\u00fade da Fam\u00edlia e no N\u00facleo de Apoio \u00e0 Sa\u00fade da Fam\u00edlia: potencialidades e desafios. O Mundo da Sa\u00fade (CUSC. Impresso), v. 38, p. 129-138, 2014.<\/div>\n<div><\/div>\n<\/div>\n<\/div>\n<div class=\"artigo-completo\">\n<div class=\"layout-cell layout-cell-1 text-align-right\">\n<div class=\"layout-cell-pad-5 text-align-right\"><b>7.\u00a0<\/b><b>FERRO, L. F.<\/b>; OLIVEIRA, F. R. L. ; VOZNIACK, C. I. ; LUCINDO, S. M. . Demandas, subjetividade e processo terap\u00eautico: constru\u00e7\u00f5es e limita\u00e7\u00f5es do Acompanhamento Terap\u00eautico.. Cadernos de Terapia Ocupacional da UFSCar, v. 22, p. 609, 2014.<\/div>\n<\/div>\n<div class=\"layout-cell layout-cell-11\">\n<div class=\"layout-cell-pad-5\">\n<div class=\"citado\"><\/div>\n<\/div>\n<\/div>\n<\/div>\n<div class=\"artigo-completo\">\n<div class=\"layout-cell layout-cell-1 text-align-right\">\n<div class=\"layout-cell-pad-5 text-align-right\"><b>8.\u00a0<\/b><b>FERRO, L. F.<\/b>. ARTE BRUTA, ARTE VIRGEM E LOUCURA ? MORTE AO V\u00cdNCULO OU PROLONGA\u00c7\u00c3O DO LEGADO?. Cadernos de Pesquisa do CDHIS (Online), v. 6, p. 389-404, 2013.<\/div>\n<\/div>\n<div class=\"layout-cell layout-cell-11\">\n<div class=\"layout-cell-pad-5\">\n<div class=\"citado\"><\/div>\n<\/div>\n<\/div>\n<\/div>\n<div class=\"artigo-completo\">\n<div class=\"layout-cell layout-cell-1 text-align-right\">\n<div class=\"layout-cell-pad-5 text-align-right\"><b>9.\u00a0<\/b><b>FERRO, L. F.<\/b>; CARDOSO, M.R. ; Sa\u00fade e popula\u00e7\u00e3o LGBT: demandas e especificidades em quest\u00e3o. Psicologia: Ci\u00eancia e Profiss\u00e3o (Impresso), v. 32, p. 552-563, 2012.<\/div>\n<div class=\"layout-cell-pad-5 text-align-right\"><\/div>\n<\/div>\n<\/div>\n<div class=\"artigo-completo\">\n<div class=\"layout-cell layout-cell-1 text-align-right\">\n<div class=\"layout-cell-pad-5 text-align-right\"><b>10.\u00a0<\/b><b>FERRO, L. F.<\/b>; CARDOSO, M\u00f4nica de Macedo ; SOUZA, G. F. F. ;\u00a0FRACARO, C. C.\u00a0. Grupo de Conviv\u00eancia em Sa\u00fade Mental: perspectivas de usu\u00e1rios e a experi\u00eancia do curso de Terapia Ocupacional da Universidade Federal do Paran\u00e1. REVISTA DE TERAPIA OCUPACIONAL DA UNIVERSIDADE DE S\u00c3O PAULO, v. 23, p. 146-152, 2012.<\/div>\n<\/div>\n<div class=\"layout-cell layout-cell-11\">\n<div class=\"layout-cell-pad-5\">\n<div class=\"citado\"><\/div>\n<\/div>\n<\/div>\n<\/div>\n<div class=\"artigo-completo\">\n<div class=\"layout-cell layout-cell-1 text-align-right\">\n<div class=\"layout-cell-pad-5 text-align-right\"><b>11.\u00a0<\/b><b>FERRO, L. F.<\/b>. O SENTIDO INACABADO DAS ARTES: RECEP\u00c7\u00c3O EST\u00c9TICA E SUAS CONTRIBUI\u00c7\u00d5ES PARA A INTERFACE ARTE E HIST\u00d3RIA. Revista Filosofia Capital, v. 6, p. 49-60, 2011.<\/div>\n<\/div>\n<div class=\"layout-cell layout-cell-11\">\n<div class=\"layout-cell-pad-5\">\n<div class=\"citado\"><\/div>\n<\/div>\n<\/div>\n<\/div>\n<div class=\"artigo-completo\">\n<div class=\"layout-cell layout-cell-1 text-align-right\">\n<div class=\"layout-cell-pad-5 text-align-right\"><b>12.\u00a0<\/b><b>FERRO, L. F.<\/b>. Trabalho Territorial em Hospitais Psiqui\u00e1tricos ? Construindo no Presente um Futuro sem Manic\u00f4mios. Psicologia: Ci\u00eancia e Profiss\u00e3o (Impresso), v. 29, p. 752-767, 2009.<\/div>\n<\/div>\n<\/div>\n","protected":false},"excerpt":{"rendered":"<p>Contato:\u00a0luisfelipeferro@gmail.com Curr\u00edculo Lattes Doutor pelo departamento de Psicologia Social e do Trabalho da Universidade de S\u00e3o Paulo &#8211; USP. Gradua\u00e7\u00e3o em Terapia Ocupacional pela Universidade de S\u00e3o Paulo. Mestre em Psicologia e doutor em Ci\u00eancias pelo programa de p\u00f3s-gradua\u00e7\u00e3o em [&hellip;]<\/p>\n","protected":false},"author":8,"featured_media":0,"parent":0,"menu_order":0,"comment_status":"open","ping_status":"open","template":"","meta":{"_acf_changed":false,"_uag_custom_page_level_css":"","footnotes":""},"class_list":["post-85","page","type-page","status-publish","hentry"],"acf":[],"featured_image_src":null,"uagb_featured_image_src":{"full":false,"thumbnail":false,"medium":false,"medium_large":false,"large":false,"1536x1536":false,"2048x2048":false},"uagb_author_info":{"display_name":"caiubidysarz","author_link":"https:\/\/saude.ufpr.br\/terapiaocupacional\/author\/caiubidysarz\/"},"uagb_comment_info":0,"uagb_excerpt":"Contato:\u00a0luisfelipeferro@gmail.com Curr\u00edculo Lattes Doutor pelo departamento de Psicologia Social e do Trabalho da Universidade de S\u00e3o Paulo &#8211; USP. Gradua\u00e7\u00e3o em Terapia Ocupacional pela Universidade de S\u00e3o Paulo. Mestre em Psicologia e doutor em Ci\u00eancias pelo programa de p\u00f3s-gradua\u00e7\u00e3o em [&hellip;]","publishpress_future_action":{"enabled":false,"date":"2026-04-22 06:44:42","action":"change-status","newStatus":"draft","terms":[],"taxonomy":"","extraData":[]},"publishpress_future_workflow_manual_trigger":{"enabledWorkflows":[]},"_links":{"self":[{"href":"https:\/\/saude.ufpr.br\/terapiaocupacional\/wp-json\/wp\/v2\/pages\/85","targetHints":{"allow":["GET"]}}],"collection":[{"href":"https:\/\/saude.ufpr.br\/terapiaocupacional\/wp-json\/wp\/v2\/pages"}],"about":[{"href":"https:\/\/saude.ufpr.br\/terapiaocupacional\/wp-json\/wp\/v2\/types\/page"}],"author":[{"embeddable":true,"href":"https:\/\/saude.ufpr.br\/terapiaocupacional\/wp-json\/wp\/v2\/users\/8"}],"replies":[{"embeddable":true,"href":"https:\/\/saude.ufpr.br\/terapiaocupacional\/wp-json\/wp\/v2\/comments?post=85"}],"version-history":[{"count":24,"href":"https:\/\/saude.ufpr.br\/terapiaocupacional\/wp-json\/wp\/v2\/pages\/85\/revisions"}],"predecessor-version":[{"id":2165,"href":"https:\/\/saude.ufpr.br\/terapiaocupacional\/wp-json\/wp\/v2\/pages\/85\/revisions\/2165"}],"wp:attachment":[{"href":"https:\/\/saude.ufpr.br\/terapiaocupacional\/wp-json\/wp\/v2\/media?parent=85"}],"curies":[{"name":"wp","href":"https:\/\/api.w.org\/{rel}","templated":true}]}}