{"id":885,"date":"2017-03-15T15:28:36","date_gmt":"2017-03-15T15:28:36","guid":{"rendered":"https:\/\/saude.ufpr.br\/terapiaocupacional\/?page_id=885"},"modified":"2017-03-15T15:28:36","modified_gmt":"2017-03-15T15:28:36","slug":"missao","status":"publish","type":"page","link":"https:\/\/saude.ufpr.br\/terapiaocupacional\/missao\/","title":{"rendered":"Miss\u00e3o"},"content":{"rendered":"<p>Ser refer\u00eancia nacional para o ensino nos n\u00edveis de Gradua\u00e7\u00e3o e P\u00f3s-Gradua\u00e7\u00e3o em Terapia Ocupacional, assim como para o desenvolvimento de pesquisa e extens\u00e3o, de maneira a produzir, em parceria com diferentes institui\u00e7\u00f5es, conhecimento, tecnologias e a\u00e7\u00f5es socialmente impactantes.<\/p>\n","protected":false},"excerpt":{"rendered":"<p>Ser refer\u00eancia nacional para o ensino nos n\u00edveis de Gradua\u00e7\u00e3o e P\u00f3s-Gradua\u00e7\u00e3o em Terapia Ocupacional, assim como para o desenvolvimento de pesquisa e extens\u00e3o, de maneira a produzir, em parceria com diferentes institui\u00e7\u00f5es, conhecimento, tecnologias e a\u00e7\u00f5es socialmente impactantes.<\/p>\n","protected":false},"author":8,"featured_media":0,"parent":0,"menu_order":0,"comment_status":"closed","ping_status":"closed","template":"","meta":{"_acf_changed":false,"_uag_custom_page_level_css":"","footnotes":""},"class_list":["post-885","page","type-page","status-publish","hentry"],"acf":[],"featured_image_src":null,"uagb_featured_image_src":{"full":false,"thumbnail":false,"medium":false,"medium_large":false,"large":false,"1536x1536":false,"2048x2048":false},"uagb_author_info":{"display_name":"caiubidysarz","author_link":"https:\/\/saude.ufpr.br\/terapiaocupacional\/author\/caiubidysarz\/"},"uagb_comment_info":0,"uagb_excerpt":"Ser refer\u00eancia nacional para o ensino nos n\u00edveis de Gradua\u00e7\u00e3o e P\u00f3s-Gradua\u00e7\u00e3o em Terapia Ocupacional, assim como para o desenvolvimento de pesquisa e extens\u00e3o, de maneira a produzir, em parceria com diferentes institui\u00e7\u00f5es, conhecimento, tecnologias e a\u00e7\u00f5es socialmente impactantes.","publishpress_future_action":{"enabled":false,"date":"2026-05-01 17:34:20","action":"change-status","newStatus":"draft","terms":[],"taxonomy":"","extraData":[]},"publishpress_future_workflow_manual_trigger":{"enabledWorkflows":[]},"_links":{"self":[{"href":"https:\/\/saude.ufpr.br\/terapiaocupacional\/wp-json\/wp\/v2\/pages\/885","targetHints":{"allow":["GET"]}}],"collection":[{"href":"https:\/\/saude.ufpr.br\/terapiaocupacional\/wp-json\/wp\/v2\/pages"}],"about":[{"href":"https:\/\/saude.ufpr.br\/terapiaocupacional\/wp-json\/wp\/v2\/types\/page"}],"author":[{"embeddable":true,"href":"https:\/\/saude.ufpr.br\/terapiaocupacional\/wp-json\/wp\/v2\/users\/8"}],"replies":[{"embeddable":true,"href":"https:\/\/saude.ufpr.br\/terapiaocupacional\/wp-json\/wp\/v2\/comments?post=885"}],"version-history":[{"count":1,"href":"https:\/\/saude.ufpr.br\/terapiaocupacional\/wp-json\/wp\/v2\/pages\/885\/revisions"}],"predecessor-version":[{"id":886,"href":"https:\/\/saude.ufpr.br\/terapiaocupacional\/wp-json\/wp\/v2\/pages\/885\/revisions\/886"}],"wp:attachment":[{"href":"https:\/\/saude.ufpr.br\/terapiaocupacional\/wp-json\/wp\/v2\/media?parent=885"}],"curies":[{"name":"wp","href":"https:\/\/api.w.org\/{rel}","templated":true}]}}