{"id":89,"date":"2014-07-24T14:04:25","date_gmt":"2014-07-24T14:04:25","guid":{"rendered":"https:\/\/saude.ufpr.br\/terapiaocupacional\/?page_id=89"},"modified":"2017-03-10T16:48:35","modified_gmt":"2017-03-10T16:48:35","slug":"maria-jose-gugelmin-de-camargo","status":"publish","type":"page","link":"https:\/\/saude.ufpr.br\/terapiaocupacional\/maria-jose-gugelmin-de-camargo\/","title":{"rendered":"Maria Jos\u00e9 Gugelmin de Camargo"},"content":{"rendered":"<p style=\"text-align: justify\"><span style=\"color: #000000\">Contato:<\/span>\u00a0<a href=\"mailto:mariajosegugelmin@hotmail.com\">mariajosegugelmin@hotmail.com<\/a><\/p>\n<p style=\"text-align: justify\"><a href=\"http:\/\/lattes.cnpq.br\/6078097953291220\">Curr\u00edculo Lattes<\/a><\/p>\n<p style=\"text-align: justify\"><span style=\"color: #000000\">Graduada em Terapia Ocupacional pela Universidade Tuiuti do Paran\u00e1 (1989), e em Ci\u00eancias Biol\u00f3gicas pela Universidade Federal do Paran\u00e1 (1974), Mestrado em Educa\u00e7\u00e3o pela Universidade Tuiuti do Paran\u00e1 (2002). Professora do Curso de Terapia Ocupacional da Universidade Federal do Paran\u00e1 e tutora do Programa de Resid\u00eancia Multiprofissional Integrada em Aten\u00e7\u00e3o Hospitalar do Hospital de Cl\u00ednicas \/ UFPR. \u00c1rea de atua\u00e7\u00e3o: psicomotricidade e contextos hospitalares.<\/span><\/p>\n<div class=\"page min-width\"><\/div>\n<p>&nbsp;<\/p>\n","protected":false},"excerpt":{"rendered":"<p>Contato:\u00a0mariajosegugelmin@hotmail.com Curr\u00edculo Lattes Graduada em Terapia Ocupacional pela Universidade Tuiuti do Paran\u00e1 (1989), e em Ci\u00eancias Biol\u00f3gicas pela Universidade Federal do Paran\u00e1 (1974), Mestrado em Educa\u00e7\u00e3o pela Universidade Tuiuti do Paran\u00e1 (2002). Professora do Curso de Terapia Ocupacional da Universidade [&hellip;]<\/p>\n","protected":false},"author":8,"featured_media":0,"parent":0,"menu_order":0,"comment_status":"open","ping_status":"open","template":"","meta":{"_acf_changed":false,"_uag_custom_page_level_css":"","footnotes":""},"class_list":["post-89","page","type-page","status-publish","hentry"],"acf":[],"featured_image_src":null,"uagb_featured_image_src":{"full":false,"thumbnail":false,"medium":false,"medium_large":false,"large":false,"1536x1536":false,"2048x2048":false},"uagb_author_info":{"display_name":"caiubidysarz","author_link":"https:\/\/saude.ufpr.br\/terapiaocupacional\/author\/caiubidysarz\/"},"uagb_comment_info":0,"uagb_excerpt":"Contato:\u00a0mariajosegugelmin@hotmail.com Curr\u00edculo Lattes Graduada em Terapia Ocupacional pela Universidade Tuiuti do Paran\u00e1 (1989), e em Ci\u00eancias Biol\u00f3gicas pela Universidade Federal do Paran\u00e1 (1974), Mestrado em Educa\u00e7\u00e3o pela Universidade Tuiuti do Paran\u00e1 (2002). Professora do Curso de Terapia Ocupacional da Universidade [&hellip;]","publishpress_future_action":{"enabled":false,"date":"2026-04-22 06:44:42","action":"change-status","newStatus":"draft","terms":[],"taxonomy":"","extraData":[]},"publishpress_future_workflow_manual_trigger":{"enabledWorkflows":[]},"_links":{"self":[{"href":"https:\/\/saude.ufpr.br\/terapiaocupacional\/wp-json\/wp\/v2\/pages\/89","targetHints":{"allow":["GET"]}}],"collection":[{"href":"https:\/\/saude.ufpr.br\/terapiaocupacional\/wp-json\/wp\/v2\/pages"}],"about":[{"href":"https:\/\/saude.ufpr.br\/terapiaocupacional\/wp-json\/wp\/v2\/types\/page"}],"author":[{"embeddable":true,"href":"https:\/\/saude.ufpr.br\/terapiaocupacional\/wp-json\/wp\/v2\/users\/8"}],"replies":[{"embeddable":true,"href":"https:\/\/saude.ufpr.br\/terapiaocupacional\/wp-json\/wp\/v2\/comments?post=89"}],"version-history":[{"count":8,"href":"https:\/\/saude.ufpr.br\/terapiaocupacional\/wp-json\/wp\/v2\/pages\/89\/revisions"}],"predecessor-version":[{"id":666,"href":"https:\/\/saude.ufpr.br\/terapiaocupacional\/wp-json\/wp\/v2\/pages\/89\/revisions\/666"}],"wp:attachment":[{"href":"https:\/\/saude.ufpr.br\/terapiaocupacional\/wp-json\/wp\/v2\/media?parent=89"}],"curies":[{"name":"wp","href":"https:\/\/api.w.org\/{rel}","templated":true}]}}