{"id":901,"date":"2017-03-15T15:52:54","date_gmt":"2017-03-15T15:52:54","guid":{"rendered":"https:\/\/saude.ufpr.br\/terapiaocupacional\/?page_id=901"},"modified":"2017-03-31T16:08:11","modified_gmt":"2017-03-31T19:08:11","slug":"sites-importantes-2","status":"publish","type":"page","link":"https:\/\/saude.ufpr.br\/terapiaocupacional\/sites-importantes-2\/","title":{"rendered":"Sites Importantes"},"content":{"rendered":"<p><a href=\"http:\/\/www.prppg.ufpr.br\" target=\"_blank\">Pr\u00f3-Reitoria de Pesquisa e P\u00f3s-Gradua\u00e7\u00e3o<\/a><\/p>\n<p><a href=\"http:\/\/cnpq.br\/\" target=\"_blank\">Conselho Nacional de Desenvolvimento Cient\u00edfico e Tecnol\u00f3gico<\/a><\/p>\n<p><a href=\"http:\/\/www.capes.gov.br\" target=\"_blank\">Funda\u00e7\u00e3o CAPES<\/a><\/p>\n<p><a href=\"http:\/\/www.finep.gov.br\" target=\"_blank\">Financiadora de Estudos e Projetos &#8211; FINEP<\/a><\/p>\n<p><a href=\"http:\/\/www.capa.ufpr.br\/\" target=\"_blank\">Centro de Assessoria de Publica\u00e7\u00e3o Acad\u00eamica &#8211; CAPA\/UFPR: O CAPA\/UFPR<\/a><\/p>\n<p>&nbsp;<\/p>\n<p>&nbsp;<\/p>\n<p>&nbsp;<\/p>\n","protected":false},"excerpt":{"rendered":"<p>Pr\u00f3-Reitoria de Pesquisa e P\u00f3s-Gradua\u00e7\u00e3o Conselho Nacional de Desenvolvimento Cient\u00edfico e Tecnol\u00f3gico Funda\u00e7\u00e3o CAPES Financiadora de Estudos e Projetos &#8211; FINEP Centro de Assessoria de Publica\u00e7\u00e3o Acad\u00eamica &#8211; CAPA\/UFPR: O CAPA\/UFPR &nbsp; &nbsp; &nbsp;<\/p>\n","protected":false},"author":8,"featured_media":0,"parent":0,"menu_order":0,"comment_status":"closed","ping_status":"closed","template":"","meta":{"_acf_changed":false,"_uag_custom_page_level_css":"","footnotes":""},"class_list":["post-901","page","type-page","status-publish","hentry"],"acf":[],"featured_image_src":null,"uagb_featured_image_src":{"full":false,"thumbnail":false,"medium":false,"medium_large":false,"large":false,"1536x1536":false,"2048x2048":false},"uagb_author_info":{"display_name":"caiubidysarz","author_link":"https:\/\/saude.ufpr.br\/terapiaocupacional\/author\/caiubidysarz\/"},"uagb_comment_info":0,"uagb_excerpt":"Pr\u00f3-Reitoria de Pesquisa e P\u00f3s-Gradua\u00e7\u00e3o Conselho Nacional de Desenvolvimento Cient\u00edfico e Tecnol\u00f3gico Funda\u00e7\u00e3o CAPES Financiadora de Estudos e Projetos &#8211; FINEP Centro de Assessoria de Publica\u00e7\u00e3o Acad\u00eamica &#8211; CAPA\/UFPR: O CAPA\/UFPR &nbsp; &nbsp; &nbsp;","publishpress_future_action":{"enabled":false,"date":"2026-05-02 09:04:28","action":"change-status","newStatus":"draft","terms":[],"taxonomy":"","extraData":[]},"publishpress_future_workflow_manual_trigger":{"enabledWorkflows":[]},"_links":{"self":[{"href":"https:\/\/saude.ufpr.br\/terapiaocupacional\/wp-json\/wp\/v2\/pages\/901","targetHints":{"allow":["GET"]}}],"collection":[{"href":"https:\/\/saude.ufpr.br\/terapiaocupacional\/wp-json\/wp\/v2\/pages"}],"about":[{"href":"https:\/\/saude.ufpr.br\/terapiaocupacional\/wp-json\/wp\/v2\/types\/page"}],"author":[{"embeddable":true,"href":"https:\/\/saude.ufpr.br\/terapiaocupacional\/wp-json\/wp\/v2\/users\/8"}],"replies":[{"embeddable":true,"href":"https:\/\/saude.ufpr.br\/terapiaocupacional\/wp-json\/wp\/v2\/comments?post=901"}],"version-history":[{"count":6,"href":"https:\/\/saude.ufpr.br\/terapiaocupacional\/wp-json\/wp\/v2\/pages\/901\/revisions"}],"predecessor-version":[{"id":1278,"href":"https:\/\/saude.ufpr.br\/terapiaocupacional\/wp-json\/wp\/v2\/pages\/901\/revisions\/1278"}],"wp:attachment":[{"href":"https:\/\/saude.ufpr.br\/terapiaocupacional\/wp-json\/wp\/v2\/media?parent=901"}],"curies":[{"name":"wp","href":"https:\/\/api.w.org\/{rel}","templated":true}]}}