{"id":930,"date":"2017-03-16T20:57:32","date_gmt":"2017-03-16T20:57:32","guid":{"rendered":"https:\/\/saude.ufpr.br\/terapiaocupacional\/?page_id=930"},"modified":"2021-06-23T14:49:55","modified_gmt":"2021-06-23T17:49:55","slug":"videos","status":"publish","type":"page","link":"https:\/\/saude.ufpr.br\/terapiaocupacional\/videos\/","title":{"rendered":"V\u00eddeos"},"content":{"rendered":"<p>Abaixo est\u00e3o apresentados alguns v\u00eddeos que podem proporcionar maior proximidade aos interessados sobre a profiss\u00e3o e o Departamento de Terapia Ocupacional da UFPR<\/p>\n<p>&nbsp;<\/p>\n<p><iframe title=\"Voca\u00e7\u00e3o Terapia Ocupacional 22\/12\/10\" width=\"500\" height=\"375\" src=\"https:\/\/www.youtube.com\/embed\/S3uZl-HCpPo?feature=oembed\" frameborder=\"0\" allow=\"accelerometer; autoplay; clipboard-write; encrypted-media; gyroscope; picture-in-picture; web-share\" referrerpolicy=\"strict-origin-when-cross-origin\" allowfullscreen><\/iframe><\/p>\n<p>&nbsp;<\/p>\n<p><iframe title=\"VOCA\u00c7\u00c3O - TERAPIA OCUPACIONAL\" width=\"500\" height=\"281\" src=\"https:\/\/www.youtube.com\/embed\/HI-KfOTxAqg?feature=oembed\" frameborder=\"0\" allow=\"accelerometer; autoplay; clipboard-write; encrypted-media; gyroscope; picture-in-picture; web-share\" referrerpolicy=\"strict-origin-when-cross-origin\" allowfullscreen><\/iframe><\/p>\n<p>&nbsp;<\/p>\n<p><iframe title=\"Terapia Ocupacional UFPR entre os tops do ENADE!!\" width=\"500\" height=\"375\" src=\"https:\/\/www.youtube.com\/embed\/qqRdX5o2EMA?feature=oembed\" frameborder=\"0\" allow=\"accelerometer; autoplay; clipboard-write; encrypted-media; gyroscope; picture-in-picture; web-share\" referrerpolicy=\"strict-origin-when-cross-origin\" allowfullscreen><\/iframe><\/p>\n","protected":false},"excerpt":{"rendered":"<p>Abaixo est\u00e3o apresentados alguns v\u00eddeos que podem proporcionar maior proximidade aos interessados sobre a profiss\u00e3o e o Departamento de Terapia Ocupacional da UFPR &nbsp; &nbsp; &nbsp;<\/p>\n","protected":false},"author":8,"featured_media":0,"parent":0,"menu_order":0,"comment_status":"closed","ping_status":"closed","template":"","meta":{"_acf_changed":false,"_uag_custom_page_level_css":"","footnotes":""},"class_list":["post-930","page","type-page","status-publish","hentry"],"acf":[],"featured_image_src":null,"uagb_featured_image_src":{"full":false,"thumbnail":false,"medium":false,"medium_large":false,"large":false,"1536x1536":false,"2048x2048":false},"uagb_author_info":{"display_name":"caiubidysarz","author_link":"https:\/\/saude.ufpr.br\/terapiaocupacional\/author\/caiubidysarz\/"},"uagb_comment_info":0,"uagb_excerpt":"Abaixo est\u00e3o apresentados alguns v\u00eddeos que podem proporcionar maior proximidade aos interessados sobre a profiss\u00e3o e o Departamento de Terapia Ocupacional da UFPR &nbsp; &nbsp; &nbsp;","publishpress_future_action":{"enabled":false,"date":"2026-05-01 13:39:07","action":"change-status","newStatus":"draft","terms":[],"taxonomy":"","extraData":[]},"publishpress_future_workflow_manual_trigger":{"enabledWorkflows":[]},"_links":{"self":[{"href":"https:\/\/saude.ufpr.br\/terapiaocupacional\/wp-json\/wp\/v2\/pages\/930","targetHints":{"allow":["GET"]}}],"collection":[{"href":"https:\/\/saude.ufpr.br\/terapiaocupacional\/wp-json\/wp\/v2\/pages"}],"about":[{"href":"https:\/\/saude.ufpr.br\/terapiaocupacional\/wp-json\/wp\/v2\/types\/page"}],"author":[{"embeddable":true,"href":"https:\/\/saude.ufpr.br\/terapiaocupacional\/wp-json\/wp\/v2\/users\/8"}],"replies":[{"embeddable":true,"href":"https:\/\/saude.ufpr.br\/terapiaocupacional\/wp-json\/wp\/v2\/comments?post=930"}],"version-history":[{"count":5,"href":"https:\/\/saude.ufpr.br\/terapiaocupacional\/wp-json\/wp\/v2\/pages\/930\/revisions"}],"predecessor-version":[{"id":4104,"href":"https:\/\/saude.ufpr.br\/terapiaocupacional\/wp-json\/wp\/v2\/pages\/930\/revisions\/4104"}],"wp:attachment":[{"href":"https:\/\/saude.ufpr.br\/terapiaocupacional\/wp-json\/wp\/v2\/media?parent=930"}],"curies":[{"name":"wp","href":"https:\/\/api.w.org\/{rel}","templated":true}]}}