{"id":958,"date":"2017-03-17T15:42:56","date_gmt":"2017-03-17T15:42:56","guid":{"rendered":"https:\/\/saude.ufpr.br\/terapiaocupacional\/?page_id=958"},"modified":"2021-03-18T11:12:58","modified_gmt":"2021-03-18T14:12:58","slug":"produtos-extensao","status":"publish","type":"page","link":"https:\/\/saude.ufpr.br\/terapiaocupacional\/produtos-extensao\/","title":{"rendered":"Produtos Extens\u00e3o"},"content":{"rendered":"<p>Abaixo encontram-se algumas das produ\u00e7\u00f5es do departamento de Terapia Ocupacional da Universidade Federal do Paran\u00e1, frutos de a\u00e7\u00f5es extensionistas.<\/p>\n<p><span style=\"text-decoration: underline\"><strong>CARTILHAS<\/strong><\/span><\/p>\n<ol>\n<li><strong>S\u00e9rie: Lutando pelos seus direitos na Sa\u00fade Mental<\/strong>\n<ul>\n<li><a href=\"https:\/\/saude.ufpr.br\/terapiaocupacional\/wp-content\/uploads\/sites\/5\/2018\/06\/CARTILHA_SAUDE_MENTAL_-para-aprova\u00e7\u00e3o.pdf\" target=\"_blank\" rel=\"noopener\">Direitos na Sa\u00fade: Saiba como Proteg\u00ea-los &#8211; 3a. vers\u00e3o Curitiba<\/a><\/li>\n<li><a href=\"https:\/\/saude.ufpr.br\/terapiaocupacional\/wp-content\/uploads\/sites\/5\/2017\/03\/CARTILHA-SA\u00daDE-MENTAL-cascavel.pdf\" target=\"_blank\" rel=\"noopener\">Direitos na Sa\u00fade: Saiba como Proteg\u00ea-los &#8211; vers\u00e3o Cascavel<\/a><\/li>\n<li><a href=\"https:\/\/saude.ufpr.br\/terapiaocupacional\/wp-content\/uploads\/sites\/5\/2017\/03\/CARTILHA-EDI\u00c7\u00c3Oitajai.pdf\" target=\"_blank\" rel=\"noopener\">Direitos na Sa\u00fade: Saiba como Proteg\u00ea-los &#8211; vers\u00e3o Itaja\u00ed<\/a><\/li>\n<li><a href=\"https:\/\/saude.ufpr.br\/terapiaocupacional\/wp-content\/uploads\/sites\/5\/2017\/03\/CARTILHA-SA\u00daDE-MENTAL-EDPINHAIS-FINAL.pdf\" target=\"_blank\" rel=\"noopener\">Direitos na Sa\u00fade: Saiba como Proteg\u00ea-los &#8211; vers\u00e3o Pinhais<\/a><\/li>\n<\/ul>\n<\/li>\n<\/ol>\n<p>&nbsp;<\/p>\n<p><strong>E-BOOK:\u00a0<\/strong><\/p>\n<ul>\n<li style=\"list-style-type: none\">\n<ul>\n<li><a href=\"https:\/\/saude.ufpr.br\/terapiaocupacional\/wp-content\/uploads\/sites\/5\/2021\/02\/AF_cartilha_EBOOK_FINAL.pdf\">Controle Social e Participa\u00e7\u00e3o Popular<\/a><\/li>\n<li><a href=\"https:\/\/drive.google.com\/file\/d\/1fJL_MpZYzLsKeIERbAhJjpWJrrMljpnY\/view?usp=sharing\">Controle Social e Confer\u00eancias de Sa\u00fade<\/a><\/li>\n<\/ul>\n<\/li>\n<\/ul>\n<p>&nbsp;<\/p>\n<p><span style=\"text-decoration: underline\"><strong>FOLDERS<\/strong><\/span><\/p>\n<ol>\n<li><strong>S\u00e9rie: Lutando pelos seus direitos na Sa\u00fade Mental<\/strong>\n<ul>\n<li>Urg\u00eancia\/Emerg\u00eancia Psiqui\u00e1trica: O que \u00e9? O que fazer? Onde buscar ajuda?\n<ul>\n<li><a href=\"https:\/\/saude.ufpr.br\/terapiaocupacional\/wp-content\/uploads\/sites\/5\/2017\/03\/SAMU-frente.pdf\" target=\"_blank\" rel=\"noopener\">Arquivo Frente<\/a> \/ <a href=\"https:\/\/saude.ufpr.br\/terapiaocupacional\/wp-content\/uploads\/sites\/5\/2017\/03\/SAMU-verso.pdf\" target=\"_blank\" rel=\"noopener\">Arquivo Verso<\/a><\/li>\n<\/ul>\n<\/li>\n<li>Associa\u00e7\u00e3o de Apoio aos Portadores de Dist\u00farbios de Ordem Mental\n<ul>\n<li><a href=\"https:\/\/saude.ufpr.br\/terapiaocupacional\/wp-content\/uploads\/sites\/5\/2017\/03\/AADOM-FINAL.pdf\" target=\"_blank\" rel=\"noopener\">Folder-AADOM<\/a><\/li>\n<\/ul>\n<\/li>\n<li>Associa\u00e7\u00e3o de Atendimento e Apoio ao Autista\n<ul>\n<li><a href=\"https:\/\/saude.ufpr.br\/terapiaocupacional\/wp-content\/uploads\/sites\/5\/2017\/03\/AAMPARA-Frente.jpg\" target=\"_blank\" rel=\"noopener\">Arquivo Frente<\/a> \/ <a href=\"https:\/\/saude.ufpr.br\/terapiaocupacional\/wp-content\/uploads\/sites\/5\/2017\/03\/AAMPARA-Verso.jpg\" target=\"_blank\" rel=\"noopener\">Arquivo Verso<\/a><\/li>\n<\/ul>\n<\/li>\n<li>Direitos da Pessoa com Transtorno Mental\n<ul>\n<li><a href=\"https:\/\/saude.ufpr.br\/terapiaocupacional\/wp-content\/uploads\/sites\/5\/2017\/03\/Flyer-II-Direitos-da-pessoa-com-transtorno-mental-revisto.pdf\" target=\"_blank\" rel=\"noopener\">Folder-DireitosSM<\/a><\/li>\n<\/ul>\n<\/li>\n<li>Minist\u00e9rio P\u00fablico do Paran\u00e1\n<ul>\n<li><a href=\"https:\/\/saude.ufpr.br\/terapiaocupacional\/wp-content\/uploads\/sites\/5\/2017\/03\/Folder-MP-Proec-FINAL.pdf\">Folder-MPPR<\/a><\/li>\n<\/ul>\n<\/li>\n<li>Projeto Terap\u00eautico Singular (PTS)\n<ul>\n<li><a href=\"https:\/\/saude.ufpr.br\/terapiaocupacional\/wp-content\/uploads\/sites\/5\/2017\/03\/PTS.pdf\">Folder-PTS<\/a><\/li>\n<\/ul>\n<\/li>\n<li>Rede de Aten\u00e7\u00e3o Psicossocial (RAPS)\n<ul>\n<li><a href=\"https:\/\/saude.ufpr.br\/terapiaocupacional\/wp-content\/uploads\/sites\/5\/2017\/03\/Folder-RAPS.pdf\">Folder-RAPS<\/a><\/li>\n<\/ul>\n<\/li>\n<li>Controle Social e a Comiss\u00e3o de Sa\u00fade Mental\n<ul>\n<li><a href=\"https:\/\/saude.ufpr.br\/terapiaocupacional\/wp-content\/uploads\/sites\/5\/2017\/03\/Controle-Social-e-Comiss\u00e3o-Final.pdf\">Folder-CS-CSM<\/a><\/li>\n<\/ul>\n<\/li>\n<\/ul>\n<\/li>\n<\/ol>\n<p>&nbsp;<\/p>\n<p><span style=\"text-decoration: underline\"><strong>V\u00cdDEOS<\/strong><\/span><\/p>\n<ol>\n<li><a href=\"https:\/\/www.youtube.com\/watch?v=P4HabnXDruE\" target=\"_blank\" rel=\"noopener\">Controle Social na Sa\u00fade: O que \u00e9 e algumas possibilidades de fortalecimento<\/a><\/li>\n<li><a class=\"vm-video-title-content yt-uix-sessionlink\" href=\"https:\/\/www.youtube.com\/watch?v=sXITiJrNa4A\" target=\"_blank\" rel=\"noopener\">Defesa dos direitos na Sa\u00fade: O Minist\u00e9rio P\u00fablico, o que \u00e9 e como acionar<\/a><\/li>\n<\/ol>\n<p>&nbsp;<\/p>\n","protected":false},"excerpt":{"rendered":"<p>Abaixo encontram-se algumas das produ\u00e7\u00f5es do departamento de Terapia Ocupacional da Universidade Federal do Paran\u00e1, frutos de a\u00e7\u00f5es extensionistas. CARTILHAS S\u00e9rie: Lutando pelos seus direitos na Sa\u00fade Mental Direitos na Sa\u00fade: Saiba como Proteg\u00ea-los &#8211; 3a. vers\u00e3o Curitiba Direitos na [&hellip;]<\/p>\n","protected":false},"author":8,"featured_media":0,"parent":0,"menu_order":0,"comment_status":"closed","ping_status":"closed","template":"","meta":{"_acf_changed":false,"_uag_custom_page_level_css":"","footnotes":""},"class_list":["post-958","page","type-page","status-publish","hentry"],"acf":[],"featured_image_src":null,"uagb_featured_image_src":{"full":false,"thumbnail":false,"medium":false,"medium_large":false,"large":false,"1536x1536":false,"2048x2048":false},"uagb_author_info":{"display_name":"caiubidysarz","author_link":"https:\/\/saude.ufpr.br\/terapiaocupacional\/author\/caiubidysarz\/"},"uagb_comment_info":0,"uagb_excerpt":"Abaixo encontram-se algumas das produ\u00e7\u00f5es do departamento de Terapia Ocupacional da Universidade Federal do Paran\u00e1, frutos de a\u00e7\u00f5es extensionistas. CARTILHAS S\u00e9rie: Lutando pelos seus direitos na Sa\u00fade Mental Direitos na Sa\u00fade: Saiba como Proteg\u00ea-los &#8211; 3a. vers\u00e3o Curitiba Direitos na [&hellip;]","publishpress_future_action":{"enabled":false,"date":"2026-04-24 22:05:22","action":"change-status","newStatus":"draft","terms":[],"taxonomy":"","extraData":[]},"publishpress_future_workflow_manual_trigger":{"enabledWorkflows":[]},"_links":{"self":[{"href":"https:\/\/saude.ufpr.br\/terapiaocupacional\/wp-json\/wp\/v2\/pages\/958","targetHints":{"allow":["GET"]}}],"collection":[{"href":"https:\/\/saude.ufpr.br\/terapiaocupacional\/wp-json\/wp\/v2\/pages"}],"about":[{"href":"https:\/\/saude.ufpr.br\/terapiaocupacional\/wp-json\/wp\/v2\/types\/page"}],"author":[{"embeddable":true,"href":"https:\/\/saude.ufpr.br\/terapiaocupacional\/wp-json\/wp\/v2\/users\/8"}],"replies":[{"embeddable":true,"href":"https:\/\/saude.ufpr.br\/terapiaocupacional\/wp-json\/wp\/v2\/comments?post=958"}],"version-history":[{"count":21,"href":"https:\/\/saude.ufpr.br\/terapiaocupacional\/wp-json\/wp\/v2\/pages\/958\/revisions"}],"predecessor-version":[{"id":3789,"href":"https:\/\/saude.ufpr.br\/terapiaocupacional\/wp-json\/wp\/v2\/pages\/958\/revisions\/3789"}],"wp:attachment":[{"href":"https:\/\/saude.ufpr.br\/terapiaocupacional\/wp-json\/wp\/v2\/media?parent=958"}],"curies":[{"name":"wp","href":"https:\/\/api.w.org\/{rel}","templated":true}]}}