{"id":97,"date":"2014-07-24T14:05:40","date_gmt":"2014-07-24T14:05:40","guid":{"rendered":"https:\/\/saude.ufpr.br\/terapiaocupacional\/?page_id=97"},"modified":"2018-05-24T09:19:12","modified_gmt":"2018-05-24T12:19:12","slug":"rosibeth-del-carmen-munoz-palm","status":"publish","type":"page","link":"https:\/\/saude.ufpr.br\/terapiaocupacional\/rosibeth-del-carmen-munoz-palm\/","title":{"rendered":"Rosibeth del Carmen Mu\u00f1oz Palm"},"content":{"rendered":"<p><a href=\"https:\/\/saude.ufpr.br\/terapiaocupacional\/wp-content\/uploads\/sites\/5\/2014\/07\/servletrecuperafoto5.jpg\"><img fetchpriority=\"high\" decoding=\"async\" class=\"alignnone size-medium wp-image-576\" src=\"https:\/\/saude.ufpr.br\/terapiaocupacional\/wp-content\/uploads\/sites\/5\/2014\/07\/servletrecuperafoto5-231x300.jpg\" alt=\"servletrecuperafoto[5]\" width=\"231\" height=\"300\" srcset=\"https:\/\/saude.ufpr.br\/terapiaocupacional\/wp-content\/uploads\/sites\/5\/2014\/07\/servletrecuperafoto5-231x300.jpg 231w, https:\/\/saude.ufpr.br\/terapiaocupacional\/wp-content\/uploads\/sites\/5\/2014\/07\/servletrecuperafoto5.jpg 390w\" sizes=\"(max-width: 231px) 100vw, 231px\" \/><\/a><\/p>\n<p><span style=\"color: #000000\"><strong>Contato<\/strong>:<\/span> <a href=\"mailto:profa.rosibeth.palm@ufpr.br\">profa.rosibeth.palm@ufpr.br<\/a><\/p>\n<p><a href=\"http:\/\/lattes.cnpq.br\/1599061359117920\" target=\"_blank\" rel=\"noopener\">Curr\u00edculo Lattes<\/a><\/p>\n<p><span style=\"color: #000000\">Terapeuta Ocupacional graduada pela PUC-Campinas em 1980. Doutora em Enfermagem pela Universidade Federal do Paran\u00e1 em 2014. Mestre em Sa\u00fade Coletiva pela Faculdade de Ci\u00eancias M\u00e9dicas da UNICAMP, em 2001. Especialista em Planejamento e Gerenciamento em Sa\u00fade pela PUC-Campinas, em 1992. Tem desenvolvido in\u00fameras atividades ligadas a forma\u00e7\u00e3o de Terapeutas Ocupacionais no Ensino Superior. Foi Docente do Curso de Terapia Ocupacional da PUC-Campinas no per\u00edodo de 1981 a 2008. Atualmente \u00e9 Professor da Universidade Federal do Paran\u00e1 em regime de Dedica\u00e7\u00e3o Exclusiva a partir de 2008 e integrante do corpo docente do Departamento de Terapia Ocupacional. Ministra disciplinas na gradua\u00e7\u00e3o na \u00e1rea de Terapia Ocupacional em Contextos Hospitalares e Cuidados Paliativos, \u00c9tica e Deontologia em Terapia Ocupacional, Planejamento e Administra\u00e7\u00e3o em Terapia Ocupacional, Pr\u00e1tica Cl\u00ednica em Terapia Ocupacional I e II, Cuidados Paliativos. Coordena o Grupo de Estudos de Terapia Ocupacional e Cuidados Paliativos \u2013 GETOCP\/UFPR, desde 2015. <em>(2016- 2018).<\/em> Integrante do Grupo de Pesquisa em Terapia Ocupacional do Curso de Terapia Ocupacional da UFPR desde 2008. Membro do Comit\u00ea de \u00c9tica em Pesquisa com Seres Humanos do Setor de Ci\u00eancias da Sa\u00fade da UFPR, a partir de 2015. Foi Coordenadora do Eixo Transversal da Resid\u00eancia na Resid\u00eancia Multiprofissional em Aten\u00e7\u00e3o Hospitalar do Hospital de Cl\u00ednicas da Universidade Federal do Paran\u00e1 e tutora da \u00e1rea de Terapia Ocupacional na \u00e1rea de concentra\u00e7\u00e3o Oncologia e Hematolgia, no per\u00edodo de 2010 a 2011. Participou da gest\u00e3o da Confederaci\u00f3n Latinoamericana de Terapeutas Ocupacionais no per\u00edodo de 2000 a 2011 e do Colegiado da Associa\u00e7\u00e3o Brasileira de Terapeutas Ocupacionais &#8211; ABRATO no per\u00edodo de 1999 a 2011. <strong>Membro do Conselho Deliberativo da Associa\u00e7\u00e3o Cient\u00edfica de Terapia Ocupacional em Contextos Hospitalares e Cuidados Paliativos &#8211; ATOHosP (2012 -2017).<\/strong> <strong>Vice Presidente da<\/strong> Rede Nacional de Ensino e Pesquisa em Terapia Ocupacional<strong> \u2013 <\/strong><em>RENETO (2016- 2018. <\/em>Membro do Banco de Avaliadores (Basis) do INEP\/MEC.<\/span><\/p>\n<p>&nbsp;<\/p>\n<p><span style=\"text-decoration: underline;color: #000000\"><strong>PUBLICA\u00c7\u00d5ES SELECIONADAS<\/strong><\/span><\/p>\n<p>&nbsp;<\/p>\n<p><span style=\"color: #000000\"><strong>CAP\u00cdTULOS DE LIVROS<\/strong><\/span><\/p>\n<p><span style=\"color: #000000\">PALM, R. D. C. M.; PEREIRA, R. A. B,;\u00a0 PINTO, L. M. Atua\u00e7\u00e3o do Terapeuta Ocupacional no Hospital de Cl\u00ednicas da Universidade Federal do Paran\u00e1. In: OTHERO, M. B. <strong>Caderno de Terapia Ocupacional<\/strong>. I F\u00f3rum Nacional do Comit\u00ea de Terapia Ocupacional da Associa\u00e7\u00e3o Brasileira de Linfoma e Leucemia (ABRALE). 1\u00aa. ed. S\u00e3o Paulo: Editorial: BARTZ Texto e Audiovisual. 2015. Cap. 17, p. 59-62.<\/span><\/p>\n<p>&nbsp;<\/p>\n<p><span style=\"color: #000000\">PALM, R. D. C. M.; PINTO, L. M.; THIEME, R. D.; KLEINA, S. C.; ANDRZEJEVSK, V. M. S.; SCHIEFERDECKER, E. M. Da Alta Hospitalar ao Domic\u00edlio: Experi\u00eancia de Cuidado na Aten\u00e7\u00e3o \u00e0 Sa\u00fade do Idoso por Equipa Multiprofissional em Hospital Universit\u00e1rio na Regi\u00e3o Sul do Brasil. In: COSTA, A. P.; OTHERO, M. B. (Org.). <strong>Reabilita\u00e7\u00e3o em Cuidados Paliativos<\/strong>. Portugal: Editora Lusodidacta.\u00a0 2014, p. 317- 332.<\/span><\/p>\n<p>&nbsp;<\/p>\n<p><span style=\"color: #000000\">OTHERO, M. B.; PALM, R. D. C. M. Terapia Ocupacional em Oncologia. In: OTHERO, M. B. <strong>Terapia Ocupacional \u2013 Pr\u00e1ticas em Oncologia<\/strong>. (Org.).\u00a0 S\u00e3o Paulo: Roca, 2010. Cap\u00edtulo 4, p. 72 &#8211; 110<\/span><\/p>\n<p>&nbsp;<\/p>\n<p><span style=\"color: #000000\">PALM, R. D. C. M. Oncologia. In: CAVALCANTI, A.; GALV\u00c3O, C. (Org.). <strong>Terapia Ocupacional &#8211; Fundamenta\u00e7\u00e3o &amp; Pr\u00e1tica<\/strong>. Rio de Janeiro: Editora Guanabara Koogan, 2007. Cap\u00edtulo 52, p. 487 \u2013 492.<\/span><\/p>\n<p>&nbsp;<\/p>\n<p><span style=\"color: #000000\">DE CARLO, M. M. R. P. BARTALOTTI, C. C. PALM, R. D. C. M. A Terapia Ocupacional em Reabilita\u00e7\u00e3o F\u00edsica e contextos hospitalares &#8211; Fundamentos para a pr\u00e1tica. In: DE CARLO, M. M. R. P.;\u00a0 LUZO, M. C. (Org). <strong>Terapia Ocupacional<\/strong>: Reabilita\u00e7\u00e3o F\u00edsica e Contextos Hospitalares, S\u00e3o Paulo: Roca, 2004. Cap\u00edtulo 1, p. 3-28.<\/span><\/p>\n<p>&nbsp;<\/p>\n<p><span style=\"color: #000000\">PALM, R. D. C. M. Processo Coletivo. In: APROPUCC. (Org.). Desafios \u00e0 Universidade: uma reflex\u00e3o \u00e0s Diretrizes Curriculares. Desafios \u00e0 Universidade: uma reflex\u00e3o \u00e0s Diretrizes Curriculares. Campinas: APROPUC 1999, p. 29-34.<\/span><\/p>\n<p>&nbsp;<\/p>\n<p><span style=\"color: #000000\"><strong>\u00a0<\/strong><\/span><\/p>\n<p><span style=\"color: #000000\"><strong>ARTIGOS PUBLICADOS<\/strong><\/span><\/p>\n<p><span style=\"color: #000000\"><strong>\u00a0<\/strong>MU\u00d1OZ PALM, R. D. C. Terapia Ocupacional en Contextos Hospitalarios. <strong>TOG<\/strong> (A Coru\u00f1a). [revista en internet]. 13(23): [12 p.]. Dispon\u00edvel em: \u00a0<a style=\"color: #000000\" href=\"http:\/\/www.revistatog.com\/num23\/pdfs\/editorial.pdf\">http:\/\/www.revistatog.com\/num23\/pdfs\/editorial.pdf<\/a>. Acesso em: 24 de junho de 2016.<\/span><\/p>\n<p><span style=\"color: #000000\"><strong>\u00a0<\/strong><\/span><\/p>\n<p><span style=\"color: #000000\">UEMURA, L.; MARIOTTI, M. C.; PALM. R. D. C. M. Estigma e transtorno mental: perspectiva do terapeuta ocupacional. <strong>Rev. Ter. Ocup. Univ. S\u00e3o Paulo<\/strong>, v. 26, n.3,\u00a0 p.309 -16,\u00a0 set.-dez., 2015.<\/span><\/p>\n<p>&nbsp;<\/p>\n<p><span style=\"color: #000000\">M\u00c2NGIA, E. F.; BRAGA, A. R. L.; NICOLAU, E. M.; LIMA, L. C.; PALM, R. D.C. M. Internacionaliza\u00e7\u00e3o e fortalecimento da Terapia Ocupacional: uma necessidade atual. <strong>Rev. Ter. Ocup. Univ. S\u00e3o Paulo<\/strong>, v. 26, n.2, p. i, maio\/agos. 2015.<\/span><\/p>\n<p>&nbsp;<\/p>\n<p><span style=\"color: #000000\">PALM, R.D.C.M.; NIMTZ, M. A.; MANTOVANI, M. F.; MAFTUM, M. A. Forma\u00e7\u00e3o em Sa\u00fade Mental nos Cursos de Terapia Ocupacional da Regi\u00e3o Sul<strong>. Cogitare enferm<\/strong>.; 2015, v. 20, n. 2.<\/span><\/p>\n<p>&nbsp;<\/p>\n<p><span style=\"color: #000000\">THIEME, R. D.; PINTO, L. M.; MACEDO, D. S.; PALM, R. D. C. M.; SCHIEFERDECKER, E. M. Elabora\u00e7\u00e3o e implanta\u00e7\u00e3o de protocolo de alta respons\u00e1vel para idosos com doen\u00e7as cr\u00f4nicas hospitalizados e com necessidades alimentares especiais. <strong>Demetra<\/strong>; 2014; 9 (Supl.1); 269-286.<\/span><\/p>\n<p>&nbsp;<\/p>\n<p><span style=\"color: #000000\">BALLARIN, M. L. G. S.; PALM, R. D. C. M.; CARVALHO, F. B;; TOLDR\u00c1, R. C. Relato de experi\u00eancia: Metodologia da problematiza\u00e7\u00e3o no contexto das disciplinas Pr\u00e1ticas Terap\u00eauticas Supervisionadas. <strong>Cad. Ter. Ocup. UFSCar<\/strong>, S\u00e3o Carlos, v. 21, n. 3, p. 609-616, 2013. Dispon\u00edvel em: &lt;<a style=\"color: #000000\" href=\"http:\/\/dx.doi.org\/10.4322\/cto.2013.063\">http:\/\/dx.doi.org\/10.4322\/cto.2013.063<\/a>&gt;.<\/span><\/p>\n<p>&nbsp;<\/p>\n<p><span style=\"color: #000000\">PALM, R. D. C. M<strong>.<\/strong>; MALFITANO, A. Dossi\u00ea de Terapia Ocupacional em Contextos Hospitalares. <strong>Cad. Ter. Ocup. UFSCar<\/strong>, S\u00e3o Carlos, v. 20, p. 161-163, 2012.<\/span><\/p>\n<p>&nbsp;<\/p>\n<p><span style=\"color: #000000\">PALM, R. D.C. M.; OLIVER, F.; TOLDR\u00c1, R. C. VI Encontro Latino-Americano de Escolas e Docentes de Terapia Ocupacional. <strong>Rev. Ter. Ocup. Univ. S\u00e3o Paulo<\/strong>, v. 22, n.3, p. i, set.\/dez. 2011.<\/span><\/p>\n<p>&nbsp;<\/p>\n<p><span style=\"color: #000000\"><a style=\"color: #000000\" href=\"http:\/\/lattes.cnpq.br\/1370450030646953\">OLIVER, F.<\/a>;\u00a0<a style=\"color: #000000\" href=\"http:\/\/lattes.cnpq.br\/3389078362144309\">ALMEIDA, M. C.<\/a>; TOLDR\u00c1, R. C.;\u00a0GALHEIGO, S. M.; \u00a0<a style=\"color: #000000\" href=\"http:\/\/lattes.cnpq.br\/6613055696259126\">LANCMAN, S.<\/a>;\u00a0<a style=\"color: #000000\" href=\"http:\/\/lattes.cnpq.br\/1507752191797249\">LOPES, R. E.<\/a>; PALM, R. D.C. M. Desafios da educa\u00e7\u00e3o em Terapia Ocupacional na Am\u00e9rica Latina para a pr\u00f3xima d\u00e9cada. <strong>Rev. Ter. Ocup. Univ. S\u00e3o Paulo<\/strong>, v. 22, p. 298-307, 2011.<\/span><\/p>\n<p>&nbsp;<\/p>\n<p>&nbsp;<\/p>\n<p><span style=\"color: #000000\"><strong>CAT\u00c1LOGOS<\/strong><\/span><\/p>\n<p><span style=\"color: #000000\">PALM, R. D. C. M.; PEREIRA, R. A. B.; NICKEL, R. (Org.). <strong>Cat\u00e1logo do Curso de Terapia Ocupacional da Universidade Federal do Paran\u00e1<\/strong>. Curitiba: UFPR.\u00a0 2015. 93 p.<\/span><\/p>\n<p>&nbsp;<\/p>\n<p><span style=\"color: #000000\">PALM, R. D. C. M. <strong>Cat\u00e1logo Latinoamericano de Asociaciones, Carreras y Postgrados de Terapia Ocupacional<\/strong>. Curitiba. 2012. 97 p.<\/span><\/p>\n<p>&nbsp;<\/p>\n<p><span style=\"color: #000000\">NAVAS, A.; FERN\u00c1NDEZ, A.; PUCHE, A. R.; NAVARRETE, E. S.; MENGELBERG, E. G.; BOLA\u00d1OS, M. C. H.; PALM, R. D. C. M. <strong>Cat\u00e1logo Latinoamericano de Libros y Revistas de Terapia Ocupacional<\/strong>. 2012. 41 p.<\/span><\/p>\n<p>&nbsp;<\/p>\n<p><span style=\"color: #000000\">PALM, R. D. C. M.; P\u00c1DUA, E. M. M.. <strong>Cat\u00e1logo de Monografia<\/strong>: 1980 \u00e0 2002 &#8211; Pontif\u00edcia Universidade Cat\u00f3lica de Campinas. Campinas: PUC-Campinas. 2003.<\/span><\/p>\n<p>&nbsp;<\/p>\n<p>&nbsp;<\/p>\n<p><span style=\"color: #000000\"><strong>TESE DE DOUTORADO<\/strong><\/span><\/p>\n<p><span style=\"color: #000000\">PALM, R. D. C. M. <strong>Forma\u00e7\u00e3o em Sa\u00fade Mental nos cursos de Gradua\u00e7\u00e3o de Terapia Ocupacional da Regi\u00e3o Sul do Brasil<\/strong>. 136 fl. Tese (Doutorado em Enfermagem) \u2013 Departamento de P\u00f3s-Gradua\u00e7\u00e3o em Enfermagem, Universidade Federal do Paran\u00e1, 2014.<\/span><\/p>\n<p>&nbsp;<\/p>\n<p>&nbsp;<\/p>\n<div class=\"page min-width\"><\/div>\n","protected":false},"excerpt":{"rendered":"<p>Contato: profa.rosibeth.palm@ufpr.br Curr\u00edculo Lattes Terapeuta Ocupacional graduada pela PUC-Campinas em 1980. Doutora em Enfermagem pela Universidade Federal do Paran\u00e1 em 2014. Mestre em Sa\u00fade Coletiva pela Faculdade de Ci\u00eancias M\u00e9dicas da UNICAMP, em 2001. Especialista em Planejamento e Gerenciamento em [&hellip;]<\/p>\n","protected":false},"author":8,"featured_media":0,"parent":0,"menu_order":0,"comment_status":"open","ping_status":"open","template":"","meta":{"_acf_changed":false,"_uag_custom_page_level_css":"","footnotes":""},"class_list":["post-97","page","type-page","status-publish","hentry"],"acf":[],"featured_image_src":null,"uagb_featured_image_src":{"full":false,"thumbnail":false,"medium":false,"medium_large":false,"large":false,"1536x1536":false,"2048x2048":false},"uagb_author_info":{"display_name":"caiubidysarz","author_link":"https:\/\/saude.ufpr.br\/terapiaocupacional\/author\/caiubidysarz\/"},"uagb_comment_info":0,"uagb_excerpt":"Contato: profa.rosibeth.palm@ufpr.br Curr\u00edculo Lattes Terapeuta Ocupacional graduada pela PUC-Campinas em 1980. Doutora em Enfermagem pela Universidade Federal do Paran\u00e1 em 2014. Mestre em Sa\u00fade Coletiva pela Faculdade de Ci\u00eancias M\u00e9dicas da UNICAMP, em 2001. Especialista em Planejamento e Gerenciamento em [&hellip;]","publishpress_future_action":{"enabled":false,"date":"2026-05-02 20:39:14","action":"change-status","newStatus":"draft","terms":[],"taxonomy":"","extraData":[]},"publishpress_future_workflow_manual_trigger":{"enabledWorkflows":[]},"_links":{"self":[{"href":"https:\/\/saude.ufpr.br\/terapiaocupacional\/wp-json\/wp\/v2\/pages\/97","targetHints":{"allow":["GET"]}}],"collection":[{"href":"https:\/\/saude.ufpr.br\/terapiaocupacional\/wp-json\/wp\/v2\/pages"}],"about":[{"href":"https:\/\/saude.ufpr.br\/terapiaocupacional\/wp-json\/wp\/v2\/types\/page"}],"author":[{"embeddable":true,"href":"https:\/\/saude.ufpr.br\/terapiaocupacional\/wp-json\/wp\/v2\/users\/8"}],"replies":[{"embeddable":true,"href":"https:\/\/saude.ufpr.br\/terapiaocupacional\/wp-json\/wp\/v2\/comments?post=97"}],"version-history":[{"count":8,"href":"https:\/\/saude.ufpr.br\/terapiaocupacional\/wp-json\/wp\/v2\/pages\/97\/revisions"}],"predecessor-version":[{"id":1996,"href":"https:\/\/saude.ufpr.br\/terapiaocupacional\/wp-json\/wp\/v2\/pages\/97\/revisions\/1996"}],"wp:attachment":[{"href":"https:\/\/saude.ufpr.br\/terapiaocupacional\/wp-json\/wp\/v2\/media?parent=97"}],"curies":[{"name":"wp","href":"https:\/\/api.w.org\/{rel}","templated":true}]}}